{"id":12871,"date":"2020-04-02T09:27:05","date_gmt":"2020-04-02T07:27:05","guid":{"rendered":"https:\/\/www.rekers.de\/?page_id=12871"},"modified":"2023-03-28T16:22:13","modified_gmt":"2023-03-28T14:22:13","slug":"systeme-sandosit","status":"publish","type":"page","link":"https:\/\/www.rekers.de\/fr\/produits\/systeme-sandosit\/","title":{"rendered":"Syst\u00e8me Sandosit"},"content":{"rendered":"<div class=\"fusion-fullwidth fullwidth-box fusion-builder-row-1 nonhundred-percent-fullwidth non-hundred-percent-height-scrolling\" style=\"--awb-border-radius-top-left:0px;--awb-border-radius-top-right:0px;--awb-border-radius-bottom-right:0px;--awb-border-radius-bottom-left:0px;--awb-flex-wrap:wrap;\" ><div class=\"fusion-builder-row fusion-row\"><div class=\"fusion-layout-column fusion_builder_column fusion-builder-column-0 fusion_builder_column_2_3 2_3 fusion-two-third fusion-column-first\" style=\"--awb-bg-size:cover;width:66.666666666667%;width:calc(66.666666666667% - ( ( 4% ) * 0.66666666666667 ) );margin-right: 4%;\"><div class=\"fusion-column-wrapper fusion-column-has-shadow fusion-flex-column-wrapper-legacy\"><div class=\"fusion-title title fusion-title-1 fusion-sep-none fusion-title-text fusion-title-size-one\" style=\"--awb-margin-top-small:0px;--awb-margin-right-small:0px;--awb-margin-bottom-small:20px;--awb-margin-left-small:0px;\"><h1 class=\"fusion-title-heading title-heading-left\" style=\"margin:0;\">Syst\u00e8me Sandosit<\/h1><\/div><div class=\"fusion-text fusion-text-1\"><p>Le syst\u00e8me Sandosit est une \u00e9quipement de production d&rsquo;une nouvelle g\u00e9n\u00e9ration de produits l\u00e9gers destin\u00e9s aux industries du b\u00e9ton et de la construction.<\/p>\n<\/div><div class=\"fusion-text fusion-text-2\"><p><strong>Les avantages de Sandosit<\/strong><\/p>\n<\/div><div class=\"fusion-text fusion-text-3\"><p>Aucun autoclave n&rsquo;est requis pour produire l&rsquo;agr\u00e9gat Sandosit. Les produits Sandosit permettent un faible poids contr\u00f4lable de 350kg \/ m\u00b3 \u00e0 900kg \/ m\u00b3 et promettent une grande flexibilit\u00e9 gr\u00e2ce \u00e0 une granulom\u00e9trie de 0-2 mm, 2-4 mm, 4-6 mm et 6-12 mm. Ils impressionnent par leur haute isolation thermique, leur absorption d\u2019eau minimale et leur haute r\u00e9sistance au feu. La production de l&rsquo;agr\u00e9gat Sandosit est respectueuse de l&rsquo;environnement, il n&rsquo;y a donc pas d&rsquo;\u00e9missions de CO\u00b2. \u00c9tant donn\u00e9 que le sandosit peut \u00eatre r\u00e9utilis\u00e9 \u00e0 100%, il n&rsquo;y a pas de d\u00e9chets.<\/p>\n<\/div><div class=\"fusion-text fusion-text-4\"><p><strong>Applications Sandosit<\/strong><\/p>\n<\/div><div class=\"fusion-text fusion-text-5\"><p>L&rsquo;agr\u00e9gat Sandosit peut \u00eatre trait\u00e9 pour produire divers produits l\u00e9gers, tels que<\/p>\n<\/div><ul style=\"--awb-iconcolor:#005091;--awb-line-height:23.8px;--awb-icon-width:23.8px;--awb-icon-height:23.8px;--awb-icon-margin:9.8px;--awb-content-margin:33.6px;--awb-circlecolor:#ffffff;--awb-circle-yes-font-size:12.32px;\" class=\"fusion-checklist fusion-checklist-1 fusion-checklist-default type-icons\"><li class=\"fusion-li-item\" style=\"\"><span class=\"icon-wrapper circle-yes\"><i class=\"fusion-li-icon fa-angle-right fas\" aria-hidden=\"true\"><\/i><\/span><div class=\"fusion-li-item-content\">\n<p>Blocs l\u00e9gers \u00e0 haute isolation thermique<\/p>\n<\/div><\/li><li class=\"fusion-li-item\" style=\"\"><span class=\"icon-wrapper circle-yes\"><i class=\"fusion-li-icon fa-angle-right fas\" aria-hidden=\"true\"><\/i><\/span><div class=\"fusion-li-item-content\">\n<p>Elements pr\u00e9fabriqu\u00e9s en poids l\u00e9g\u00e8re<\/p>\n<\/div><\/li><li class=\"fusion-li-item\" style=\"\"><span class=\"icon-wrapper circle-yes\"><i class=\"fusion-li-icon fa-angle-right fas\" aria-hidden=\"true\"><\/i><\/span><div class=\"fusion-li-item-content\">\n<p>Elements pour enduit d&rsquo;isolation thermique et mortier l\u00e9ger \u00e0 haute valeur d&rsquo;isolation<\/p>\n<\/div><\/li><li class=\"fusion-li-item\" style=\"\"><span class=\"icon-wrapper circle-yes\"><i class=\"fusion-li-icon fa-angle-right fas\" aria-hidden=\"true\"><\/i><\/span><div class=\"fusion-li-item-content\">\n<p>Remplissage sous la chape (sol) et les toits<\/p>\n<\/div><\/li><li class=\"fusion-li-item\" style=\"\"><span class=\"icon-wrapper circle-yes\"><i class=\"fusion-li-icon fa-angle-right fas\" aria-hidden=\"true\"><\/i><\/span><div class=\"fusion-li-item-content\">\n<p>Mat\u00e9riau de remblayage pour la construction de pipelines, d&rsquo;\u00e9gouts, de maisons et de routes<\/p>\n<\/div><\/li><\/ul><div class=\"fusion-text fusion-text-6\">\n\t\t<style type=\"text\/css\">\n\t\t\t#gallery-1 {\n\t\t\t\tmargin: auto;\n\t\t\t}\n\t\t\t#gallery-1 .gallery-item {\n\t\t\t\tfloat: left;\n\t\t\t\tmargin-top: 10px;\n\t\t\t\ttext-align: center;\n\t\t\t\twidth: 33%;\n\t\t\t}\n\t\t\t#gallery-1 img {\n\t\t\t\tborder: 2px solid #cfcfcf;\n\t\t\t}\n\t\t\t#gallery-1 .gallery-caption {\n\t\t\t\tmargin-left: 0;\n\t\t\t}\n\t\t\t\/* see gallery_shortcode() in wp-includes\/media.php *\/\n\t\t<\/style>\n\t\t<div id='gallery-1' class='gallery galleryid-12871 gallery-columns-3 gallery-size-thumbnail'><dl class='gallery-item'>\n\t\t\t<dt class='gallery-icon portrait'>\n\t\t\t\t<a data-rel=\"iLightbox[postimages]\" data-title=\"20190305_140350\" data-caption=\"\" href='https:\/\/www.rekers.de\/wp-content\/uploads\/20190305_140350.jpg'><img decoding=\"async\" width=\"130\" height=\"130\" src=\"https:\/\/www.rekers.de\/wp-content\/uploads\/20190305_140350-130x130.jpg\" class=\"attachment-thumbnail size-thumbnail\" alt=\"\" srcset=\"https:\/\/www.rekers.de\/wp-content\/uploads\/20190305_140350-66x66.jpg 66w, https:\/\/www.rekers.de\/wp-content\/uploads\/20190305_140350-130x130.jpg 130w\" sizes=\"(max-width: 130px) 100vw, 130px\" \/><\/a>\n\t\t\t<\/dt><\/dl><dl class='gallery-item'>\n\t\t\t<dt class='gallery-icon landscape'>\n\t\t\t\t<a data-rel=\"iLightbox[postimages]\" data-title=\"20190305_141218\" data-caption=\"\" href='https:\/\/www.rekers.de\/wp-content\/uploads\/20190305_141218.jpg'><img decoding=\"async\" width=\"130\" height=\"130\" src=\"https:\/\/www.rekers.de\/wp-content\/uploads\/20190305_141218-130x130.jpg\" class=\"attachment-thumbnail size-thumbnail\" alt=\"\" srcset=\"https:\/\/www.rekers.de\/wp-content\/uploads\/20190305_141218-66x66.jpg 66w, https:\/\/www.rekers.de\/wp-content\/uploads\/20190305_141218-130x130.jpg 130w\" sizes=\"(max-width: 130px) 100vw, 130px\" \/><\/a>\n\t\t\t<\/dt><\/dl><dl class='gallery-item'>\n\t\t\t<dt class='gallery-icon landscape'>\n\t\t\t\t<a data-rel=\"iLightbox[postimages]\" data-title=\"20190315_084617\" data-caption=\"\" href='https:\/\/www.rekers.de\/wp-content\/uploads\/20190315_084617.jpg'><img decoding=\"async\" width=\"130\" height=\"130\" src=\"https:\/\/www.rekers.de\/wp-content\/uploads\/20190315_084617-130x130.jpg\" class=\"attachment-thumbnail size-thumbnail\" alt=\"\" srcset=\"https:\/\/www.rekers.de\/wp-content\/uploads\/20190315_084617-66x66.jpg 66w, https:\/\/www.rekers.de\/wp-content\/uploads\/20190315_084617-130x130.jpg 130w\" sizes=\"(max-width: 130px) 100vw, 130px\" \/><\/a>\n\t\t\t<\/dt><\/dl><br style=\"clear: both\" \/><dl class='gallery-item'>\n\t\t\t<dt class='gallery-icon landscape'>\n\t\t\t\t<a data-rel=\"iLightbox[postimages]\" data-title=\"2-6mm\" data-caption=\"\" href='https:\/\/www.rekers.de\/wp-content\/uploads\/2-6mm.jpg'><img decoding=\"async\" width=\"130\" height=\"130\" src=\"https:\/\/www.rekers.de\/wp-content\/uploads\/2-6mm-130x130.jpg\" class=\"attachment-thumbnail size-thumbnail\" alt=\"\" srcset=\"https:\/\/www.rekers.de\/wp-content\/uploads\/2-6mm-66x66.jpg 66w, https:\/\/www.rekers.de\/wp-content\/uploads\/2-6mm-130x130.jpg 130w\" sizes=\"(max-width: 130px) 100vw, 130px\" \/><\/a>\n\t\t\t<\/dt><\/dl><dl class='gallery-item'>\n\t\t\t<dt class='gallery-icon landscape'>\n\t\t\t\t<a data-rel=\"iLightbox[postimages]\" data-title=\"0-2mm\" data-caption=\"\" href='https:\/\/www.rekers.de\/wp-content\/uploads\/0-2mm.jpg'><img decoding=\"async\" width=\"130\" height=\"130\" src=\"https:\/\/www.rekers.de\/wp-content\/uploads\/0-2mm-130x130.jpg\" class=\"attachment-thumbnail size-thumbnail\" alt=\"\" srcset=\"https:\/\/www.rekers.de\/wp-content\/uploads\/0-2mm-66x66.jpg 66w, https:\/\/www.rekers.de\/wp-content\/uploads\/0-2mm-130x130.jpg 130w\" sizes=\"(max-width: 130px) 100vw, 130px\" \/><\/a>\n\t\t\t<\/dt><\/dl><dl class='gallery-item'>\n\t\t\t<dt class='gallery-icon landscape'>\n\t\t\t\t<a data-rel=\"iLightbox[postimages]\" data-title=\"0-2mm-2-6mm\" data-caption=\"\" href='https:\/\/www.rekers.de\/wp-content\/uploads\/0-2mm-2-6mm.jpg'><img decoding=\"async\" width=\"130\" height=\"130\" src=\"https:\/\/www.rekers.de\/wp-content\/uploads\/0-2mm-2-6mm-130x130.jpg\" class=\"attachment-thumbnail size-thumbnail\" alt=\"\" srcset=\"https:\/\/www.rekers.de\/wp-content\/uploads\/0-2mm-2-6mm-66x66.jpg 66w, https:\/\/www.rekers.de\/wp-content\/uploads\/0-2mm-2-6mm-130x130.jpg 130w\" sizes=\"(max-width: 130px) 100vw, 130px\" \/><\/a>\n\t\t\t<\/dt><\/dl><br style=\"clear: both\" \/>\n\t\t<\/div>\n\n<\/div><div class=\"fusion-clearfix\"><\/div><\/div><\/div><div class=\"fusion-layout-column fusion_builder_column fusion-builder-column-1 fusion_builder_column_1_3 1_3 fusion-one-third fusion-column-last\" style=\"--awb-bg-size:cover;width:33.333333333333%;width:calc(33.333333333333% - ( ( 4% ) * 0.33333333333333 ) );\"><div class=\"fusion-column-wrapper fusion-column-has-shadow fusion-flex-column-wrapper-legacy\"><div class=\"fusion-image-element in-legacy-container\" style=\"--awb-caption-title-font-family:var(--h2_typography-font-family);--awb-caption-title-font-weight:var(--h2_typography-font-weight);--awb-caption-title-font-style:var(--h2_typography-font-style);--awb-caption-title-size:var(--h2_typography-font-size);--awb-caption-title-transform:var(--h2_typography-text-transform);--awb-caption-title-line-height:var(--h2_typography-line-height);--awb-caption-title-letter-spacing:var(--h2_typography-letter-spacing);\"><span class=\" fusion-imageframe imageframe-none imageframe-1 hover-type-none\"><a class=\"fusion-no-lightbox\" href=\"https:\/\/www.rekers.de\/wp-content\/uploads\/Sandosit_2022_de-fr-1.pdf\" target=\"_blank\" aria-label=\"teaser-DL-Prospekte\" rel=\"noopener noreferrer\"><img decoding=\"async\" width=\"300\" height=\"210\" src=\"https:\/\/www.rekers.de\/wp-content\/uploads\/teaser-DL-Prospekte-2.jpg\" alt class=\"img-responsive wp-image-7004\" srcset=\"https:\/\/www.rekers.de\/wp-content\/uploads\/teaser-DL-Prospekte-2-200x140.jpg 200w, https:\/\/www.rekers.de\/wp-content\/uploads\/teaser-DL-Prospekte-2.jpg 300w\" sizes=\"(max-width: 800px) 100vw, 300px\" \/><\/a><\/span><\/div><div class=\"fusion-clearfix\"><\/div><\/div><\/div><\/div><\/div>\n","protected":false},"excerpt":{"rendered":"","protected":false},"author":1,"featured_media":0,"parent":2003,"menu_order":0,"comment_status":"closed","ping_status":"closed","template":"","meta":{"footnotes":""},"class_list":["post-12871","page","type-page","status-publish","hentry"],"aioseo_notices":[],"_links":{"self":[{"href":"https:\/\/www.rekers.de\/fr\/wp-json\/wp\/v2\/pages\/12871","targetHints":{"allow":["GET"]}}],"collection":[{"href":"https:\/\/www.rekers.de\/fr\/wp-json\/wp\/v2\/pages"}],"about":[{"href":"https:\/\/www.rekers.de\/fr\/wp-json\/wp\/v2\/types\/page"}],"author":[{"embeddable":true,"href":"https:\/\/www.rekers.de\/fr\/wp-json\/wp\/v2\/users\/1"}],"replies":[{"embeddable":true,"href":"https:\/\/www.rekers.de\/fr\/wp-json\/wp\/v2\/comments?post=12871"}],"version-history":[{"count":5,"href":"https:\/\/www.rekers.de\/fr\/wp-json\/wp\/v2\/pages\/12871\/revisions"}],"predecessor-version":[{"id":20969,"href":"https:\/\/www.rekers.de\/fr\/wp-json\/wp\/v2\/pages\/12871\/revisions\/20969"}],"up":[{"embeddable":true,"href":"https:\/\/www.rekers.de\/fr\/wp-json\/wp\/v2\/pages\/2003"}],"wp:attachment":[{"href":"https:\/\/www.rekers.de\/fr\/wp-json\/wp\/v2\/media?parent=12871"}],"curies":[{"name":"wp","href":"https:\/\/api.w.org\/{rel}","templated":true}]}}