{"id":2017,"date":"2015-11-09T12:26:52","date_gmt":"2015-11-09T11:26:52","guid":{"rendered":"https:\/\/informix.rekers.de\/fr\/produits\/schwellenhandling\/"},"modified":"2024-10-08T09:29:11","modified_gmt":"2024-10-08T07:29:11","slug":"manutention-de-traverses","status":"publish","type":"page","link":"https:\/\/www.rekers.de\/fr\/produits\/manutention-de-traverses\/","title":{"rendered":"Manutention de traverses"},"content":{"rendered":"<div class=\"fusion-fullwidth fullwidth-box fusion-builder-row-1 hundred-percent-fullwidth non-hundred-percent-height-scrolling\" style=\"--awb-border-radius-top-left:0px;--awb-border-radius-top-right:0px;--awb-border-radius-bottom-right:0px;--awb-border-radius-bottom-left:0px;--awb-overflow:visible;--awb-flex-wrap:wrap;\" ><div class=\"fusion-builder-row fusion-row\"><div class=\"fusion-layout-column fusion_builder_column fusion-builder-column-0 fusion_builder_column_2_3 2_3 fusion-two-third fusion-column-first\" style=\"--awb-bg-size:cover;width:65.3333%; margin-right: 4%;\"><div class=\"fusion-column-wrapper fusion-flex-column-wrapper-legacy\"><div class=\"fusion-title title fusion-title-1 fusion-sep-none fusion-title-text fusion-title-size-one\" style=\"--awb-margin-top-small:0px;--awb-margin-right-small:0px;--awb-margin-bottom-small:20px;--awb-margin-left-small:0px;\"><h1 class=\"fusion-title-heading title-heading-left\" style=\"margin:0;\">Manutention de traverses<\/h1><\/div><div class=\"fusion-sep-clear\"><\/div><div class=\"fusion-separator fusion-full-width-sep\" style=\"margin-left: auto;margin-right: auto;margin-bottom:20px;width:100%;\"><\/div><div class=\"fusion-sep-clear\"><\/div><div class=\"fusion-text fusion-text-1\"><p><strong>\u00c9l\u00e9ments traces.<\/strong> Les traverses en b\u00e9ton pr\u00e9contraint de type B70 sont utilis\u00e9es des millions. Par leur longue dur\u00e9e de vie d\u2019environ 40 ans et leur bonne stabilit\u00e9 de position, ils font un composant de voie ferr\u00e9e privil\u00e9gi\u00e9 et fortement demand\u00e9 par de nombreuses entreprises ferroviaires.<\/p>\n<p><strong>Athl\u00e8tes lourds.<\/strong> Les composants d\u2019un longueur de 2,5 m doivent leur bonne stabilit\u00e9 de position \u00e0 leur poids d&rsquo;env. 300 kilos. Ces masses repr\u00e9sentent un d\u00e9fi particulier pour les machines utilis\u00e9es dans le processus de fabrication.<\/p>\n<p><strong>Voie libre pour une qualit\u00e9 document\u00e9e.<\/strong> Les exigences de qualit\u00e9 strictes qui s&rsquo;appliquent aux traverses de chemin de fer ne sont pas des moindres. REKERS vous accompagne lors de la fabrication efficace et lors de la documentation et du contr\u00f4le qualit\u00e9 informatis\u00e9s.<\/p>\n<\/div><div class=\"fusion-text fusion-text-2\">\n\t\t<style type=\"text\/css\">\n\t\t\t#gallery-1 {\n\t\t\t\tmargin: auto;\n\t\t\t}\n\t\t\t#gallery-1 .gallery-item {\n\t\t\t\tfloat: left;\n\t\t\t\tmargin-top: 10px;\n\t\t\t\ttext-align: center;\n\t\t\t\twidth: 33%;\n\t\t\t}\n\t\t\t#gallery-1 img {\n\t\t\t\tborder: 2px solid #cfcfcf;\n\t\t\t}\n\t\t\t#gallery-1 .gallery-caption {\n\t\t\t\tmargin-left: 0;\n\t\t\t}\n\t\t\t\/* see gallery_shortcode() in wp-includes\/media.php *\/\n\t\t<\/style>\n\t\t<div id='gallery-1' class='gallery galleryid-2017 gallery-columns-3 gallery-size-thumbnail'><dl class='gallery-item'>\n\t\t\t<dt class='gallery-icon portrait'>\n\t\t\t\t<a data-rel=\"iLightbox[postimages]\" data-title=\"Schwellenhandling-(5)\" data-caption=\"\" href='https:\/\/www.rekers.de\/wp-content\/uploads\/2015\/11\/Schwellenhandling-5.jpg'><img decoding=\"async\" width=\"130\" height=\"130\" src=\"https:\/\/www.rekers.de\/wp-content\/uploads\/2015\/11\/Schwellenhandling-5-130x130.jpg\" class=\"attachment-thumbnail size-thumbnail\" alt=\"\" srcset=\"https:\/\/www.rekers.de\/wp-content\/uploads\/2015\/11\/Schwellenhandling-5-66x66.jpg 66w, https:\/\/www.rekers.de\/wp-content\/uploads\/2015\/11\/Schwellenhandling-5-130x130.jpg 130w\" sizes=\"(max-width: 130px) 100vw, 130px\" \/><\/a>\n\t\t\t<\/dt><\/dl><dl class='gallery-item'>\n\t\t\t<dt class='gallery-icon portrait'>\n\t\t\t\t<a data-rel=\"iLightbox[postimages]\" data-title=\"Schwellenhandling-(6)\" data-caption=\"\" href='https:\/\/www.rekers.de\/wp-content\/uploads\/2015\/11\/Schwellenhandling-6.jpg'><img decoding=\"async\" width=\"130\" height=\"130\" src=\"https:\/\/www.rekers.de\/wp-content\/uploads\/2015\/11\/Schwellenhandling-6-130x130.jpg\" class=\"attachment-thumbnail size-thumbnail\" alt=\"\" srcset=\"https:\/\/www.rekers.de\/wp-content\/uploads\/2015\/11\/Schwellenhandling-6-66x66.jpg 66w, https:\/\/www.rekers.de\/wp-content\/uploads\/2015\/11\/Schwellenhandling-6-130x130.jpg 130w\" sizes=\"(max-width: 130px) 100vw, 130px\" \/><\/a>\n\t\t\t<\/dt><\/dl><dl class='gallery-item'>\n\t\t\t<dt class='gallery-icon portrait'>\n\t\t\t\t<a data-rel=\"iLightbox[postimages]\" data-title=\"Schwellenhandling-(7)\" data-caption=\"\" href='https:\/\/www.rekers.de\/wp-content\/uploads\/2015\/11\/Schwellenhandling-7.jpg'><img decoding=\"async\" width=\"130\" height=\"130\" src=\"https:\/\/www.rekers.de\/wp-content\/uploads\/2015\/11\/Schwellenhandling-7-130x130.jpg\" class=\"attachment-thumbnail size-thumbnail\" alt=\"\" srcset=\"https:\/\/www.rekers.de\/wp-content\/uploads\/2015\/11\/Schwellenhandling-7-66x66.jpg 66w, https:\/\/www.rekers.de\/wp-content\/uploads\/2015\/11\/Schwellenhandling-7-130x130.jpg 130w\" sizes=\"(max-width: 130px) 100vw, 130px\" \/><\/a>\n\t\t\t<\/dt><\/dl><br style=\"clear: both\" \/><dl class='gallery-item'>\n\t\t\t<dt class='gallery-icon landscape'>\n\t\t\t\t<a data-rel=\"iLightbox[postimages]\" data-title=\"Schwellenhandling-(10)\" data-caption=\"\" href='https:\/\/www.rekers.de\/wp-content\/uploads\/2015\/11\/Schwellenhandling-10.jpg'><img decoding=\"async\" width=\"130\" height=\"130\" src=\"https:\/\/www.rekers.de\/wp-content\/uploads\/2015\/11\/Schwellenhandling-10-130x130.jpg\" class=\"attachment-thumbnail size-thumbnail\" alt=\"\" srcset=\"https:\/\/www.rekers.de\/wp-content\/uploads\/2015\/11\/Schwellenhandling-10-66x66.jpg 66w, https:\/\/www.rekers.de\/wp-content\/uploads\/2015\/11\/Schwellenhandling-10-130x130.jpg 130w\" sizes=\"(max-width: 130px) 100vw, 130px\" \/><\/a>\n\t\t\t<\/dt><\/dl><dl class='gallery-item'>\n\t\t\t<dt class='gallery-icon landscape'>\n\t\t\t\t<a data-rel=\"iLightbox[postimages]\" data-title=\"Schwellenhandling-(9)\" data-caption=\"\" href='https:\/\/www.rekers.de\/wp-content\/uploads\/2015\/11\/Schwellenhandling-9.jpg'><img decoding=\"async\" width=\"130\" height=\"130\" src=\"https:\/\/www.rekers.de\/wp-content\/uploads\/2015\/11\/Schwellenhandling-9-130x130.jpg\" class=\"attachment-thumbnail size-thumbnail\" alt=\"\" srcset=\"https:\/\/www.rekers.de\/wp-content\/uploads\/2015\/11\/Schwellenhandling-9-66x66.jpg 66w, https:\/\/www.rekers.de\/wp-content\/uploads\/2015\/11\/Schwellenhandling-9-130x130.jpg 130w\" sizes=\"(max-width: 130px) 100vw, 130px\" \/><\/a>\n\t\t\t<\/dt><\/dl><dl class='gallery-item'>\n\t\t\t<dt class='gallery-icon landscape'>\n\t\t\t\t<a data-rel=\"iLightbox[postimages]\" data-title=\"Schwellenhandling-(8)\" data-caption=\"\" href='https:\/\/www.rekers.de\/wp-content\/uploads\/2015\/11\/Schwellenhandling-8.jpg'><img decoding=\"async\" width=\"130\" height=\"130\" src=\"https:\/\/www.rekers.de\/wp-content\/uploads\/2015\/11\/Schwellenhandling-8-130x130.jpg\" class=\"attachment-thumbnail size-thumbnail\" alt=\"\" srcset=\"https:\/\/www.rekers.de\/wp-content\/uploads\/2015\/11\/Schwellenhandling-8-66x66.jpg 66w, https:\/\/www.rekers.de\/wp-content\/uploads\/2015\/11\/Schwellenhandling-8-130x130.jpg 130w\" sizes=\"(max-width: 130px) 100vw, 130px\" \/><\/a>\n\t\t\t<\/dt><\/dl><br style=\"clear: both\" \/><dl class='gallery-item'>\n\t\t\t<dt class='gallery-icon landscape'>\n\t\t\t\t<a data-rel=\"iLightbox[postimages]\" data-title=\"Schwellenhandling-(12)\" data-caption=\"\" href='https:\/\/www.rekers.de\/wp-content\/uploads\/2015\/11\/Schwellenhandling-12.jpg'><img decoding=\"async\" width=\"130\" height=\"130\" src=\"https:\/\/www.rekers.de\/wp-content\/uploads\/2015\/11\/Schwellenhandling-12-130x130.jpg\" class=\"attachment-thumbnail size-thumbnail\" alt=\"\" srcset=\"https:\/\/www.rekers.de\/wp-content\/uploads\/2015\/11\/Schwellenhandling-12-66x66.jpg 66w, https:\/\/www.rekers.de\/wp-content\/uploads\/2015\/11\/Schwellenhandling-12-130x130.jpg 130w\" sizes=\"(max-width: 130px) 100vw, 130px\" \/><\/a>\n\t\t\t<\/dt><\/dl><dl class='gallery-item'>\n\t\t\t<dt class='gallery-icon landscape'>\n\t\t\t\t<a data-rel=\"iLightbox[postimages]\" data-title=\"Schwellenhandling-(11)\" data-caption=\"\" href='https:\/\/www.rekers.de\/wp-content\/uploads\/2015\/11\/Schwellenhandling-11.jpg'><img decoding=\"async\" width=\"130\" height=\"130\" src=\"https:\/\/www.rekers.de\/wp-content\/uploads\/2015\/11\/Schwellenhandling-11-130x130.jpg\" class=\"attachment-thumbnail size-thumbnail\" alt=\"\" srcset=\"https:\/\/www.rekers.de\/wp-content\/uploads\/2015\/11\/Schwellenhandling-11-66x66.jpg 66w, https:\/\/www.rekers.de\/wp-content\/uploads\/2015\/11\/Schwellenhandling-11-130x130.jpg 130w\" sizes=\"(max-width: 130px) 100vw, 130px\" \/><\/a>\n\t\t\t<\/dt><\/dl><dl class='gallery-item'>\n\t\t\t<dt class='gallery-icon landscape'>\n\t\t\t\t<a data-rel=\"iLightbox[postimages]\" data-title=\"Schwellenhandling-(13)\" data-caption=\"\" href='https:\/\/www.rekers.de\/wp-content\/uploads\/2015\/11\/Schwellenhandling-13.jpg'><img decoding=\"async\" width=\"130\" height=\"130\" src=\"https:\/\/www.rekers.de\/wp-content\/uploads\/2015\/11\/Schwellenhandling-13-130x130.jpg\" class=\"attachment-thumbnail size-thumbnail\" alt=\"\" srcset=\"https:\/\/www.rekers.de\/wp-content\/uploads\/2015\/11\/Schwellenhandling-13-66x66.jpg 66w, https:\/\/www.rekers.de\/wp-content\/uploads\/2015\/11\/Schwellenhandling-13-130x130.jpg 130w\" sizes=\"(max-width: 130px) 100vw, 130px\" \/><\/a>\n\t\t\t<\/dt><\/dl><br style=\"clear: both\" \/><dl class='gallery-item'>\n\t\t\t<dt class='gallery-icon landscape'>\n\t\t\t\t<a data-rel=\"iLightbox[postimages]\" data-title=\"Schwellenhandling-(2)\" data-caption=\"\" href='https:\/\/www.rekers.de\/wp-content\/uploads\/2015\/11\/Schwellenhandling-2.jpg'><img decoding=\"async\" width=\"130\" height=\"130\" src=\"https:\/\/www.rekers.de\/wp-content\/uploads\/2015\/11\/Schwellenhandling-2-130x130.jpg\" class=\"attachment-thumbnail size-thumbnail\" alt=\"\" srcset=\"https:\/\/www.rekers.de\/wp-content\/uploads\/2015\/11\/Schwellenhandling-2-66x66.jpg 66w, https:\/\/www.rekers.de\/wp-content\/uploads\/2015\/11\/Schwellenhandling-2-130x130.jpg 130w\" sizes=\"(max-width: 130px) 100vw, 130px\" \/><\/a>\n\t\t\t<\/dt><\/dl><dl class='gallery-item'>\n\t\t\t<dt class='gallery-icon landscape'>\n\t\t\t\t<a data-rel=\"iLightbox[postimages]\" data-title=\"Schwellenhandling-(4)\" data-caption=\"\" href='https:\/\/www.rekers.de\/wp-content\/uploads\/2015\/11\/Schwellenhandling-4.jpg'><img decoding=\"async\" width=\"130\" height=\"130\" src=\"https:\/\/www.rekers.de\/wp-content\/uploads\/2015\/11\/Schwellenhandling-4-130x130.jpg\" class=\"attachment-thumbnail size-thumbnail\" alt=\"\" srcset=\"https:\/\/www.rekers.de\/wp-content\/uploads\/2015\/11\/Schwellenhandling-4-66x66.jpg 66w, https:\/\/www.rekers.de\/wp-content\/uploads\/2015\/11\/Schwellenhandling-4-130x130.jpg 130w\" sizes=\"(max-width: 130px) 100vw, 130px\" \/><\/a>\n\t\t\t<\/dt><\/dl><dl class='gallery-item'>\n\t\t\t<dt class='gallery-icon landscape'>\n\t\t\t\t<a data-rel=\"iLightbox[postimages]\" data-title=\"Schwellenhandling-(3)\" data-caption=\"\" href='https:\/\/www.rekers.de\/wp-content\/uploads\/2015\/11\/Schwellenhandling-3.jpg'><img decoding=\"async\" width=\"130\" height=\"130\" src=\"https:\/\/www.rekers.de\/wp-content\/uploads\/2015\/11\/Schwellenhandling-3-130x130.jpg\" class=\"attachment-thumbnail size-thumbnail\" alt=\"\" srcset=\"https:\/\/www.rekers.de\/wp-content\/uploads\/2015\/11\/Schwellenhandling-3-66x66.jpg 66w, https:\/\/www.rekers.de\/wp-content\/uploads\/2015\/11\/Schwellenhandling-3-130x130.jpg 130w\" sizes=\"(max-width: 130px) 100vw, 130px\" \/><\/a>\n\t\t\t<\/dt><\/dl><br style=\"clear: both\" \/><dl class='gallery-item'>\n\t\t\t<dt class='gallery-icon landscape'>\n\t\t\t\t<a data-rel=\"iLightbox[postimages]\" data-title=\"Schwellenhandling-(14)\" data-caption=\"\" href='https:\/\/www.rekers.de\/wp-content\/uploads\/2015\/11\/Schwellenhandling-14.jpg'><img decoding=\"async\" width=\"130\" height=\"130\" src=\"https:\/\/www.rekers.de\/wp-content\/uploads\/2015\/11\/Schwellenhandling-14-130x130.jpg\" class=\"attachment-thumbnail size-thumbnail\" alt=\"\" srcset=\"https:\/\/www.rekers.de\/wp-content\/uploads\/2015\/11\/Schwellenhandling-14-66x66.jpg 66w, https:\/\/www.rekers.de\/wp-content\/uploads\/2015\/11\/Schwellenhandling-14-130x130.jpg 130w\" sizes=\"(max-width: 130px) 100vw, 130px\" \/><\/a>\n\t\t\t<\/dt><\/dl><dl class='gallery-item'>\n\t\t\t<dt class='gallery-icon landscape'>\n\t\t\t\t<a data-rel=\"iLightbox[postimages]\" data-title=\"Schwellenhandling-(1)\" data-caption=\"\" href='https:\/\/www.rekers.de\/wp-content\/uploads\/2015\/11\/Schwellenhandling-1.jpg'><img decoding=\"async\" width=\"130\" height=\"130\" src=\"https:\/\/www.rekers.de\/wp-content\/uploads\/2015\/11\/Schwellenhandling-1-130x130.jpg\" class=\"attachment-thumbnail size-thumbnail\" alt=\"\" srcset=\"https:\/\/www.rekers.de\/wp-content\/uploads\/2015\/11\/Schwellenhandling-1-66x66.jpg 66w, https:\/\/www.rekers.de\/wp-content\/uploads\/2015\/11\/Schwellenhandling-1-130x130.jpg 130w\" sizes=\"(max-width: 130px) 100vw, 130px\" \/><\/a>\n\t\t\t<\/dt><\/dl>\n\t\t\t<br style='clear: both' \/>\n\t\t<\/div>\n\n<\/div><div class=\"fusion-clearfix\"><\/div><\/div><\/div><div class=\"fusion-layout-column fusion_builder_column fusion-builder-column-1 fusion_builder_column_1_3 1_3 fusion-one-third fusion-column-last\" style=\"--awb-bg-size:cover;width:30.6666%;\"><div class=\"fusion-column-wrapper fusion-flex-column-wrapper-legacy\"><div class=\"fusion-image-element in-legacy-container\" style=\"--awb-caption-title-font-family:var(--h2_typography-font-family);--awb-caption-title-font-weight:var(--h2_typography-font-weight);--awb-caption-title-font-style:var(--h2_typography-font-style);--awb-caption-title-size:var(--h2_typography-font-size);--awb-caption-title-transform:var(--h2_typography-text-transform);--awb-caption-title-line-height:var(--h2_typography-line-height);--awb-caption-title-letter-spacing:var(--h2_typography-letter-spacing);\"><span class=\" fusion-imageframe imageframe-none imageframe-1 hover-type-none\"><a class=\"fusion-no-lightbox\" href=\"https:\/\/www.rekers.de\/wp-content\/uploads\/REKERS_Schwellenproduktion-DE-FR-1.pdf\" target=\"_self\" aria-label=\"but-technische-daten_de\"><img decoding=\"async\" width=\"250\" height=\"197\" src=\"https:\/\/www.rekers.de\/wp-content\/uploads\/2015\/11\/but-technische-daten_de.jpg\" alt class=\"img-responsive wp-image-9053\"\/><\/a><\/span><\/div><div class=\"fusion-clearfix\"><\/div><\/div><\/div><\/div><\/div>\n","protected":false},"excerpt":{"rendered":"","protected":false},"author":2,"featured_media":0,"parent":2003,"menu_order":10,"comment_status":"closed","ping_status":"closed","template":"","meta":{"footnotes":""},"class_list":["post-2017","page","type-page","status-publish","hentry"],"aioseo_notices":[],"_links":{"self":[{"href":"https:\/\/www.rekers.de\/fr\/wp-json\/wp\/v2\/pages\/2017","targetHints":{"allow":["GET"]}}],"collection":[{"href":"https:\/\/www.rekers.de\/fr\/wp-json\/wp\/v2\/pages"}],"about":[{"href":"https:\/\/www.rekers.de\/fr\/wp-json\/wp\/v2\/types\/page"}],"author":[{"embeddable":true,"href":"https:\/\/www.rekers.de\/fr\/wp-json\/wp\/v2\/users\/2"}],"replies":[{"embeddable":true,"href":"https:\/\/www.rekers.de\/fr\/wp-json\/wp\/v2\/comments?post=2017"}],"version-history":[{"count":6,"href":"https:\/\/www.rekers.de\/fr\/wp-json\/wp\/v2\/pages\/2017\/revisions"}],"predecessor-version":[{"id":21859,"href":"https:\/\/www.rekers.de\/fr\/wp-json\/wp\/v2\/pages\/2017\/revisions\/21859"}],"up":[{"embeddable":true,"href":"https:\/\/www.rekers.de\/fr\/wp-json\/wp\/v2\/pages\/2003"}],"wp:attachment":[{"href":"https:\/\/www.rekers.de\/fr\/wp-json\/wp\/v2\/media?parent=2017"}],"curies":[{"name":"wp","href":"https:\/\/api.w.org\/{rel}","templated":true}]}}