{"id":2027,"date":"2015-11-09T12:27:24","date_gmt":"2015-11-09T11:27:24","guid":{"rendered":"https:\/\/informix.rekers.de\/fr\/produits\/steuerungen\/"},"modified":"2017-01-30T11:50:43","modified_gmt":"2017-01-30T10:50:43","slug":"commandes","status":"publish","type":"page","link":"https:\/\/www.rekers.de\/fr\/produits\/commandes\/","title":{"rendered":"Commandes"},"content":{"rendered":"<div class=\"fusion-fullwidth fullwidth-box fusion-builder-row-1 hundred-percent-fullwidth non-hundred-percent-height-scrolling\" style=\"--awb-border-radius-top-left:0px;--awb-border-radius-top-right:0px;--awb-border-radius-bottom-right:0px;--awb-border-radius-bottom-left:0px;--awb-overflow:visible;--awb-flex-wrap:wrap;\" ><div class=\"fusion-builder-row fusion-row\"><div class=\"fusion-layout-column fusion_builder_column fusion-builder-column-0 fusion_builder_column_2_3 2_3 fusion-two-third fusion-column-first\" style=\"--awb-bg-size:cover;width:65.3333%; margin-right: 4%;\"><div class=\"fusion-column-wrapper fusion-flex-column-wrapper-legacy\"><div class=\"fusion-title title fusion-title-1 fusion-sep-none fusion-title-text fusion-title-size-one\" style=\"--awb-margin-top-small:0px;--awb-margin-right-small:0px;--awb-margin-bottom-small:20px;--awb-margin-left-small:0px;\"><h1 class=\"fusion-title-heading title-heading-left\" style=\"margin:0;\">Commandes<\/h1><\/div><div class=\"fusion-text fusion-text-1\"><p><strong>Efficacit\u00e9 interconnect\u00e9e<\/strong>. L&rsquo;interconnexion de toutes les commandes (CPM) avec un serveur Windows-NT via Profibus permet un \u00e9change d&rsquo;informations rapide entre les diff\u00e9rents processus.<\/p>\n<p>Nos sp\u00e9cialistes exp\u00e9riment\u00e9s planifient et d\u00e9veloppent des commandes robustes et efficaces qui garantissent un fonctionnement fiable. La technologie privil\u00e9gi\u00e9e de \u00ab bus \u00bb r\u00e9duit ainsi les co\u00fbts de c\u00e2blage au minimum. Caract\u00e9ristique particuli\u00e8re : L&rsquo;intervention dans les processus en cours ou commandes est possible \u00e0 partir de chaque pupitre de commande de l&rsquo;installation.<\/p>\n<p>.<\/p>\n<p><a href=\"http:\/\/informix.rekers.de\/wp-content\/uploads\/Steuerung-Fernwartung-DEU_ENG.jpg\" rel=\"attachment wp-att-816\"><img decoding=\"async\" class=\"alignnone size-full wp-image-816\" src=\"http:\/\/informix.rekers.de\/wp-content\/uploads\/Steuerung-Fernwartung-DEU_ENG.jpg\" alt=\"Steuerung-Fernwartung-DEU_ENG\" width=\"971\" height=\"566\" srcset=\"https:\/\/www.rekers.de\/wp-content\/uploads\/Steuerung-Fernwartung-DEU_ENG-300x175.jpg 300w, https:\/\/www.rekers.de\/wp-content\/uploads\/Steuerung-Fernwartung-DEU_ENG.jpg 971w\" sizes=\"(max-width: 971px) 100vw, 971px\" \/><\/a><\/p>\n<p><strong>Interface humaine.<\/strong> Les surfaces de commande claires et intuitives dans un affichage connu \u00ab Windows \u00bb font de la s\u00e9lection et de la saisie des param\u00e8tres un babiole. Les nombreuses fonctionnalit\u00e9s de la commande sont situ\u00e9es dans les syst\u00e8mes de visualisation des machines individuelles. Les bases de donn\u00e9es, programm\u00e9es dans un environnement Windows ultra-moderne, g\u00e8rent les param\u00e8tres de produits et droits d&rsquo;acc\u00e8s, enregistrent les donn\u00e9es d&rsquo;exploitation et erreurs. Elles mettent alors ces donn\u00e9es \u00e0 disposition des syst\u00e8mes informatiques connect\u00e9s. Il va sans dire que des impressions de listes avec de nombreuses options de filtre ou interfaces SAP sont \u00e9galement possibles.<\/p>\n<p>Voir et comprendre. Les \u00e9tats des \u00e9quipements sont affich\u00e9s de mani\u00e8re claire \u00e0 l&rsquo;aide d&rsquo;affichages enti\u00e8rement graphiques des machines. Les messages d&rsquo;erreur sont affich\u00e9s graphiquement et en texte clair \u00e0 l&rsquo;\u00e9cran. Les affichages de donn\u00e9es op\u00e9rationnelles avec l\u2019assistance graphique donnent une vue d&rsquo;ensemble de l&rsquo;\u00e9tat actuel de la production.<\/p>\n<p><a href=\"http:\/\/informix.rekers.de\/wp-content\/uploads\/Steuerung-Mischanlage.jpg\" rel=\"attachment wp-att-818\"><img decoding=\"async\" class=\"alignnone size-full wp-image-818\" src=\"http:\/\/informix.rekers.de\/wp-content\/uploads\/Steuerung-Mischanlage.jpg\" alt=\"Steuerung-Mischanlage\" width=\"900\" height=\"564\" srcset=\"https:\/\/www.rekers.de\/wp-content\/uploads\/Steuerung-Mischanlage-300x188.jpg 300w, https:\/\/www.rekers.de\/wp-content\/uploads\/Steuerung-Mischanlage-320x202.jpg 320w, https:\/\/www.rekers.de\/wp-content\/uploads\/Steuerung-Mischanlage.jpg 900w\" sizes=\"(max-width: 900px) 100vw, 900px\" \/><\/a><\/p>\n<p>Rekers est homologu\u00e9 UL selon NITW E 191471<\/p>\n<p>Les commandes REKERS pour installations de dosage et de m\u00e9lange ont \u00e9t\u00e9 \u00e9prouv\u00e9es des centaines de fois et se caract\u00e9risent par des surfaces de commande intuitives, une programmation r\u00e9fl\u00e9chie, un logiciel autoprogrammable et une commande adapt\u00e9e \u00e0 la pratique. Chacune de nos commandes est optimis\u00e9e en fonction des exigences individuelles du client et de l&rsquo;installation \u00e0 commander.<\/p>\n<p>Retrofit \u2013 Le programme de modernisation des commandes d&rsquo;installation. L&rsquo;objectif des mesures de modernisation (Retrofit) est d&rsquo;augmenter la productivit\u00e9 et la disponibilit\u00e9 des machines et des installations dans l&rsquo;usine \u00e0 b\u00e9ton. Les anciennes machines et installations sont g\u00e9n\u00e9ralement encore dans un bon \u00e9tat m\u00e9canique gr\u00e2ce \u00e0 la maintenance pr\u00e9ventive. La technique de commande, d&rsquo;entra\u00eenement ou \u00e9galement de s\u00e9curit\u00e9 ne correspond cependant plus aux normes actuelles. Dans la plupart des cas, les sous-traitants ont arr\u00eat\u00e9 la production de composants \u00e9prouv\u00e9s de sorte qu&rsquo;ils ne peuvent pas \u00eatre remplac\u00e9s en cas de panne. Avec des mesures de modernisation, ces composants obsol\u00e8ts sont remplac\u00e9s ou compl\u00e9t\u00e9s par des composants et technologies modernes et d&rsquo;actualit\u00e9. L&rsquo;objectif est une ex\u00e9cution fiable de la technique de commande et d&rsquo;entra\u00eenement pour une disponibilit\u00e9 optimis\u00e9e de votre installation de production et manutention.<\/p>\n<p><a href=\"http:\/\/informix.rekers.de\/wp-content\/uploads\/Steuerung-Schaltschrank-alt-neu.jpg\" rel=\"attachment wp-att-822\"><img decoding=\"async\" class=\"alignnone size-full wp-image-822\" src=\"http:\/\/informix.rekers.de\/wp-content\/uploads\/Steuerung-Schaltschrank-alt-neu.jpg\" alt=\"Steuerung-Schaltschrank-alt-neu\" width=\"900\" height=\"433\" srcset=\"https:\/\/www.rekers.de\/wp-content\/uploads\/Steuerung-Schaltschrank-alt-neu-300x144.jpg 300w, https:\/\/www.rekers.de\/wp-content\/uploads\/Steuerung-Schaltschrank-alt-neu.jpg 900w\" sizes=\"(max-width: 900px) 100vw, 900px\" \/><\/a><\/p>\n<p>&nbsp;<\/p>\n<p><a href=\"http:\/\/informix.rekers.de\/wp-content\/uploads\/Steuerung-Maschine.jpg\" rel=\"attachment wp-att-817\"><img decoding=\"async\" class=\"alignnone size-full wp-image-817\" src=\"http:\/\/informix.rekers.de\/wp-content\/uploads\/Steuerung-Maschine.jpg\" alt=\"Steuerung-Maschine\" width=\"900\" height=\"512\" srcset=\"https:\/\/www.rekers.de\/wp-content\/uploads\/Steuerung-Maschine-300x171.jpg 300w, https:\/\/www.rekers.de\/wp-content\/uploads\/Steuerung-Maschine.jpg 900w\" sizes=\"(max-width: 900px) 100vw, 900px\" \/><\/a><\/p>\n<p>La s\u00e9curit\u00e9 au premier plan. Le syst\u00e8me de commande Rekers divise l&rsquo;installation g\u00e9n\u00e9rale en diff\u00e9rentes zones. Chacune des zones prot\u00e8ge les op\u00e9rateurs contre les dangers en fonction des directives applicables. Les dispositifs de s\u00e9curit\u00e9 activ\u00e9s bloquent l&rsquo;acc\u00e8s \u00e0 la zone de danger d\u00e9finie et sont visualis\u00e9s en temps r\u00e9el \u00e0 l&rsquo;\u00e9cran.<\/p>\n<p><a href=\"http:\/\/informix.rekers.de\/wp-content\/uploads\/Steuerung-Sicherheit.jpg\" rel=\"attachment wp-att-821\"><img decoding=\"async\" class=\"alignnone size-full wp-image-821\" src=\"http:\/\/informix.rekers.de\/wp-content\/uploads\/Steuerung-Sicherheit.jpg\" alt=\"Steuerung-Sicherheit\" width=\"900\" height=\"675\" srcset=\"https:\/\/www.rekers.de\/wp-content\/uploads\/Steuerung-Sicherheit-300x225.jpg 300w, https:\/\/www.rekers.de\/wp-content\/uploads\/Steuerung-Sicherheit.jpg 900w\" sizes=\"(max-width: 900px) 100vw, 900px\" \/><\/a><\/p>\n<\/div><div class=\"fusion-clearfix\"><\/div><\/div><\/div><div class=\"fusion-layout-column fusion_builder_column fusion-builder-column-1 fusion_builder_column_1_3 1_3 fusion-one-third fusion-column-last\" style=\"--awb-bg-size:cover;width:30.6666%;\"><div class=\"fusion-column-wrapper fusion-flex-column-wrapper-legacy\"><div class=\"fusion-clearfix\"><\/div><\/div><\/div><\/div><\/div>\n","protected":false},"excerpt":{"rendered":"","protected":false},"author":2,"featured_media":0,"parent":2003,"menu_order":15,"comment_status":"closed","ping_status":"closed","template":"","meta":{"footnotes":""},"class_list":["post-2027","page","type-page","status-publish","hentry"],"aioseo_notices":[],"_links":{"self":[{"href":"https:\/\/www.rekers.de\/fr\/wp-json\/wp\/v2\/pages\/2027","targetHints":{"allow":["GET"]}}],"collection":[{"href":"https:\/\/www.rekers.de\/fr\/wp-json\/wp\/v2\/pages"}],"about":[{"href":"https:\/\/www.rekers.de\/fr\/wp-json\/wp\/v2\/types\/page"}],"author":[{"embeddable":true,"href":"https:\/\/www.rekers.de\/fr\/wp-json\/wp\/v2\/users\/2"}],"replies":[{"embeddable":true,"href":"https:\/\/www.rekers.de\/fr\/wp-json\/wp\/v2\/comments?post=2027"}],"version-history":[{"count":3,"href":"https:\/\/www.rekers.de\/fr\/wp-json\/wp\/v2\/pages\/2027\/revisions"}],"predecessor-version":[{"id":4269,"href":"https:\/\/www.rekers.de\/fr\/wp-json\/wp\/v2\/pages\/2027\/revisions\/4269"}],"up":[{"embeddable":true,"href":"https:\/\/www.rekers.de\/fr\/wp-json\/wp\/v2\/pages\/2003"}],"wp:attachment":[{"href":"https:\/\/www.rekers.de\/fr\/wp-json\/wp\/v2\/media?parent=2027"}],"curies":[{"name":"wp","href":"https:\/\/api.w.org\/{rel}","templated":true}]}}