{"id":2083,"date":"2015-11-09T12:51:20","date_gmt":"2015-11-09T11:51:20","guid":{"rendered":"https:\/\/informix.rekers.de\/fr\/kontakt\/"},"modified":"2019-09-11T13:53:55","modified_gmt":"2019-09-11T12:53:55","slug":"contakt","status":"publish","type":"page","link":"https:\/\/www.rekers.de\/fr\/contakt\/","title":{"rendered":"Contact"},"content":{"rendered":"<div class=\"fusion-fullwidth fullwidth-box fusion-builder-row-1 hundred-percent-fullwidth non-hundred-percent-height-scrolling\" style=\"--awb-border-radius-top-left:0px;--awb-border-radius-top-right:0px;--awb-border-radius-bottom-right:0px;--awb-border-radius-bottom-left:0px;--awb-overflow:visible;--awb-flex-wrap:wrap;\" ><div class=\"fusion-builder-row fusion-row\"><div class=\"fusion-layout-column fusion_builder_column fusion-builder-column-0 fusion_builder_column_1_3 1_3 fusion-one-third fusion-column-first\" style=\"--awb-bg-size:cover;width:30.6666%; margin-right: 4%;\"><div class=\"fusion-column-wrapper fusion-flex-column-wrapper-legacy\"><div class=\"fusion-widget-area awb-widget-area-element fusion-widget-area-1 fusion-content-widget-area\" style=\"--awb-title-size:13px;--awb-title-color:#333333;--awb-padding:0px 0px 0px 0px;\"><div id=\"nav_menu-18\" class=\"widget widget_nav_menu\" style=\"border-style: solid;border-color:transparent;border-width:0px;\"><div class=\"menu-kontaktmenue_fr-container\"><ul id=\"menu-kontaktmenue_fr\" class=\"menu\"><li id=\"menu-item-6756\" class=\"menu-item menu-item-type-post_type menu-item-object-avada_portfolio menu-item-6756\"><a href=\"https:\/\/www.rekers.de\/fr\/portfolio-items\/service-client\/\">Service-client<\/a><\/li>\n<li id=\"menu-item-2134\" class=\"menu-item menu-item-type-post_type menu-item-object-avada_portfolio menu-item-2134\"><a href=\"https:\/\/www.rekers.de\/fr\/portfolio-items\/interlocuteur\/\">Interlocuteur<\/a><\/li>\n<li id=\"menu-item-2135\" class=\"menu-item menu-item-type-post_type menu-item-object-avada_portfolio menu-item-2135\"><a href=\"https:\/\/www.rekers.de\/fr\/portfolio-items\/worldwide\/\">Mondial<\/a><\/li>\n<li id=\"menu-item-2136\" class=\"menu-item menu-item-type-post_type menu-item-object-avada_portfolio menu-item-2136\"><a href=\"https:\/\/www.rekers.de\/fr\/portfolio-items\/sites\/\">Sites<\/a><\/li>\n<li id=\"menu-item-2137\" class=\"menu-item menu-item-type-post_type menu-item-object-avada_portfolio menu-item-2137\"><a href=\"https:\/\/www.rekers.de\/fr\/portfolio-items\/service-des-pieces-de-rechange\/\">Service des pi\u00e8ces de rechange<\/a><\/li>\n<li id=\"menu-item-2138\" class=\"menu-item menu-item-type-post_type menu-item-object-avada_portfolio menu-item-2138\"><a href=\"https:\/\/www.rekers.de\/fr\/portfolio-items\/route\/\">Route<\/a><\/li>\n<\/ul><\/div><\/div><div class=\"fusion-additional-widget-content\"><\/div><\/div><div class=\"fusion-clearfix\"><\/div><\/div><\/div><div class=\"fusion-layout-column fusion_builder_column fusion-builder-column-1 fusion_builder_column_2_3 2_3 fusion-two-third fusion-column-last\" style=\"--awb-bg-size:cover;width:65.3333%;\"><div class=\"fusion-column-wrapper fusion-flex-column-wrapper-legacy\"><div class=\"fusion-content-boxes content-boxes columns row fusion-columns-1 fusion-columns-total-1 fusion-content-boxes-1 content-boxes-icon-on-side content-left\" style=\"--awb-iconcolor:#333333;--awb-hover-accent-color:#005091;--awb-circle-hover-accent-color:transparent;--awb-item-margin-bottom:40px;\" data-animationOffset=\"top-into-view\"><div style=\"--awb-backgroundcolor:rgba(255,255,255,0);--awb-iconcolor:#333333;--awb-content-padding-left:41px;\" class=\"fusion-column content-box-column content-box-column content-box-column-1 col-lg-12 col-md-12 col-sm-12 fusion-content-box-hover content-box-column-last content-box-column-last-in-row\"><div class=\"col content-box-wrapper content-wrapper link-area-link-icon icon-hover-animation-fade\" data-animationOffset=\"top-into-view\"><div class=\"heading heading-with-icon icon-left\"><div class=\"icon\"><i style=\"background-color:transparent;border-color:transparent;height:auto;width: 21px;line-height:normal;font-size:21px;\" aria-hidden=\"true\" class=\"fontawesome-icon fa-map-marker-alt fas circle-no\"><\/i><\/div><h2 class=\"content-box-heading\" style=\"--h2_typography-font-size:18px;line-height:23px;padding-left:41px;\">REKERS GmbH Maschinen- und Anlagenbau<\/h2><\/div><div class=\"fusion-clearfix\"><\/div><div class=\"content-container\">\n<p>Gerhard-Rekers-Str. 1<br \/>\nD-48480 Spelle<br \/>\nAllemagne<br \/>\nTel.: +49 5977 936-0<br \/>\nFax.: +49 5977 936-250<br \/>\nE-mail: <a href=\"mailto:info@rekers.de\">info(at)rekers.de<\/a><\/p>\n<\/div><\/div><\/div><div class=\"fusion-clearfix\"><\/div><\/div><div class=\"fusion-text fusion-text-1\"><h2><strong>Contactez nous!<\/strong><\/h2>\n<\/div><div class=\"fusion-text fusion-text-2\">\n<div class=\"wpcf7 no-js\" id=\"wpcf7-f8160-o1\" lang=\"de-DE\" dir=\"ltr\" data-wpcf7-id=\"8160\">\n<div class=\"screen-reader-response\"><p role=\"status\" aria-live=\"polite\" aria-atomic=\"true\"><\/p> <ul><\/ul><\/div>\n<form action=\"\/fr\/wp-json\/wp\/v2\/pages\/2083#wpcf7-f8160-o1\" method=\"post\" class=\"wpcf7-form init\" aria-label=\"Kontaktformular\" novalidate=\"novalidate\" data-status=\"init\">\n<fieldset class=\"hidden-fields-container\"><input type=\"hidden\" name=\"_wpcf7\" value=\"8160\" \/><input type=\"hidden\" name=\"_wpcf7_version\" value=\"6.1.5\" \/><input type=\"hidden\" name=\"_wpcf7_locale\" value=\"de_DE\" \/><input type=\"hidden\" name=\"_wpcf7_unit_tag\" value=\"wpcf7-f8160-o1\" \/><input type=\"hidden\" name=\"_wpcf7_container_post\" value=\"0\" \/><input type=\"hidden\" name=\"_wpcf7_posted_data_hash\" value=\"\" \/><input type=\"hidden\" name=\"_wpcf7_recaptcha_response\" value=\"\" \/>\n<\/fieldset>\n<p>Nom (obligatoire)\n<\/p>\n<p><span class=\"wpcf7-form-control-wrap\" data-name=\"your-name\"><input size=\"40\" maxlength=\"400\" class=\"wpcf7-form-control wpcf7-text wpcf7-validates-as-required\" aria-required=\"true\" aria-invalid=\"false\" value=\"\" type=\"text\" name=\"your-name\" \/><\/span>\n<\/p>\n<p>Nom de l'entreprise\n<\/p>\n<p><span class=\"wpcf7-form-control-wrap\" data-name=\"Firmenname\"><input size=\"40\" maxlength=\"400\" class=\"wpcf7-form-control wpcf7-text\" aria-invalid=\"false\" value=\"\" type=\"text\" name=\"Firmenname\" \/><\/span>\n<\/p>\n<p>E-Mail (obligatoire)\n<\/p>\n<p><span class=\"wpcf7-form-control-wrap\" data-name=\"your-email\"><input size=\"40\" maxlength=\"400\" class=\"wpcf7-form-control wpcf7-email wpcf7-validates-as-required wpcf7-text wpcf7-validates-as-email\" aria-required=\"true\" aria-invalid=\"false\" value=\"\" type=\"email\" name=\"your-email\" \/><\/span>\n<\/p>\n<p>T\u00e9l\u00e9phone\n<\/p>\n<p><span class=\"wpcf7-form-control-wrap\" data-name=\"IhreTelefonnummer\"><input size=\"40\" maxlength=\"400\" class=\"wpcf7-form-control wpcf7-tel wpcf7-text wpcf7-validates-as-tel\" aria-invalid=\"false\" value=\"\" type=\"tel\" name=\"IhreTelefonnummer\" \/><\/span>\n<\/p>\n<p>Je m'int\u00e9resse \u00e0... (obligatoire)\n<\/p>\n<p><span class=\"wpcf7-form-control-wrap\" data-name=\"Interesse\"><select class=\"wpcf7-form-control wpcf7-select wpcf7-validates-as-required\" aria-required=\"true\" aria-invalid=\"false\" name=\"Interesse\"><option value=\"\">&#8211; Bitte ausw\u00e4hlen &#8211;<\/option><option value=\"Machine \u00e0 blocs\">Machine \u00e0 blocs<\/option><option value=\"Manutention\">Manutention<\/option><option value=\"Commande\">Commande<\/option><option value=\"Autre\">Autre<\/option><\/select><\/span>\n<\/p>\n<p>Note ou message (obligatoire)\n<\/p>\n<p><span class=\"wpcf7-form-control-wrap\" data-name=\"your-message\"><textarea cols=\"40\" rows=\"10\" maxlength=\"2000\" class=\"wpcf7-form-control wpcf7-textarea wpcf7-validates-as-required\" aria-required=\"true\" aria-invalid=\"false\" name=\"your-message\"><\/textarea><\/span>\n<\/p>\n<p>En cliquant sur le bouton ci-dessous, vous acceptez que nous utilisions vos informations pour r\u00e9pondre \u00e0 votre demande ou vous contacter. Vous trouverez de plus amples informations sur la protection des donn\u00e9es dans notre d\u00e9claration de protection des donn\u00e9es.\n<\/p>\n<p><input class=\"wpcf7-form-control wpcf7-submit has-spinner\" type=\"submit\" value=\"Envoyer\" \/>\n<\/p><div class=\"fusion-alert alert custom alert-custom fusion-alert-center wpcf7-response-output fusion-alert-capitalize awb-alert-native-link-color alert-dismissable awb-alert-close-boxed\" style=\"--awb-border-size:1px;--awb-border-top-left-radius:0px;--awb-border-top-right-radius:0px;--awb-border-bottom-left-radius:0px;--awb-border-bottom-right-radius:0px;\" role=\"alert\"><div class=\"fusion-alert-content-wrapper\"><span class=\"fusion-alert-content\"><\/span><\/div><button type=\"button\" class=\"close toggle-alert\" data-dismiss=\"alert\" aria-label=\"Close\">&times;<\/button><\/div>\n<\/form>\n<\/div>\n\n<\/div><div class=\"fusion-clearfix\"><\/div><\/div><\/div><\/div><\/div>\n","protected":false},"excerpt":{"rendered":"","protected":false},"author":2,"featured_media":0,"parent":0,"menu_order":7,"comment_status":"closed","ping_status":"closed","template":"","meta":{"footnotes":""},"class_list":["post-2083","page","type-page","status-publish","hentry"],"aioseo_notices":[],"_links":{"self":[{"href":"https:\/\/www.rekers.de\/fr\/wp-json\/wp\/v2\/pages\/2083","targetHints":{"allow":["GET"]}}],"collection":[{"href":"https:\/\/www.rekers.de\/fr\/wp-json\/wp\/v2\/pages"}],"about":[{"href":"https:\/\/www.rekers.de\/fr\/wp-json\/wp\/v2\/types\/page"}],"author":[{"embeddable":true,"href":"https:\/\/www.rekers.de\/fr\/wp-json\/wp\/v2\/users\/2"}],"replies":[{"embeddable":true,"href":"https:\/\/www.rekers.de\/fr\/wp-json\/wp\/v2\/comments?post=2083"}],"version-history":[{"count":11,"href":"https:\/\/www.rekers.de\/fr\/wp-json\/wp\/v2\/pages\/2083\/revisions"}],"predecessor-version":[{"id":7728,"href":"https:\/\/www.rekers.de\/fr\/wp-json\/wp\/v2\/pages\/2083\/revisions\/7728"}],"wp:attachment":[{"href":"https:\/\/www.rekers.de\/fr\/wp-json\/wp\/v2\/media?parent=2083"}],"curies":[{"name":"wp","href":"https:\/\/api.w.org\/{rel}","templated":true}]}}