{"id":21740,"date":"2024-09-13T09:32:03","date_gmt":"2024-09-13T07:32:03","guid":{"rendered":"https:\/\/www.rekers.de\/?page_id=21740"},"modified":"2024-10-09T08:33:26","modified_gmt":"2024-10-09T06:33:26","slug":"technique-de-finition","status":"publish","type":"page","link":"https:\/\/www.rekers.de\/fr\/technique-de-finition\/","title":{"rendered":"Technique de finition"},"content":{"rendered":"<div class=\"fusion-fullwidth fullwidth-box fusion-builder-row-1 nonhundred-percent-fullwidth non-hundred-percent-height-scrolling\" style=\"--awb-border-radius-top-left:0px;--awb-border-radius-top-right:0px;--awb-border-radius-bottom-right:0px;--awb-border-radius-bottom-left:0px;--awb-flex-wrap:wrap;\" ><div class=\"fusion-builder-row fusion-row\"><div class=\"fusion-layout-column fusion_builder_column fusion-builder-column-0 fusion_builder_column_2_3 2_3 fusion-two-third fusion-column-first\" style=\"--awb-bg-size:cover;width:66.666666666667%;width:calc(66.666666666667% - ( ( 4% ) * 0.66666666666667 ) );margin-right: 4%;\"><div class=\"fusion-column-wrapper fusion-column-has-shadow fusion-flex-column-wrapper-legacy\"><div class=\"fusion-title title fusion-title-1 fusion-sep-none fusion-title-text fusion-title-size-one\" style=\"--awb-margin-top-small:0px;--awb-margin-right-small:0px;--awb-margin-bottom-small:20px;--awb-margin-left-small:0px;\"><h1 class=\"fusion-title-heading title-heading-left\" style=\"margin:0;\"><strong>Technique de finition<\/strong><\/h1><\/div><div class=\"fusion-text fusion-text-1\"><p>Les technologies de finition jouent un r\u00f4le crucial dans la fabrication de produits en b\u00e9ton de haute qualit\u00e9, en optimisant les surfaces et en am\u00e9liorant les propri\u00e9t\u00e9s esth\u00e9tiques et fonctionnelles des produits. Nous allons maintenant examiner en d\u00e9tail les diff\u00e9rentes machines et leurs fonctions au sein de la gamme de produits \u00e9largie.<\/p>\n<\/div><div class=\"fusion-text fusion-text-2\" style=\"--awb-font-size:var(--awb-typography3-font-size);--awb-line-height:var(--awb-typography3-line-height);--awb-letter-spacing:var(--awb-typography3-letter-spacing);--awb-text-transform:var(--awb-typography3-text-transform);--awb-text-font-family:var(--awb-typography3-font-family);--awb-text-font-weight:var(--awb-typography3-font-weight);--awb-text-font-style:var(--awb-typography3-font-style);\"><p><strong>Machines de finition<\/strong><\/p>\n<\/div><div class=\"accordian fusion-accordian\" style=\"--awb-border-size:2px;--awb-icon-size:18px;--awb-content-font-size:15px;--awb-content-letter-spacing:var(--awb-typography3-letter-spacing);--awb-content-text-transform:var(--awb-typography3-text-transform);--awb-content-line-height:var(--awb-typography3-line-height);--awb-icon-alignment:right;--awb-hover-color:#90f4d5;--awb-border-color:#747474;--awb-background-color:#cecece;--awb-divider-color:#e0dede;--awb-divider-hover-color:#e0dede;--awb-icon-color:#747474;--awb-title-color:#747474;--awb-content-color:#747474;--awb-icon-box-color:#141617;--awb-toggle-hover-accent-color:#747474;--awb-toggle-active-accent-color:#141617;--awb-title-font-family:Arial, Helvetica, sans-serif;--awb-title-font-weight:400;--awb-title-font-style:normal;--awb-title-font-size:15px;--awb-title-line-height:24px;--awb-title-text-transform:var(--awb-typography2-text-transform);--awb-content-font-family:Arial, Helvetica, sans-serif;--awb-content-font-style:normal;--awb-content-font-weight:400;\"><div class=\"panel-group fusion-toggle-icon-right fusion-toggle-icon-unboxed\" id=\"accordion-21740-1\"><div class=\"fusion-panel panel-default panel-d2f719b13415df2de fusion-toggle-has-divider\" style=\"--awb-title-color:#333333;--awb-content-color:#747474;\"><div class=\"panel-heading\"><h1 class=\"panel-title toggle\" id=\"toggle_d2f719b13415df2de\"><a aria-expanded=\"false\" aria-controls=\"d2f719b13415df2de\" role=\"button\" data-toggle=\"collapse\" data-parent=\"#accordion-21740-1\" data-target=\"#d2f719b13415df2de\" href=\"#d2f719b13415df2de\"><span class=\"fusion-toggle-icon-wrapper\" aria-hidden=\"true\"><i class=\"fa-fusion-box active-icon fa-arrow-alt-circle-down far\" aria-hidden=\"true\"><\/i><i class=\"fa-fusion-box inactive-icon fa-arrow-alt-circle-up far\" aria-hidden=\"true\"><\/i><\/span><span class=\"fusion-toggle-heading\">Ligne de sablage<\/span><\/a><\/h1><\/div><div id=\"d2f719b13415df2de\" class=\"panel-collapse collapse \" aria-labelledby=\"toggle_d2f719b13415df2de\"><div class=\"panel-body toggle-content fusion-clearfix\">\n<p>Le grenaillage est une m\u00e9thode \u00e9prouv\u00e9e, souvent utilis\u00e9e pour le traitement de surface des blocs de b\u00e9ton. Gr\u00e2ce \u00e0 l&rsquo;utilisation d&rsquo;appareils de sablage \u00e0 haute pression, des billes d&rsquo;acier ou d&rsquo;autres abrasifs sont utilis\u00e9s pour ouvrir et texturer les surfaces des blocs de b\u00e9ton. Cette technique permet non seulement d&rsquo;am\u00e9liorer l&rsquo;esth\u00e9tique, mais aussi d&rsquo;augmenter l&rsquo;adh\u00e9rence des rev\u00eatements ult\u00e9rieurs.<\/p>\n<p>Rekers propose des machines de sablage performantes, con\u00e7ues pour \u00eatre efficaces et pr\u00e9cises. Ces machines sont \u00e9quip\u00e9es de technologies de contr\u00f4le modernes qui permettent d&rsquo;ajuster facilement les param\u00e8tres de grenaillage. Cela permet d&rsquo;obtenir des r\u00e9sultats coh\u00e9rents et une qualit\u00e9 de produit \u00e9lev\u00e9e et constante.<\/p>\n<p><img decoding=\"async\" class=\"alignnone size-full wp-image-21635\" src=\"https:\/\/www.rekers.de\/wp-content\/uploads\/Strahlen-Steine-Homepage.png\" alt=\"\" width=\"615\" height=\"607\" srcset=\"https:\/\/www.rekers.de\/wp-content\/uploads\/Strahlen-Steine-Homepage-66x66.png 66w, https:\/\/www.rekers.de\/wp-content\/uploads\/Strahlen-Steine-Homepage-200x197.png 200w, https:\/\/www.rekers.de\/wp-content\/uploads\/Strahlen-Steine-Homepage-300x296.png 300w, https:\/\/www.rekers.de\/wp-content\/uploads\/Strahlen-Steine-Homepage-400x395.png 400w, https:\/\/www.rekers.de\/wp-content\/uploads\/Strahlen-Steine-Homepage-600x592.png 600w, https:\/\/www.rekers.de\/wp-content\/uploads\/Strahlen-Steine-Homepage.png 615w\" sizes=\"(max-width: 615px) 100vw, 615px\" \/><\/p>\n<p>\u00a9 BraunBeton GmbH \u2013 Trendline Terrasse in Lichtgrau und Lavaschwarz<\/p>\n<\/div><\/div><\/div><div class=\"fusion-panel panel-default panel-043f3341cf9defab6 fusion-toggle-has-divider\" style=\"--awb-title-color:#333333;--awb-content-color:#747474;\"><div class=\"panel-heading\"><h1 class=\"panel-title toggle\" id=\"toggle_043f3341cf9defab6\"><a aria-expanded=\"false\" aria-controls=\"043f3341cf9defab6\" role=\"button\" data-toggle=\"collapse\" data-parent=\"#accordion-21740-1\" data-target=\"#043f3341cf9defab6\" href=\"#043f3341cf9defab6\"><span class=\"fusion-toggle-icon-wrapper\" aria-hidden=\"true\"><i class=\"fa-fusion-box active-icon fa-arrow-alt-circle-down far\" aria-hidden=\"true\"><\/i><i class=\"fa-fusion-box inactive-icon fa-arrow-alt-circle-up far\" aria-hidden=\"true\"><\/i><\/span><span class=\"fusion-toggle-heading\">Ligne de curling<\/span><\/a><\/h1><\/div><div id=\"043f3341cf9defab6\" class=\"panel-collapse collapse \" aria-labelledby=\"toggle_043f3341cf9defab6\"><div class=\"panel-body toggle-content fusion-clearfix\">\n<p>Le curling est une technique de finition innovante qui est surtout utilis\u00e9e pour la finition des blocs de b\u00e9ton afin de cr\u00e9er une structure de surface douce et liss\u00e9e attrayante. Ce proc\u00e9d\u00e9 consiste \u00e0 travailler la surface en la brossant avec des grains diff\u00e9rents, ce qui donne un effet de surface tr\u00e8s noble, vivant et dynamique.<\/p>\n<p>Rekers a investi dans le processus de curling et a d\u00e9velopp\u00e9 des machines qui permettent un contr\u00f4le pr\u00e9cis de la profondeur et de la vitesse d&rsquo;usinage. Cette technologie est particuli\u00e8rement avantageuse pour les fabricants qui souhaitent diff\u00e9rencier et valoriser le design de leurs produits.<\/p>\n<p><img decoding=\"async\" class=\"alignnone size-full wp-image-21643\" src=\"https:\/\/www.rekers.de\/wp-content\/uploads\/Screenshot-2024-08-28-123221.png\" alt=\"\" width=\"613\" height=\"717\" srcset=\"https:\/\/www.rekers.de\/wp-content\/uploads\/Screenshot-2024-08-28-123221-200x234.png 200w, https:\/\/www.rekers.de\/wp-content\/uploads\/Screenshot-2024-08-28-123221-256x300.png 256w, https:\/\/www.rekers.de\/wp-content\/uploads\/Screenshot-2024-08-28-123221-400x468.png 400w, https:\/\/www.rekers.de\/wp-content\/uploads\/Screenshot-2024-08-28-123221-600x702.png 600w, https:\/\/www.rekers.de\/wp-content\/uploads\/Screenshot-2024-08-28-123221.png 613w\" sizes=\"(max-width: 613px) 100vw, 613px\" \/><\/p>\n<p>\u00a9 BraunBeton GmbH \u2013 Fiamata in Stracciatella und Nero<\/p>\n<\/div><\/div><\/div><div class=\"fusion-panel panel-default panel-1c2c8e54305649a48 fusion-toggle-has-divider\" style=\"--awb-title-color:#333333;--awb-content-color:#747474;\"><div class=\"panel-heading\"><h1 class=\"panel-title toggle\" id=\"toggle_1c2c8e54305649a48\"><a aria-expanded=\"false\" aria-controls=\"1c2c8e54305649a48\" role=\"button\" data-toggle=\"collapse\" data-parent=\"#accordion-21740-1\" data-target=\"#1c2c8e54305649a48\" href=\"#1c2c8e54305649a48\"><span class=\"fusion-toggle-icon-wrapper\" aria-hidden=\"true\"><i class=\"fa-fusion-box active-icon fa-arrow-alt-circle-down far\" aria-hidden=\"true\"><\/i><i class=\"fa-fusion-box inactive-icon fa-arrow-alt-circle-up far\" aria-hidden=\"true\"><\/i><\/span><span class=\"fusion-toggle-heading\">Ligne de rev\u00eatement<\/span><\/a><\/h1><\/div><div id=\"1c2c8e54305649a48\" class=\"panel-collapse collapse \" aria-labelledby=\"toggle_1c2c8e54305649a48\"><div class=\"panel-body toggle-content fusion-clearfix\">\n<p>Le rev\u00eatement des blocs de b\u00e9ton est un autre aspect important de la technique de finition. L&rsquo;utilisation de mat\u00e9riaux de rev\u00eatement sp\u00e9ciaux permet non seulement d&rsquo;am\u00e9liorer la structure de surface des blocs de b\u00e9ton, mais aussi d&rsquo;augmenter leur long\u00e9vit\u00e9 et leur r\u00e9sistance aux intemp\u00e9ries.<\/p>\n<p>Rekers s&rsquo;est ici focalis\u00e9 sur le d\u00e9veloppement de machines qui garantissent une application uniforme et pr\u00e9cise des rev\u00eatements. Ces machines sont con\u00e7ues pour appliquer une grande vari\u00e9t\u00e9 de mat\u00e9riaux de rev\u00eatement tout en assurant une qualit\u00e9 de produit constante et \u00e9lev\u00e9e. Les machines d&rsquo;enduction peuvent \u00e9galement \u00eatre compl\u00e9t\u00e9es par une technologie d&rsquo;impression de pointe.<\/p>\n<\/div><\/div><\/div><div class=\"fusion-panel panel-default panel-00a7a7ca04a411969 fusion-toggle-has-divider\" style=\"--awb-title-color:#333333;--awb-content-color:#747474;\"><div class=\"panel-heading\"><h1 class=\"panel-title toggle\" id=\"toggle_00a7a7ca04a411969\"><a aria-expanded=\"false\" aria-controls=\"00a7a7ca04a411969\" role=\"button\" data-toggle=\"collapse\" data-parent=\"#accordion-21740-1\" data-target=\"#00a7a7ca04a411969\" href=\"#00a7a7ca04a411969\"><span class=\"fusion-toggle-icon-wrapper\" aria-hidden=\"true\"><i class=\"fa-fusion-box active-icon fa-arrow-alt-circle-down far\" aria-hidden=\"true\"><\/i><i class=\"fa-fusion-box inactive-icon fa-arrow-alt-circle-up far\" aria-hidden=\"true\"><\/i><\/span><span class=\"fusion-toggle-heading\">Ligne de clivage<\/span><\/a><\/h1><\/div><div id=\"00a7a7ca04a411969\" class=\"panel-collapse collapse \" aria-labelledby=\"toggle_00a7a7ca04a411969\"><div class=\"panel-body toggle-content fusion-clearfix\">\n<p>Le clivage de blocs et de briques en b\u00e9ton est une autre technique sp\u00e9cialis\u00e9e, utilis\u00e9e principalement pour obtenir un aspect naturel de la pierre. Pour ce faire, on utilise la technologie de refendage de Rekers, qui peut produire les syst\u00e8mes de blocs et de pierres de construction les plus divers dans le cadre d&rsquo;un processus automatis\u00e9.<\/p>\n<p>Les fendeuses sont con\u00e7ues pour \u00eatre efficaces et pr\u00e9cises. Elles disposent d&rsquo;un syst\u00e8me de commande intelligent qui permet une adaptation exacte aux sp\u00e9cifications souhait\u00e9es. Cette flexibilit\u00e9 est essentielle pour produire les variantes de produits les plus diverses dans la qualit\u00e9 souhait\u00e9e.<\/p>\n<p><img decoding=\"async\" class=\"alignnone size-full wp-image-21658\" src=\"https:\/\/www.rekers.de\/wp-content\/uploads\/Screenshot-2024-08-28-125055.png\" alt=\"\" width=\"616\" height=\"613\" srcset=\"https:\/\/www.rekers.de\/wp-content\/uploads\/Screenshot-2024-08-28-125055-66x66.png 66w, https:\/\/www.rekers.de\/wp-content\/uploads\/Screenshot-2024-08-28-125055-130x130.png 130w, https:\/\/www.rekers.de\/wp-content\/uploads\/Screenshot-2024-08-28-125055-200x199.png 200w, https:\/\/www.rekers.de\/wp-content\/uploads\/Screenshot-2024-08-28-125055-300x300.png 300w, https:\/\/www.rekers.de\/wp-content\/uploads\/Screenshot-2024-08-28-125055-400x398.png 400w, https:\/\/www.rekers.de\/wp-content\/uploads\/Screenshot-2024-08-28-125055-600x597.png 600w, https:\/\/www.rekers.de\/wp-content\/uploads\/Screenshot-2024-08-28-125055.png 616w\" sizes=\"(max-width: 616px) 100vw, 616px\" \/><\/p>\n<p>\u00a9 creabeton.ch<\/p>\n<\/div><\/div><\/div><div class=\"fusion-panel panel-default panel-a0a8a836fcb30778d fusion-toggle-has-divider\" style=\"--awb-title-color:#333333;--awb-content-color:#747474;\"><div class=\"panel-heading\"><h1 class=\"panel-title toggle\" id=\"toggle_a0a8a836fcb30778d\"><a aria-expanded=\"false\" aria-controls=\"a0a8a836fcb30778d\" role=\"button\" data-toggle=\"collapse\" data-parent=\"#accordion-21740-1\" data-target=\"#a0a8a836fcb30778d\" href=\"#a0a8a836fcb30778d\"><span class=\"fusion-toggle-icon-wrapper\" aria-hidden=\"true\"><i class=\"fa-fusion-box active-icon fa-arrow-alt-circle-down far\" aria-hidden=\"true\"><\/i><i class=\"fa-fusion-box inactive-icon fa-arrow-alt-circle-up far\" aria-hidden=\"true\"><\/i><\/span><span class=\"fusion-toggle-heading\">Ligne de martelage<\/span><\/a><\/h1><\/div><div id=\"a0a8a836fcb30778d\" class=\"panel-collapse collapse \" aria-labelledby=\"toggle_a0a8a836fcb30778d\"><div class=\"panel-body toggle-content fusion-clearfix\">\n<p>Le bouchardage et le vieillissement sont des proc\u00e9d\u00e9s utilis\u00e9s pour la finition de la surface afin de donner aux blocs de b\u00e9ton un aspect naturel, rustique et attrayant. Ces techniques cr\u00e9ent une structure vivante et garantissent une grande vari\u00e9t\u00e9 de designs pour les produits finis.<\/p>\n<p>Les machines Rekers, con\u00e7ues pour le bouchardage et le vieillissement, se caract\u00e9risent par leur facilit\u00e9 d&rsquo;utilisation et leur grande s\u00e9curit\u00e9 de processus. De plus, la diversit\u00e9 technologique des machines garantit une tr\u00e8s bonne adaptation aux exigences sp\u00e9cifiques de la production.<\/p>\n<p><img decoding=\"async\" class=\"alignnone size-full wp-image-21665\" src=\"https:\/\/www.rekers.de\/wp-content\/uploads\/Screenshot-2024-08-28-125626.png\" alt=\"\" width=\"579\" height=\"198\" srcset=\"https:\/\/www.rekers.de\/wp-content\/uploads\/Screenshot-2024-08-28-125626-200x68.png 200w, https:\/\/www.rekers.de\/wp-content\/uploads\/Screenshot-2024-08-28-125626-300x103.png 300w, https:\/\/www.rekers.de\/wp-content\/uploads\/Screenshot-2024-08-28-125626-400x137.png 400w, https:\/\/www.rekers.de\/wp-content\/uploads\/Screenshot-2024-08-28-125626.png 579w\" sizes=\"(max-width: 579px) 100vw, 579px\" \/><\/p>\n<p>Stocken und Altern f\u00fcr ein nat\u00fcrliches, rustikales und ansprechendes Erscheinungsbild<\/p>\n<\/div><\/div><\/div><div class=\"fusion-panel panel-default panel-d0009b8c95922dd15 fusion-toggle-has-divider\" style=\"--awb-title-color:#333333;--awb-content-color:#747474;\"><div class=\"panel-heading\"><h1 class=\"panel-title toggle\" id=\"toggle_d0009b8c95922dd15\"><a aria-expanded=\"false\" aria-controls=\"d0009b8c95922dd15\" role=\"button\" data-toggle=\"collapse\" data-parent=\"#accordion-21740-1\" data-target=\"#d0009b8c95922dd15\" href=\"#d0009b8c95922dd15\"><span class=\"fusion-toggle-icon-wrapper\" aria-hidden=\"true\"><i class=\"fa-fusion-box active-icon fa-arrow-alt-circle-down far\" aria-hidden=\"true\"><\/i><i class=\"fa-fusion-box inactive-icon fa-arrow-alt-circle-up far\" aria-hidden=\"true\"><\/i><\/span><span class=\"fusion-toggle-heading\">Ligne de calibrage<\/span><\/a><\/h1><\/div><div id=\"d0009b8c95922dd15\" class=\"panel-collapse collapse \" aria-labelledby=\"toggle_d0009b8c95922dd15\"><div class=\"panel-body toggle-content fusion-clearfix\">\n<p>Le calibrage des dalles est une technologie cl\u00e9 qui vise \u00e0 obtenir une tol\u00e9rance de hauteur uniforme lors du traitement des surfaces. Ces machines effectuent un usinage pr\u00e9cis et veillent \u00e0 ce que les produits finis r\u00e9pondent \u00e9galement \u00e0 des normes de qualit\u00e9 tr\u00e8s \u00e9lev\u00e9es et \u00e0 ce qu&rsquo;ils soient faciles \u00e0 poser. En outre, le calibrage est une condition de base pour un traitement ult\u00e9rieur de fraisage \/ pon\u00e7age afin d&rsquo;obtenir une ouverture uniforme de la surface.<\/p>\n<p>Le traitement par nos machines de pon\u00e7age assure un aspect visuel de haute qualit\u00e9 de la surface et peut aller, selon le nombre de stations de traitement, d&rsquo;un pon\u00e7age grossier \u00e0 une surface presque polie. Des installations de chanfreinage en aval permettent d&rsquo;am\u00e9liorer encore la qualit\u00e9 visuelle des produits. Les machines fonctionnent en mode humide ou \u00e0 sec.<\/p>\n<p>Les calibreuses et rectifieuses de Rekers sont \u00e9quip\u00e9es de technologies modernes &#8211; pour un traitement efficace et peu gourmand en \u00e9nergie des pi\u00e8ces en b\u00e9ton. Gr\u00e2ce \u00e0 une conception intelligente des machines, les temps de production peuvent \u00eatre consid\u00e9rablement r\u00e9duits sans affecter n\u00e9gativement la qualit\u00e9 du produit.<\/p>\n<\/div><\/div><\/div><\/div><\/div><div class=\"fusion-text fusion-text-3\"><p>.<\/p>\n<\/div><div class=\"fusion-text fusion-text-4\"><p>Utilis\u00e9s seuls ou en combinaison, les diff\u00e9rents proc\u00e9d\u00e9s de finition offrent aux fabricants des solutions innovantes et cr\u00e9atives pour am\u00e9liorer la qualit\u00e9 de surface des produits en b\u00e9ton et \u00e9largir leur portefeuille d&rsquo;offres.<\/p>\n<p>Gr\u00e2ce \u00e0 une technologie de pointe et \u00e0 une adaptation continue aux besoins du march\u00e9, Rekers se positionne comme un entrepreneur global comp\u00e9tent pour les entreprises de l&rsquo;industrie des produits en b\u00e9ton qui exigent qualit\u00e9, efficacit\u00e9 et flexibilit\u00e9. L&rsquo;investissement dans ce nouveau domaine d\u00e9montre non seulement la capacit\u00e9 d&rsquo;innovation de l&rsquo;entreprise, mais aussi sa volont\u00e9 d&rsquo;offrir \u00e0 ses clients un projet optimal et global ainsi que des produits de la plus haute qualit\u00e9.<\/p>\n<\/div><div class=\"fusion-clearfix\"><\/div><\/div><\/div><div class=\"fusion-layout-column fusion_builder_column fusion-builder-column-1 fusion_builder_column_1_3 1_3 fusion-one-third fusion-column-last\" style=\"--awb-bg-size:cover;width:33.333333333333%;width:calc(33.333333333333% - ( ( 4% ) * 0.33333333333333 ) );\"><div class=\"fusion-column-wrapper fusion-column-has-shadow fusion-flex-column-wrapper-legacy\"><div class=\"fusion-image-element in-legacy-container\" style=\"--awb-caption-title-font-family:var(--h2_typography-font-family);--awb-caption-title-font-weight:var(--h2_typography-font-weight);--awb-caption-title-font-style:var(--h2_typography-font-style);--awb-caption-title-size:var(--h2_typography-font-size);--awb-caption-title-transform:var(--h2_typography-text-transform);--awb-caption-title-line-height:var(--h2_typography-line-height);--awb-caption-title-letter-spacing:var(--h2_typography-letter-spacing);\"><span class=\" fusion-imageframe imageframe-none imageframe-1 hover-type-none\"><img decoding=\"async\" width=\"300\" height=\"210\" title=\"teaser-DL-Prospekte\" src=\"https:\/\/www.rekers.de\/wp-content\/uploads\/teaser-DL-Prospekte-2.jpg\" alt class=\"img-responsive wp-image-7004\" srcset=\"https:\/\/www.rekers.de\/wp-content\/uploads\/teaser-DL-Prospekte-2-200x140.jpg 200w, https:\/\/www.rekers.de\/wp-content\/uploads\/teaser-DL-Prospekte-2.jpg 300w\" sizes=\"(max-width: 800px) 100vw, 300px\" \/><\/span><\/div><div class=\"fusion-clearfix\"><\/div><\/div><\/div><\/div><\/div>\n","protected":false},"excerpt":{"rendered":"","protected":false},"author":13,"featured_media":0,"parent":0,"menu_order":0,"comment_status":"closed","ping_status":"closed","template":"","meta":{"footnotes":""},"class_list":["post-21740","page","type-page","status-publish","hentry"],"aioseo_notices":[],"_links":{"self":[{"href":"https:\/\/www.rekers.de\/fr\/wp-json\/wp\/v2\/pages\/21740","targetHints":{"allow":["GET"]}}],"collection":[{"href":"https:\/\/www.rekers.de\/fr\/wp-json\/wp\/v2\/pages"}],"about":[{"href":"https:\/\/www.rekers.de\/fr\/wp-json\/wp\/v2\/types\/page"}],"author":[{"embeddable":true,"href":"https:\/\/www.rekers.de\/fr\/wp-json\/wp\/v2\/users\/13"}],"replies":[{"embeddable":true,"href":"https:\/\/www.rekers.de\/fr\/wp-json\/wp\/v2\/comments?post=21740"}],"version-history":[{"count":8,"href":"https:\/\/www.rekers.de\/fr\/wp-json\/wp\/v2\/pages\/21740\/revisions"}],"predecessor-version":[{"id":21744,"href":"https:\/\/www.rekers.de\/fr\/wp-json\/wp\/v2\/pages\/21740\/revisions\/21744"}],"wp:attachment":[{"href":"https:\/\/www.rekers.de\/fr\/wp-json\/wp\/v2\/media?parent=21740"}],"curies":[{"name":"wp","href":"https:\/\/api.w.org\/{rel}","templated":true}]}}