{"id":22326,"date":"2024-11-26T09:27:17","date_gmt":"2024-11-26T08:27:17","guid":{"rendered":"https:\/\/www.rekers.de\/?page_id=22326"},"modified":"2024-11-26T09:27:17","modified_gmt":"2024-11-26T08:27:17","slug":"presse-a-briques-rsp-500","status":"publish","type":"page","link":"https:\/\/www.rekers.de\/fr\/presse-a-briques-rsp-500\/","title":{"rendered":"Presse \u00e0 briques RSP-500"},"content":{"rendered":"<div class=\"fusion-fullwidth fullwidth-box fusion-builder-row-1 nonhundred-percent-fullwidth non-hundred-percent-height-scrolling\" style=\"--awb-border-radius-top-left:0px;--awb-border-radius-top-right:0px;--awb-border-radius-bottom-right:0px;--awb-border-radius-bottom-left:0px;--awb-flex-wrap:wrap;\" ><div class=\"fusion-builder-row fusion-row\"><div class=\"fusion-layout-column fusion_builder_column fusion-builder-column-0 fusion_builder_column_2_3 2_3 fusion-two-third fusion-column-first\" style=\"--awb-bg-size:cover;width:66.666666666667%;width:calc(66.666666666667% - ( ( 4% ) * 0.66666666666667 ) );margin-right: 4%;\"><div class=\"fusion-column-wrapper fusion-column-has-shadow fusion-flex-column-wrapper-legacy\"><div class=\"fusion-title title fusion-title-1 fusion-sep-none fusion-title-text fusion-title-size-one\" style=\"--awb-margin-top-small:0px;--awb-margin-right-small:0px;--awb-margin-bottom-small:20px;--awb-margin-left-small:0px;\"><h1 class=\"fusion-title-heading title-heading-left\" style=\"margin:0;\">Presse \u00e0 briques RSP-500<\/h1><\/div><div class=\"fusion-text fusion-text-1\"><p><strong>La presse \u00e0 briques RSP-500<\/strong> pose de nouveaux jalons dans la fabrication de produits de construction durables: La presse \u00e0 briques permet <strong>la fabrication de briques de fa\u00e7ade et de plaquettes de parement \u00e0 \u00e9missions de CO2 n\u00e9gatives<\/strong>, <strong>sans utiliser de ciment ni d&rsquo;argile<\/strong>. Au lieu de cela, la presse \u00e0 briques utilise des mat\u00e9riaux recycl\u00e9s, dont des scories d&rsquo;acier et des liants sp\u00e9ciaux, qui atteignent un taux de recyclage impressionnant de 80 %. Avec une absorption de CO2 de 60 kg par tonne de briques de fa\u00e7ade, la RSP-500 apporte une contribution significative \u00e0 la protection du climat.<\/p>\n<p>Le RSP-500 r\u00e9unit deux technologies \u00e9prouv\u00e9es : il combine l&rsquo;efficacit\u00e9 de la machine \u00e0 blocs avec un syst\u00e8me de circulation des planches de production et la puissance hydraulique d&rsquo;une presse silico-calcaire. La technologie hydraulique de pointe comprime les agr\u00e9gats recycl\u00e9s dans le moule sous haute pression. Ce compactage contr\u00f4l\u00e9 permet d&rsquo;obtenir une \u00e9bauche extr\u00eamement stable qui est d\u00e9moul\u00e9e avec pr\u00e9cision sur la planche de production, comme sur les machines \u00e0 blocs classiques. Mais ce n&rsquo;est pas tout, car un autre avantage r\u00e9side dans la production des briques d&rsquo;angle, qui sont recouvertes sur deux c\u00f4t\u00e9s par la couche de parement sophistiqu\u00e9e, de sorte que les briques de fa\u00e7ade peuvent \u00eatre utilis\u00e9es individuellement. Cette combinaison unique augmente non seulement la qualit\u00e9 du produit, mais aussi la vitesse et l&rsquo;efficacit\u00e9 du processus de production et permet de produire de grandes quantit\u00e9s de briques tr\u00e8s r\u00e9sistantes en moins de temps &#8211; id\u00e9al pour les exigences industrielles qui requi\u00e8rent la plus grande pr\u00e9cision et la meilleure qualit\u00e9.<\/p>\n<p>Un autre point fort de la RSP-500 est son design bien pens\u00e9 et orient\u00e9 vers la pratique. La machine est tourn\u00e9e \u00e0 90\u00b0 par rapport au sens de production, ce qui offre une vue optimale sur le processus de fabrication tout en facilitant le nettoyage et l&rsquo;entretien. Les principaux composants sont con\u00e7us de mani\u00e8re \u00e0 \u00eatre facilement accessibles \u00e0 tout moment. Particuli\u00e8rement pour les zones du processus de remplissage ainsi que pour les tr\u00e9mies du c\u00f4t\u00e9 de corps et parement, qui peuvent \u00eatre facilement ouvertes pour les travaux de maintenance si n\u00e9cessaire. Gr\u00e2ce \u00e0 cette construction bien pens\u00e9e, le RSP-500 est non seulement particuli\u00e8rement efficace et durable, mais aussi facile \u00e0 entretenir, ce qui augmente la disponibilit\u00e9 de la machine et r\u00e9duit les co\u00fbts d&rsquo;exploitation.<\/p>\n<p>Dans l&rsquo;ensemble, la presse \u00e0 briques RSP-500 offre une solution convaincante aux entreprises qui souhaitent fabriquer des produits de construction durables et de haute qualit\u00e9 tout en minimisant leur empreinte \u00e9cologique. Son taux de recyclage \u00e9lev\u00e9, l&rsquo;utilisation efficace d&rsquo;une technologie de pointe et sa conception conviviale font de la RSP-500 le choix id\u00e9al pour les lignes de production tourn\u00e9es vers l&rsquo;avenir.<\/p>\n<p><strong>Faits<\/strong><\/p>\n<ul>\n<li>500 tonnes de force de compression<\/li>\n<li>Surface de production de 1050 x 980 mm<\/li>\n<li>Environ 20 millions de briques de fa\u00e7ade par an<\/li>\n<li>Brique de fa\u00e7ade \u00e0 deux couches<\/li>\n<li>En option avec unit\u00e9 de sablage pour la 3\u00e8me couche<\/li>\n<li>Syst\u00e8me de colour-blending pour une grande diversit\u00e9 de couleurs<\/li>\n<\/ul>\n<\/div><div class=\"fusion-text fusion-text-2\">\n\t\t<style type=\"text\/css\">\n\t\t\t#gallery-1 {\n\t\t\t\tmargin: auto;\n\t\t\t}\n\t\t\t#gallery-1 .gallery-item {\n\t\t\t\tfloat: left;\n\t\t\t\tmargin-top: 10px;\n\t\t\t\ttext-align: center;\n\t\t\t\twidth: 33%;\n\t\t\t}\n\t\t\t#gallery-1 img {\n\t\t\t\tborder: 2px solid #cfcfcf;\n\t\t\t}\n\t\t\t#gallery-1 .gallery-caption {\n\t\t\t\tmargin-left: 0;\n\t\t\t}\n\t\t\t\/* see gallery_shortcode() in wp-includes\/media.php *\/\n\t\t<\/style>\n\t\t<div id='gallery-1' class='gallery galleryid-22326 gallery-columns-3 gallery-size-thumbnail'><dl class='gallery-item'>\n\t\t\t<dt class='gallery-icon landscape'>\n\t\t\t\t<a data-rel=\"iLightbox[postimages]\" data-title=\"Steinpresse-RSP-500-Hintergrund\" data-caption=\"\" href='https:\/\/www.rekers.de\/wp-content\/uploads\/Steinpresse-RSP-500-Hintergrund-1.png'><img decoding=\"async\" width=\"130\" height=\"130\" src=\"https:\/\/www.rekers.de\/wp-content\/uploads\/Steinpresse-RSP-500-Hintergrund-1-130x130.png\" class=\"attachment-thumbnail size-thumbnail\" alt=\"\" srcset=\"https:\/\/www.rekers.de\/wp-content\/uploads\/Steinpresse-RSP-500-Hintergrund-1-66x66.png 66w, https:\/\/www.rekers.de\/wp-content\/uploads\/Steinpresse-RSP-500-Hintergrund-1-130x130.png 130w\" sizes=\"(max-width: 130px) 100vw, 130px\" \/><\/a>\n\t\t\t<\/dt><\/dl><dl class='gallery-item'>\n\t\t\t<dt class='gallery-icon landscape'>\n\t\t\t\t<a data-rel=\"iLightbox[postimages]\" data-title=\"Maschine\" data-caption=\"\" href='https:\/\/www.rekers.de\/wp-content\/uploads\/Maschine.jpeg'><img decoding=\"async\" width=\"130\" height=\"130\" src=\"https:\/\/www.rekers.de\/wp-content\/uploads\/Maschine-130x130.jpeg\" class=\"attachment-thumbnail size-thumbnail\" alt=\"\" srcset=\"https:\/\/www.rekers.de\/wp-content\/uploads\/Maschine-66x66.jpeg 66w, https:\/\/www.rekers.de\/wp-content\/uploads\/Maschine-130x130.jpeg 130w\" sizes=\"(max-width: 130px) 100vw, 130px\" \/><\/a>\n\t\t\t<\/dt><\/dl><dl class='gallery-item'>\n\t\t\t<dt class='gallery-icon landscape'>\n\t\t\t\t<a data-rel=\"iLightbox[postimages]\" data-title=\"IMG_3734-bearbeitet-Homepage\" data-caption=\"\" href='https:\/\/www.rekers.de\/wp-content\/uploads\/IMG_3734-bearbeitet-Homepage.png'><img decoding=\"async\" width=\"130\" height=\"130\" src=\"https:\/\/www.rekers.de\/wp-content\/uploads\/IMG_3734-bearbeitet-Homepage-130x130.png\" class=\"attachment-thumbnail size-thumbnail\" alt=\"\" srcset=\"https:\/\/www.rekers.de\/wp-content\/uploads\/IMG_3734-bearbeitet-Homepage-66x66.png 66w, https:\/\/www.rekers.de\/wp-content\/uploads\/IMG_3734-bearbeitet-Homepage-130x130.png 130w\" sizes=\"(max-width: 130px) 100vw, 130px\" \/><\/a>\n\t\t\t<\/dt><\/dl><br style=\"clear: both\" \/><dl class='gallery-item'>\n\t\t\t<dt class='gallery-icon landscape'>\n\t\t\t\t<a data-rel=\"iLightbox[postimages]\" data-title=\"Paketierung\" data-caption=\"\" href='https:\/\/www.rekers.de\/wp-content\/uploads\/Paketierung-scaled.jpg'><img decoding=\"async\" width=\"130\" height=\"130\" src=\"https:\/\/www.rekers.de\/wp-content\/uploads\/Paketierung-130x130.jpg\" class=\"attachment-thumbnail size-thumbnail\" alt=\"\" srcset=\"https:\/\/www.rekers.de\/wp-content\/uploads\/Paketierung-66x66.jpg 66w, https:\/\/www.rekers.de\/wp-content\/uploads\/Paketierung-130x130.jpg 130w\" sizes=\"(max-width: 130px) 100vw, 130px\" \/><\/a>\n\t\t\t<\/dt><\/dl><dl class='gallery-item'>\n\t\t\t<dt class='gallery-icon landscape'>\n\t\t\t\t<a data-rel=\"iLightbox[postimages]\" data-title=\"Produkt\" data-caption=\"\" href='https:\/\/www.rekers.de\/wp-content\/uploads\/Produkt-scaled.jpg'><img decoding=\"async\" width=\"130\" height=\"130\" src=\"https:\/\/www.rekers.de\/wp-content\/uploads\/Produkt-130x130.jpg\" class=\"attachment-thumbnail size-thumbnail\" alt=\"\" srcset=\"https:\/\/www.rekers.de\/wp-content\/uploads\/Produkt-66x66.jpg 66w, https:\/\/www.rekers.de\/wp-content\/uploads\/Produkt-130x130.jpg 130w\" sizes=\"(max-width: 130px) 100vw, 130px\" \/><\/a>\n\t\t\t<\/dt><\/dl><dl class='gallery-item'>\n\t\t\t<dt class='gallery-icon landscape'>\n\t\t\t\t<a data-rel=\"iLightbox[postimages]\" data-title=\"Produkt2\" data-caption=\"\" href='https:\/\/www.rekers.de\/wp-content\/uploads\/Produkt2-scaled.jpg'><img decoding=\"async\" width=\"130\" height=\"130\" src=\"https:\/\/www.rekers.de\/wp-content\/uploads\/Produkt2-130x130.jpg\" class=\"attachment-thumbnail size-thumbnail\" alt=\"\" srcset=\"https:\/\/www.rekers.de\/wp-content\/uploads\/Produkt2-66x66.jpg 66w, https:\/\/www.rekers.de\/wp-content\/uploads\/Produkt2-130x130.jpg 130w\" sizes=\"(max-width: 130px) 100vw, 130px\" \/><\/a>\n\t\t\t<\/dt><\/dl><br style=\"clear: both\" \/>\n\t\t<\/div>\n\n<\/div><div class=\"fusion-sep-clear\"><\/div><div class=\"fusion-separator fusion-full-width-sep\" style=\"margin-left: auto;margin-right: auto;width:100%;\"><div class=\"fusion-separator-border sep-double\" style=\"--awb-height:20px;--awb-amount:20px;border-color:#e0dede;border-top-width:1px;border-bottom-width:1px;\"><\/div><\/div><div class=\"fusion-sep-clear\"><\/div><div class=\"fusion-video fusion-youtube\" style=\"--awb-max-width:600px;--awb-max-height:360px;\"><div class=\"video-shortcode\"><div class=\"fluid-width-video-wrapper\" style=\"padding-top:60%;\" ><iframe title=\"YouTube video player 1\" src=\"https:\/\/www.youtube.com\/embed\/zS3QXhw3zTA?wmode=transparent&autoplay=0\" width=\"600\" height=\"360\" allowfullscreen allow=\"autoplay; clipboard-write; encrypted-media; gyroscope; picture-in-picture;\"><\/iframe><\/div><\/div><\/div><div class=\"fusion-clearfix\"><\/div><\/div><\/div><div class=\"fusion-layout-column fusion_builder_column fusion-builder-column-1 fusion_builder_column_1_3 1_3 fusion-one-third fusion-column-last\" style=\"--awb-bg-size:cover;width:33.333333333333%;width:calc(33.333333333333% - ( ( 4% ) * 0.33333333333333 ) );\"><div class=\"fusion-column-wrapper fusion-column-has-shadow fusion-flex-column-wrapper-legacy\"><div class=\"fusion-image-element in-legacy-container\" style=\"--awb-caption-title-font-family:var(--h2_typography-font-family);--awb-caption-title-font-weight:var(--h2_typography-font-weight);--awb-caption-title-font-style:var(--h2_typography-font-style);--awb-caption-title-size:var(--h2_typography-font-size);--awb-caption-title-transform:var(--h2_typography-text-transform);--awb-caption-title-line-height:var(--h2_typography-line-height);--awb-caption-title-letter-spacing:var(--h2_typography-letter-spacing);\"><span class=\" fusion-imageframe imageframe-none imageframe-1 hover-type-none\"><img decoding=\"async\" width=\"300\" height=\"210\" title=\"teaser-DL-Prospekte\" src=\"https:\/\/www.rekers.de\/wp-content\/uploads\/teaser-DL-Prospekte-2.jpg\" alt class=\"img-responsive wp-image-7004\" srcset=\"https:\/\/www.rekers.de\/wp-content\/uploads\/teaser-DL-Prospekte-2-200x140.jpg 200w, https:\/\/www.rekers.de\/wp-content\/uploads\/teaser-DL-Prospekte-2.jpg 300w\" sizes=\"(max-width: 800px) 100vw, 300px\" \/><\/span><\/div><div class=\"fusion-clearfix\"><\/div><\/div><\/div><\/div><\/div>\n","protected":false},"excerpt":{"rendered":"","protected":false},"author":13,"featured_media":0,"parent":0,"menu_order":0,"comment_status":"closed","ping_status":"closed","template":"","meta":{"footnotes":""},"class_list":["post-22326","page","type-page","status-publish","hentry"],"aioseo_notices":[],"_links":{"self":[{"href":"https:\/\/www.rekers.de\/fr\/wp-json\/wp\/v2\/pages\/22326","targetHints":{"allow":["GET"]}}],"collection":[{"href":"https:\/\/www.rekers.de\/fr\/wp-json\/wp\/v2\/pages"}],"about":[{"href":"https:\/\/www.rekers.de\/fr\/wp-json\/wp\/v2\/types\/page"}],"author":[{"embeddable":true,"href":"https:\/\/www.rekers.de\/fr\/wp-json\/wp\/v2\/users\/13"}],"replies":[{"embeddable":true,"href":"https:\/\/www.rekers.de\/fr\/wp-json\/wp\/v2\/comments?post=22326"}],"version-history":[{"count":3,"href":"https:\/\/www.rekers.de\/fr\/wp-json\/wp\/v2\/pages\/22326\/revisions"}],"predecessor-version":[{"id":22329,"href":"https:\/\/www.rekers.de\/fr\/wp-json\/wp\/v2\/pages\/22326\/revisions\/22329"}],"wp:attachment":[{"href":"https:\/\/www.rekers.de\/fr\/wp-json\/wp\/v2\/media?parent=22326"}],"curies":[{"name":"wp","href":"https:\/\/api.w.org\/{rel}","templated":true}]}}