{"id":1179,"date":"2016-02-04T14:29:46","date_gmt":"2016-02-04T13:29:46","guid":{"rendered":"https:\/\/informix.rekers.de\/pl\/?page_id=1179"},"modified":"2024-10-08T09:38:31","modified_gmt":"2024-10-08T07:38:31","slug":"obieg-podkladow-kolejowych","status":"publish","type":"page","link":"https:\/\/www.rekers.de\/pl\/wyroby\/obieg-podkladow-kolejowych\/","title":{"rendered":"Obieg podk\u0142ad\u00f3w kolejowych"},"content":{"rendered":"<div class=\"fusion-fullwidth fullwidth-box fusion-builder-row-1 hundred-percent-fullwidth non-hundred-percent-height-scrolling\" style=\"--awb-border-radius-top-left:0px;--awb-border-radius-top-right:0px;--awb-border-radius-bottom-right:0px;--awb-border-radius-bottom-left:0px;--awb-overflow:visible;--awb-flex-wrap:wrap;\" ><div class=\"fusion-builder-row fusion-row\"><div class=\"fusion-layout-column fusion_builder_column fusion-builder-column-0 fusion_builder_column_2_3 2_3 fusion-two-third fusion-column-first\" style=\"--awb-bg-size:cover;width:65.3333%; margin-right: 4%;\"><div class=\"fusion-column-wrapper fusion-flex-column-wrapper-legacy\"><div class=\"fusion-sep-clear\"><\/div><div class=\"fusion-separator fusion-full-width-sep\" style=\"margin-left: auto;margin-right: auto;margin-bottom:20px;width:100%;\"><\/div><div class=\"fusion-sep-clear\"><\/div><div class=\"fusion-title title fusion-title-1 fusion-sep-none fusion-title-text fusion-title-size-one\" style=\"--awb-margin-top-small:0px;--awb-margin-right-small:0px;--awb-margin-bottom-small:20px;--awb-margin-left-small:0px;\"><h1 class=\"fusion-title-heading title-heading-left\" style=\"margin:0;\">Obieg podk\u0142ad\u00f3w kolejowych<\/h1><\/div><div class=\"fusion-text fusion-text-1\"><p><strong>Elementy tor\u00f3w.\u00a0<\/strong> Spr\u0119\u017cane podk\u0142ady kolejowe typu B 70 stosowane s\u0105 w milionowych ilo\u015bciach. Odznaczaj\u0105 si\u0119 one d\u0142ug\u0105 \u017cywotno\u015bci\u0105 rz\u0119du 40 lat i bardzo dobr\u0105 stabilno\u015bci\u0105 w pod\u0142o\u017cu, co czyni je predysponowanym wyrobem wielu firm wykonawczych.<\/p>\n<p><strong>Ci\u0119\u017cka atletyka.<\/strong> Dobr\u0105 stabilno\u015b\u0107 w pod\u0142o\u017cu zawdzi\u0119czaj\u0105 dlugie na 2,5 m podk\u0142ady swojej masie rz\u0119du ca. 300 kg. Ci\u0119\u017cary te s\u0105 szczeg\u00f3lnym wyzwaniem dla stosowanych w procesie produkcyjnym maszyn.<\/p>\n<p><strong>Wolna droga dla udokumentowanej jako\u015bci.<\/strong> Nie bez znaczenia s\u0105 ostre wymogi jako\u015bciowe w stosunku do produkowanych podk\u0142ad\u00f3w kolejowych. REKERS wspomaga producent\u00f3w przy racjonalnej produkcji i komputerowej dokumentacji i kontroli jako\u015bci.<\/p>\n<\/div><div class=\"fusion-text fusion-text-2\">\n\t\t<style type=\"text\/css\">\n\t\t\t#gallery-1 {\n\t\t\t\tmargin: auto;\n\t\t\t}\n\t\t\t#gallery-1 .gallery-item {\n\t\t\t\tfloat: left;\n\t\t\t\tmargin-top: 10px;\n\t\t\t\ttext-align: center;\n\t\t\t\twidth: 33%;\n\t\t\t}\n\t\t\t#gallery-1 img {\n\t\t\t\tborder: 2px solid #cfcfcf;\n\t\t\t}\n\t\t\t#gallery-1 .gallery-caption {\n\t\t\t\tmargin-left: 0;\n\t\t\t}\n\t\t\t\/* see gallery_shortcode() in wp-includes\/media.php *\/\n\t\t<\/style>\n\t\t<div id='gallery-1' class='gallery galleryid-1179 gallery-columns-3 gallery-size-thumbnail'><dl class='gallery-item'>\n\t\t\t<dt class='gallery-icon portrait'>\n\t\t\t\t<a data-rel=\"iLightbox[postimages]\" data-title=\"Schwellenhandling-(5)\" data-caption=\"\" href='https:\/\/www.rekers.de\/wp-content\/uploads\/2015\/11\/Schwellenhandling-5.jpg'><img decoding=\"async\" width=\"130\" height=\"130\" src=\"https:\/\/www.rekers.de\/wp-content\/uploads\/2015\/11\/Schwellenhandling-5-130x130.jpg\" class=\"attachment-thumbnail size-thumbnail\" alt=\"\" srcset=\"https:\/\/www.rekers.de\/wp-content\/uploads\/2015\/11\/Schwellenhandling-5-66x66.jpg 66w, https:\/\/www.rekers.de\/wp-content\/uploads\/2015\/11\/Schwellenhandling-5-130x130.jpg 130w\" sizes=\"(max-width: 130px) 100vw, 130px\" \/><\/a>\n\t\t\t<\/dt><\/dl><dl class='gallery-item'>\n\t\t\t<dt class='gallery-icon portrait'>\n\t\t\t\t<a data-rel=\"iLightbox[postimages]\" data-title=\"Schwellenhandling-(6)\" data-caption=\"\" href='https:\/\/www.rekers.de\/wp-content\/uploads\/2015\/11\/Schwellenhandling-6.jpg'><img decoding=\"async\" width=\"130\" height=\"130\" src=\"https:\/\/www.rekers.de\/wp-content\/uploads\/2015\/11\/Schwellenhandling-6-130x130.jpg\" class=\"attachment-thumbnail size-thumbnail\" alt=\"\" srcset=\"https:\/\/www.rekers.de\/wp-content\/uploads\/2015\/11\/Schwellenhandling-6-66x66.jpg 66w, https:\/\/www.rekers.de\/wp-content\/uploads\/2015\/11\/Schwellenhandling-6-130x130.jpg 130w\" sizes=\"(max-width: 130px) 100vw, 130px\" \/><\/a>\n\t\t\t<\/dt><\/dl><dl class='gallery-item'>\n\t\t\t<dt class='gallery-icon portrait'>\n\t\t\t\t<a data-rel=\"iLightbox[postimages]\" data-title=\"Schwellenhandling-(7)\" data-caption=\"\" href='https:\/\/www.rekers.de\/wp-content\/uploads\/2015\/11\/Schwellenhandling-7.jpg'><img decoding=\"async\" width=\"130\" height=\"130\" src=\"https:\/\/www.rekers.de\/wp-content\/uploads\/2015\/11\/Schwellenhandling-7-130x130.jpg\" class=\"attachment-thumbnail size-thumbnail\" alt=\"\" srcset=\"https:\/\/www.rekers.de\/wp-content\/uploads\/2015\/11\/Schwellenhandling-7-66x66.jpg 66w, https:\/\/www.rekers.de\/wp-content\/uploads\/2015\/11\/Schwellenhandling-7-130x130.jpg 130w\" sizes=\"(max-width: 130px) 100vw, 130px\" \/><\/a>\n\t\t\t<\/dt><\/dl><br style=\"clear: both\" \/><dl class='gallery-item'>\n\t\t\t<dt class='gallery-icon landscape'>\n\t\t\t\t<a data-rel=\"iLightbox[postimages]\" data-title=\"Schwellenhandling-(10)\" data-caption=\"\" href='https:\/\/www.rekers.de\/wp-content\/uploads\/2015\/11\/Schwellenhandling-10.jpg'><img decoding=\"async\" width=\"130\" height=\"130\" src=\"https:\/\/www.rekers.de\/wp-content\/uploads\/2015\/11\/Schwellenhandling-10-130x130.jpg\" class=\"attachment-thumbnail size-thumbnail\" alt=\"\" srcset=\"https:\/\/www.rekers.de\/wp-content\/uploads\/2015\/11\/Schwellenhandling-10-66x66.jpg 66w, https:\/\/www.rekers.de\/wp-content\/uploads\/2015\/11\/Schwellenhandling-10-130x130.jpg 130w\" sizes=\"(max-width: 130px) 100vw, 130px\" \/><\/a>\n\t\t\t<\/dt><\/dl><dl class='gallery-item'>\n\t\t\t<dt class='gallery-icon landscape'>\n\t\t\t\t<a data-rel=\"iLightbox[postimages]\" data-title=\"Schwellenhandling-(9)\" data-caption=\"\" href='https:\/\/www.rekers.de\/wp-content\/uploads\/2015\/11\/Schwellenhandling-9.jpg'><img decoding=\"async\" width=\"130\" height=\"130\" src=\"https:\/\/www.rekers.de\/wp-content\/uploads\/2015\/11\/Schwellenhandling-9-130x130.jpg\" class=\"attachment-thumbnail size-thumbnail\" alt=\"\" srcset=\"https:\/\/www.rekers.de\/wp-content\/uploads\/2015\/11\/Schwellenhandling-9-66x66.jpg 66w, https:\/\/www.rekers.de\/wp-content\/uploads\/2015\/11\/Schwellenhandling-9-130x130.jpg 130w\" sizes=\"(max-width: 130px) 100vw, 130px\" \/><\/a>\n\t\t\t<\/dt><\/dl><dl class='gallery-item'>\n\t\t\t<dt class='gallery-icon landscape'>\n\t\t\t\t<a data-rel=\"iLightbox[postimages]\" data-title=\"Schwellenhandling-(8)\" data-caption=\"\" href='https:\/\/www.rekers.de\/wp-content\/uploads\/2015\/11\/Schwellenhandling-8.jpg'><img decoding=\"async\" width=\"130\" height=\"130\" src=\"https:\/\/www.rekers.de\/wp-content\/uploads\/2015\/11\/Schwellenhandling-8-130x130.jpg\" class=\"attachment-thumbnail size-thumbnail\" alt=\"\" srcset=\"https:\/\/www.rekers.de\/wp-content\/uploads\/2015\/11\/Schwellenhandling-8-66x66.jpg 66w, https:\/\/www.rekers.de\/wp-content\/uploads\/2015\/11\/Schwellenhandling-8-130x130.jpg 130w\" sizes=\"(max-width: 130px) 100vw, 130px\" \/><\/a>\n\t\t\t<\/dt><\/dl><br style=\"clear: both\" \/><dl class='gallery-item'>\n\t\t\t<dt class='gallery-icon landscape'>\n\t\t\t\t<a data-rel=\"iLightbox[postimages]\" data-title=\"Schwellenhandling-(12)\" data-caption=\"\" href='https:\/\/www.rekers.de\/wp-content\/uploads\/2015\/11\/Schwellenhandling-12.jpg'><img decoding=\"async\" width=\"130\" height=\"130\" src=\"https:\/\/www.rekers.de\/wp-content\/uploads\/2015\/11\/Schwellenhandling-12-130x130.jpg\" class=\"attachment-thumbnail size-thumbnail\" alt=\"\" srcset=\"https:\/\/www.rekers.de\/wp-content\/uploads\/2015\/11\/Schwellenhandling-12-66x66.jpg 66w, https:\/\/www.rekers.de\/wp-content\/uploads\/2015\/11\/Schwellenhandling-12-130x130.jpg 130w\" sizes=\"(max-width: 130px) 100vw, 130px\" \/><\/a>\n\t\t\t<\/dt><\/dl><dl class='gallery-item'>\n\t\t\t<dt class='gallery-icon landscape'>\n\t\t\t\t<a data-rel=\"iLightbox[postimages]\" data-title=\"Schwellenhandling-(11)\" data-caption=\"\" href='https:\/\/www.rekers.de\/wp-content\/uploads\/2015\/11\/Schwellenhandling-11.jpg'><img decoding=\"async\" width=\"130\" height=\"130\" src=\"https:\/\/www.rekers.de\/wp-content\/uploads\/2015\/11\/Schwellenhandling-11-130x130.jpg\" class=\"attachment-thumbnail size-thumbnail\" alt=\"\" srcset=\"https:\/\/www.rekers.de\/wp-content\/uploads\/2015\/11\/Schwellenhandling-11-66x66.jpg 66w, https:\/\/www.rekers.de\/wp-content\/uploads\/2015\/11\/Schwellenhandling-11-130x130.jpg 130w\" sizes=\"(max-width: 130px) 100vw, 130px\" \/><\/a>\n\t\t\t<\/dt><\/dl><dl class='gallery-item'>\n\t\t\t<dt class='gallery-icon landscape'>\n\t\t\t\t<a data-rel=\"iLightbox[postimages]\" data-title=\"Schwellenhandling-(13)\" data-caption=\"\" href='https:\/\/www.rekers.de\/wp-content\/uploads\/2015\/11\/Schwellenhandling-13.jpg'><img decoding=\"async\" width=\"130\" height=\"130\" src=\"https:\/\/www.rekers.de\/wp-content\/uploads\/2015\/11\/Schwellenhandling-13-130x130.jpg\" class=\"attachment-thumbnail size-thumbnail\" alt=\"\" srcset=\"https:\/\/www.rekers.de\/wp-content\/uploads\/2015\/11\/Schwellenhandling-13-66x66.jpg 66w, https:\/\/www.rekers.de\/wp-content\/uploads\/2015\/11\/Schwellenhandling-13-130x130.jpg 130w\" sizes=\"(max-width: 130px) 100vw, 130px\" \/><\/a>\n\t\t\t<\/dt><\/dl><br style=\"clear: both\" \/><dl class='gallery-item'>\n\t\t\t<dt class='gallery-icon landscape'>\n\t\t\t\t<a data-rel=\"iLightbox[postimages]\" data-title=\"Schwellenhandling-(2)\" data-caption=\"\" href='https:\/\/www.rekers.de\/wp-content\/uploads\/2015\/11\/Schwellenhandling-2.jpg'><img decoding=\"async\" width=\"130\" height=\"130\" src=\"https:\/\/www.rekers.de\/wp-content\/uploads\/2015\/11\/Schwellenhandling-2-130x130.jpg\" class=\"attachment-thumbnail size-thumbnail\" alt=\"\" srcset=\"https:\/\/www.rekers.de\/wp-content\/uploads\/2015\/11\/Schwellenhandling-2-66x66.jpg 66w, https:\/\/www.rekers.de\/wp-content\/uploads\/2015\/11\/Schwellenhandling-2-130x130.jpg 130w\" sizes=\"(max-width: 130px) 100vw, 130px\" \/><\/a>\n\t\t\t<\/dt><\/dl><dl class='gallery-item'>\n\t\t\t<dt class='gallery-icon landscape'>\n\t\t\t\t<a data-rel=\"iLightbox[postimages]\" data-title=\"Schwellenhandling-(4)\" data-caption=\"\" href='https:\/\/www.rekers.de\/wp-content\/uploads\/2015\/11\/Schwellenhandling-4.jpg'><img decoding=\"async\" width=\"130\" height=\"130\" src=\"https:\/\/www.rekers.de\/wp-content\/uploads\/2015\/11\/Schwellenhandling-4-130x130.jpg\" class=\"attachment-thumbnail size-thumbnail\" alt=\"\" srcset=\"https:\/\/www.rekers.de\/wp-content\/uploads\/2015\/11\/Schwellenhandling-4-66x66.jpg 66w, https:\/\/www.rekers.de\/wp-content\/uploads\/2015\/11\/Schwellenhandling-4-130x130.jpg 130w\" sizes=\"(max-width: 130px) 100vw, 130px\" \/><\/a>\n\t\t\t<\/dt><\/dl><dl class='gallery-item'>\n\t\t\t<dt class='gallery-icon landscape'>\n\t\t\t\t<a data-rel=\"iLightbox[postimages]\" data-title=\"Schwellenhandling-(3)\" data-caption=\"\" href='https:\/\/www.rekers.de\/wp-content\/uploads\/2015\/11\/Schwellenhandling-3.jpg'><img decoding=\"async\" width=\"130\" height=\"130\" src=\"https:\/\/www.rekers.de\/wp-content\/uploads\/2015\/11\/Schwellenhandling-3-130x130.jpg\" class=\"attachment-thumbnail size-thumbnail\" alt=\"\" srcset=\"https:\/\/www.rekers.de\/wp-content\/uploads\/2015\/11\/Schwellenhandling-3-66x66.jpg 66w, https:\/\/www.rekers.de\/wp-content\/uploads\/2015\/11\/Schwellenhandling-3-130x130.jpg 130w\" sizes=\"(max-width: 130px) 100vw, 130px\" \/><\/a>\n\t\t\t<\/dt><\/dl><br style=\"clear: both\" \/><dl class='gallery-item'>\n\t\t\t<dt class='gallery-icon landscape'>\n\t\t\t\t<a data-rel=\"iLightbox[postimages]\" data-title=\"Schwellenhandling-(14)\" data-caption=\"\" href='https:\/\/www.rekers.de\/wp-content\/uploads\/2015\/11\/Schwellenhandling-14.jpg'><img decoding=\"async\" width=\"130\" height=\"130\" src=\"https:\/\/www.rekers.de\/wp-content\/uploads\/2015\/11\/Schwellenhandling-14-130x130.jpg\" class=\"attachment-thumbnail size-thumbnail\" alt=\"\" srcset=\"https:\/\/www.rekers.de\/wp-content\/uploads\/2015\/11\/Schwellenhandling-14-66x66.jpg 66w, https:\/\/www.rekers.de\/wp-content\/uploads\/2015\/11\/Schwellenhandling-14-130x130.jpg 130w\" sizes=\"(max-width: 130px) 100vw, 130px\" \/><\/a>\n\t\t\t<\/dt><\/dl><dl class='gallery-item'>\n\t\t\t<dt class='gallery-icon landscape'>\n\t\t\t\t<a data-rel=\"iLightbox[postimages]\" data-title=\"Schwellenhandling-(1)\" data-caption=\"\" href='https:\/\/www.rekers.de\/wp-content\/uploads\/2015\/11\/Schwellenhandling-1.jpg'><img decoding=\"async\" width=\"130\" height=\"130\" src=\"https:\/\/www.rekers.de\/wp-content\/uploads\/2015\/11\/Schwellenhandling-1-130x130.jpg\" class=\"attachment-thumbnail size-thumbnail\" alt=\"\" srcset=\"https:\/\/www.rekers.de\/wp-content\/uploads\/2015\/11\/Schwellenhandling-1-66x66.jpg 66w, https:\/\/www.rekers.de\/wp-content\/uploads\/2015\/11\/Schwellenhandling-1-130x130.jpg 130w\" sizes=\"(max-width: 130px) 100vw, 130px\" \/><\/a>\n\t\t\t<\/dt><\/dl>\n\t\t\t<br style='clear: both' \/>\n\t\t<\/div>\n\n<\/div><div class=\"fusion-clearfix\"><\/div><\/div><\/div><div class=\"fusion-layout-column fusion_builder_column fusion-builder-column-1 fusion_builder_column_1_3 1_3 fusion-one-third fusion-column-last\" style=\"--awb-bg-size:cover;width:30.6666%;\"><div class=\"fusion-column-wrapper fusion-flex-column-wrapper-legacy\"><div class=\"fusion-image-element in-legacy-container\" style=\"--awb-caption-title-font-family:var(--h2_typography-font-family);--awb-caption-title-font-weight:var(--h2_typography-font-weight);--awb-caption-title-font-style:var(--h2_typography-font-style);--awb-caption-title-size:var(--h2_typography-font-size);--awb-caption-title-transform:var(--h2_typography-text-transform);--awb-caption-title-line-height:var(--h2_typography-line-height);--awb-caption-title-letter-spacing:var(--h2_typography-letter-spacing);\"><span class=\" fusion-imageframe imageframe-none imageframe-1 hover-type-none\"><a class=\"fusion-no-lightbox\" href=\"https:\/\/www.rekers.de\/wp-content\/uploads\/REKERS_Schwellenproduktion-DE-POL-1.pdf\" target=\"_self\" aria-label=\"but-technische-daten_de\"><img decoding=\"async\" width=\"250\" height=\"197\" src=\"https:\/\/www.rekers.de\/wp-content\/uploads\/2015\/11\/but-technische-daten_de.jpg\" alt class=\"img-responsive wp-image-9054\"\/><\/a><\/span><\/div><div class=\"fusion-clearfix\"><\/div><\/div><\/div><\/div><\/div>\n","protected":false},"excerpt":{"rendered":"","protected":false},"author":3,"featured_media":0,"parent":1101,"menu_order":10,"comment_status":"closed","ping_status":"closed","template":"","meta":{"footnotes":""},"class_list":["post-1179","page","type-page","status-publish","hentry"],"aioseo_notices":[],"_links":{"self":[{"href":"https:\/\/www.rekers.de\/pl\/wp-json\/wp\/v2\/pages\/1179","targetHints":{"allow":["GET"]}}],"collection":[{"href":"https:\/\/www.rekers.de\/pl\/wp-json\/wp\/v2\/pages"}],"about":[{"href":"https:\/\/www.rekers.de\/pl\/wp-json\/wp\/v2\/types\/page"}],"author":[{"embeddable":true,"href":"https:\/\/www.rekers.de\/pl\/wp-json\/wp\/v2\/users\/3"}],"replies":[{"embeddable":true,"href":"https:\/\/www.rekers.de\/pl\/wp-json\/wp\/v2\/comments?post=1179"}],"version-history":[{"count":5,"href":"https:\/\/www.rekers.de\/pl\/wp-json\/wp\/v2\/pages\/1179\/revisions"}],"predecessor-version":[{"id":21845,"href":"https:\/\/www.rekers.de\/pl\/wp-json\/wp\/v2\/pages\/1179\/revisions\/21845"}],"up":[{"embeddable":true,"href":"https:\/\/www.rekers.de\/pl\/wp-json\/wp\/v2\/pages\/1101"}],"wp:attachment":[{"href":"https:\/\/www.rekers.de\/pl\/wp-json\/wp\/v2\/media?parent=1179"}],"curies":[{"name":"wp","href":"https:\/\/api.w.org\/{rel}","templated":true}]}}