{"id":1200,"date":"2016-02-04T14:53:06","date_gmt":"2016-02-04T13:53:06","guid":{"rendered":"https:\/\/informix.rekers.de\/pl\/?page_id=1200"},"modified":"2017-01-30T11:50:27","modified_gmt":"2017-01-30T10:50:27","slug":"sterowania","status":"publish","type":"page","link":"https:\/\/www.rekers.de\/pl\/wyroby\/sterowania\/","title":{"rendered":"Sterowania"},"content":{"rendered":"<div class=\"fusion-fullwidth fullwidth-box fusion-builder-row-1 hundred-percent-fullwidth non-hundred-percent-height-scrolling\" style=\"--awb-border-radius-top-left:0px;--awb-border-radius-top-right:0px;--awb-border-radius-bottom-right:0px;--awb-border-radius-bottom-left:0px;--awb-overflow:visible;--awb-flex-wrap:wrap;\" ><div class=\"fusion-builder-row fusion-row\"><div class=\"fusion-layout-column fusion_builder_column fusion-builder-column-0 fusion_builder_column_2_3 2_3 fusion-two-third fusion-column-first\" style=\"--awb-bg-size:cover;width:65.3333%; margin-right: 4%;\"><div class=\"fusion-column-wrapper fusion-flex-column-wrapper-legacy\"><div class=\"fusion-title title fusion-title-1 fusion-sep-none fusion-title-text fusion-title-size-one\" style=\"--awb-margin-top-small:0px;--awb-margin-right-small:0px;--awb-margin-bottom-small:20px;--awb-margin-left-small:0px;\"><h1 class=\"fusion-title-heading title-heading-left\" style=\"margin:0;\">Sterowania<\/h1><\/div><div class=\"fusion-text fusion-text-1\"><p><strong>Sprz\u0119\u017cona efektywno\u015b\u0107.<\/strong> Sprz\u0119\u017cenie wszystkich sterowa\u0144 (SPS) z serwerem Windows NT poprzez sie\u0107 Profibus umo\u017cliwia szybk\u0105 wymian\u0119 informacji pomi\u0119dzy r\u00f3\u017cnymi procesami.<\/p>\n<p>Nasi do\u015bwiadczeni fachowcy projektuj\u0105 i wykonuj\u0105 solidne i efektywne sterowania, kt\u00f3re umo\u017cliwiaj\u0105 niezawodne funkcjonowanie produkcji. Preferowana technologia szyn profibus redukuje do minimum okablowanie linii produkcyjnej. Ingerencja w bie\u017c\u0105ce procesy mo\u017cliwa jest z ka\u017cdego pulpitu sterowniczego linii.<\/p>\n<p>&nbsp;<\/p>\n<p><a href=\"http:\/\/informix.rekers.de\/wp-content\/uploads\/Steuerung-Fernwartung-DEU_ENG.jpg\" rel=\"attachment wp-att-816\"><img decoding=\"async\" class=\"alignnone size-full wp-image-816\" src=\"http:\/\/informix.rekers.de\/wp-content\/uploads\/Steuerung-Fernwartung-DEU_ENG.jpg\" alt=\"Steuerung-Fernwartung-DEU_ENG\" width=\"971\" height=\"566\" srcset=\"https:\/\/www.rekers.de\/wp-content\/uploads\/Steuerung-Fernwartung-DEU_ENG-300x175.jpg 300w, https:\/\/www.rekers.de\/wp-content\/uploads\/Steuerung-Fernwartung-DEU_ENG.jpg 971w\" sizes=\"(max-width: 971px) 100vw, 971px\" \/><\/a><\/p>\n<p>Operator sk\u0142adow\u0105 sterowania. Przejrzysta i intuitywna powierzchnia obs\u0142ugi z znanej optyce windows czyni\u0105 wyb\u00f3r i wprowadzanie parametr\u00f3w dziecinnie \u0142atwym. W indywidualnych wizualizacjach maszyn zintegrowanych jest wiele funkcji sterowania. Banki danych zaprogramowane s\u0105 w najnowszej wersji windows. Zarz\u0105dzaj\u0105 one parametrami produkcji i zezwoleniami dostepu do sterowania, archiwizuj\u0105 dane produkcyjne i b\u0142\u0119dy. Udost\u0119pniaj\u0105 one te dane do\u0142\u0105czonych do nich centr\u00f3w obliczeniowych. Wydruki list z licznymi opcjami filtrowania jak i wymiana sygna\u0142\u00f3w z systemem SAP jest mo\u017cliwa.<\/p>\n<p>Obserwacja i zrozumienie meldunk\u00f3w. Pe\u0142na grafika ukazuje przejrzy\u015bcie sytuacj\u0119 produkcyjna maszyny. Meldunki b\u0142\u0119dow ukazywane s\u0105 na monitorze graficznie i formie tekstowej. Graficzne ikony z danymi produkcyjnymi ukazuja na jeden rzut oka ca\u0142kowit\u0105 sytuacj\u0119 aktulnego przebiegu procesu produkcyjnego.<\/p>\n<p><a href=\"http:\/\/informix.rekers.de\/wp-content\/uploads\/Steuerung-Mischanlage.jpg\" rel=\"attachment wp-att-818\"><img decoding=\"async\" class=\"alignnone size-full wp-image-818\" src=\"http:\/\/informix.rekers.de\/wp-content\/uploads\/Steuerung-Mischanlage.jpg\" alt=\"Steuerung-Mischanlage\" width=\"900\" height=\"564\" srcset=\"https:\/\/www.rekers.de\/wp-content\/uploads\/Steuerung-Mischanlage-300x188.jpg 300w, https:\/\/www.rekers.de\/wp-content\/uploads\/Steuerung-Mischanlage-320x202.jpg 320w, https:\/\/www.rekers.de\/wp-content\/uploads\/Steuerung-Mischanlage.jpg 900w\" sizes=\"(max-width: 900px) 100vw, 900px\" \/><\/a><\/p>\n<p>Rekers poiada certyfikaty UL wg normy NITW E 191471<\/p>\n<p>Sterowania firmy REKERS dla w\u0119z\u0142\u00f3w betoniarskich i instalacji dozowniczych sprawdzi\u0142y si\u0119 stukrotnie w praktyce i odznaczaj\u0105 si\u0119 zrozumia\u0142\u0105 intuitywn\u0105 powierzchni\u0105 obs\u0142ugi, przemy\u015blanym oprogramowaniem, \u201esamoucz\u0105cym sie\u201d programem i przystosowan\u0105 do praktyki ich obs\u0142ug\u0105. Ka\u017cde z naszych sterowa\u0144 zoptymalizowane jest do indywidualnych potrzeb klienta i u\u017cytkowanych maszyn.<\/p>\n<p>Retrofit \u2013 program fitnes dla sterowa\u0144 linii produkcyjnych. Celem programu retrofit jest podwy\u017cszenie zdolno\u015bci produkcyjnych i wydajno\u015bci maszyn i urz\u0105dze\u0144 w zak\u0142adzie betonowym. Starsze maszyny i urz\u0105dzenia s\u0105 zwykle, dzi\u0119ki regularnemu serwisowaniu w dobrej kondycji mechanicznej. Technika sterowania, nap\u0119d\u00f3w czy zabezpiecze\u0144 antywypadkowych nie odpowiada jednak z regu\u0142y aktualnemu stanowi techniki. W licznych przypadkach niekt\u00f3rzy dostawcy zaprzestali produkcji sprawdzonych komponentow, kt\u00f3re w wypadku nast\u0119pnej awarii nie s\u0105 dost\u0119pne. W nast\u0119pstwie czynno\u015bci retrofit przestarza\u0142e komponenty zostaja zast\u0119powane nowymi, nowoczesnymi, odpowiadaj\u0105cymi aktualnym standardom komponentami czy te\u017c technologiami poszerzaj\u0105cymi niejednokrotnie zakres funkcjonowania. Celem dzia\u0142ania jest zoptymimalizowanie przetwarzania betonu poprzezz zabezpieczenie sprawno\u015bci sterowania i techniki nap\u0119d\u00f3w.<\/p>\n<p>&nbsp;<\/p>\n<p><a href=\"http:\/\/informix.rekers.de\/wp-content\/uploads\/Steuerung-Schaltschrank-alt-neu.jpg\" rel=\"attachment wp-att-822\"><img decoding=\"async\" class=\"alignnone size-full wp-image-822\" src=\"http:\/\/informix.rekers.de\/wp-content\/uploads\/Steuerung-Schaltschrank-alt-neu.jpg\" alt=\"Steuerung-Schaltschrank-alt-neu\" width=\"900\" height=\"433\" srcset=\"https:\/\/www.rekers.de\/wp-content\/uploads\/Steuerung-Schaltschrank-alt-neu-300x144.jpg 300w, https:\/\/www.rekers.de\/wp-content\/uploads\/Steuerung-Schaltschrank-alt-neu.jpg 900w\" sizes=\"(max-width: 900px) 100vw, 900px\" \/><\/a><\/p>\n<p>&nbsp;<\/p>\n<p><a href=\"http:\/\/informix.rekers.de\/wp-content\/uploads\/Steuerung-Maschine.jpg\" rel=\"attachment wp-att-817\"><img decoding=\"async\" class=\"alignnone size-full wp-image-817\" src=\"http:\/\/informix.rekers.de\/wp-content\/uploads\/Steuerung-Maschine.jpg\" alt=\"Steuerung-Maschine\" width=\"900\" height=\"512\" srcset=\"https:\/\/www.rekers.de\/wp-content\/uploads\/Steuerung-Maschine-300x171.jpg 300w, https:\/\/www.rekers.de\/wp-content\/uploads\/Steuerung-Maschine.jpg 900w\" sizes=\"(max-width: 900px) 100vw, 900px\" \/><\/a><\/p>\n<p>Bezpiecze\u0144stwo na pierwszym miejscu. System sterowania firmy REKERS dzieli ca\u0142o\u015b\u0107 linii produkcyjnej na r\u00f3\u017cne strefy. Ka\u017cda ze stref chroni personal obs\u0142ugi zgodnie z obowi\u0105zuj\u0105cymi przepisami przed niebezpiecznymi sytuacjami. W wypadku zagro\u017cenia urz\u0105dzenia zabezpieczaj\u0105ce od\u0142\u0105czaj\u0105 zdefiniowany obszar niebezpieczny i sygnalizuj\u0105 t\u0119 sytuacj\u0119 w realnym czasie na monitorze.<\/p>\n<p><a href=\"http:\/\/informix.rekers.de\/wp-content\/uploads\/Steuerung-Sicherheit.jpg\" rel=\"attachment wp-att-821\"><img decoding=\"async\" class=\"alignnone size-full wp-image-821\" src=\"http:\/\/informix.rekers.de\/wp-content\/uploads\/Steuerung-Sicherheit.jpg\" alt=\"Steuerung-Sicherheit\" width=\"900\" height=\"675\" srcset=\"https:\/\/www.rekers.de\/wp-content\/uploads\/Steuerung-Sicherheit-300x225.jpg 300w, https:\/\/www.rekers.de\/wp-content\/uploads\/Steuerung-Sicherheit.jpg 900w\" sizes=\"(max-width: 900px) 100vw, 900px\" \/><\/a><\/p>\n<\/div><div class=\"fusion-clearfix\"><\/div><\/div><\/div><div class=\"fusion-layout-column fusion_builder_column fusion-builder-column-1 fusion_builder_column_1_3 1_3 fusion-one-third fusion-column-last\" style=\"--awb-bg-size:cover;width:30.6666%;\"><div class=\"fusion-column-wrapper fusion-flex-column-wrapper-legacy\"><div class=\"fusion-clearfix\"><\/div><\/div><\/div><\/div><\/div>\n","protected":false},"excerpt":{"rendered":"","protected":false},"author":3,"featured_media":0,"parent":1101,"menu_order":15,"comment_status":"closed","ping_status":"closed","template":"","meta":{"footnotes":""},"class_list":["post-1200","page","type-page","status-publish","hentry"],"aioseo_notices":[],"_links":{"self":[{"href":"https:\/\/www.rekers.de\/pl\/wp-json\/wp\/v2\/pages\/1200","targetHints":{"allow":["GET"]}}],"collection":[{"href":"https:\/\/www.rekers.de\/pl\/wp-json\/wp\/v2\/pages"}],"about":[{"href":"https:\/\/www.rekers.de\/pl\/wp-json\/wp\/v2\/types\/page"}],"author":[{"embeddable":true,"href":"https:\/\/www.rekers.de\/pl\/wp-json\/wp\/v2\/users\/3"}],"replies":[{"embeddable":true,"href":"https:\/\/www.rekers.de\/pl\/wp-json\/wp\/v2\/comments?post=1200"}],"version-history":[{"count":2,"href":"https:\/\/www.rekers.de\/pl\/wp-json\/wp\/v2\/pages\/1200\/revisions"}],"predecessor-version":[{"id":4215,"href":"https:\/\/www.rekers.de\/pl\/wp-json\/wp\/v2\/pages\/1200\/revisions\/4215"}],"up":[{"embeddable":true,"href":"https:\/\/www.rekers.de\/pl\/wp-json\/wp\/v2\/pages\/1101"}],"wp:attachment":[{"href":"https:\/\/www.rekers.de\/pl\/wp-json\/wp\/v2\/media?parent=1200"}],"curies":[{"name":"wp","href":"https:\/\/api.w.org\/{rel}","templated":true}]}}