{"id":21716,"date":"2024-08-30T08:22:18","date_gmt":"2024-08-30T06:22:18","guid":{"rendered":"https:\/\/www.rekers.de\/?page_id=21716"},"modified":"2024-10-16T12:43:07","modified_gmt":"2024-10-16T10:43:07","slug":"uszlachetnianie-wyrobow","status":"publish","type":"page","link":"https:\/\/www.rekers.de\/pl\/uszlachetnianie-wyrobow\/","title":{"rendered":"Uszlachetnianie wyrob\u00f3w"},"content":{"rendered":"<div class=\"fusion-fullwidth fullwidth-box fusion-builder-row-1 nonhundred-percent-fullwidth non-hundred-percent-height-scrolling\" style=\"--awb-border-radius-top-left:0px;--awb-border-radius-top-right:0px;--awb-border-radius-bottom-right:0px;--awb-border-radius-bottom-left:0px;--awb-flex-wrap:wrap;\" ><div class=\"fusion-builder-row fusion-row\"><div class=\"fusion-layout-column fusion_builder_column fusion-builder-column-0 fusion_builder_column_2_3 2_3 fusion-two-third fusion-column-first\" style=\"--awb-bg-size:cover;width:66.666666666667%;width:calc(66.666666666667% - ( ( 4% ) * 0.66666666666667 ) );margin-right: 4%;\"><div class=\"fusion-column-wrapper fusion-column-has-shadow fusion-flex-column-wrapper-legacy\"><div class=\"fusion-title title fusion-title-1 fusion-sep-none fusion-title-text fusion-title-size-one\" style=\"--awb-margin-top-small:0px;--awb-margin-right-small:0px;--awb-margin-bottom-small:20px;--awb-margin-left-small:0px;\"><h1 class=\"fusion-title-heading title-heading-left\" style=\"margin:0;\"><strong>Uszlachetnianie wyrob\u00f3w<\/strong><\/h1><\/div><div class=\"fusion-text fusion-text-1\"><p>Technologie do uszlachetniania odgrywaj\u0105 rozstrzygaj\u0105c\u0105 rol\u0119 przy produkcji wysokiej jako\u015bci wyrob\u00f3w betonowych, nadaj\u0105c ich widocznym powierzchniom optymalny wzgl\u0119dnie ulepszony, estetyczny wygl\u0105d, czy te\u017c poprawiaj\u0105c ich w\u0142a\u015bciwo\u015bci. Poni\u017cej przedstawiamy poszczeg\u00f3lne maszyny z tego dzia\u0142u naszej produkcji wraz z szczeg\u00f3\u0142owym opisem ich parametr\u00f3w.<\/p>\n<\/div><div class=\"fusion-text fusion-text-2\" style=\"--awb-font-size:var(--awb-typography3-font-size);--awb-line-height:var(--awb-typography3-line-height);--awb-letter-spacing:var(--awb-typography3-letter-spacing);--awb-text-transform:var(--awb-typography3-text-transform);--awb-text-font-family:var(--awb-typography3-font-family);--awb-text-font-weight:var(--awb-typography3-font-weight);--awb-text-font-style:var(--awb-typography3-font-style);\"><p><strong>Maszyny do uszlachetniania<\/strong><\/p>\n<\/div><div class=\"accordian fusion-accordian\" style=\"--awb-border-size:2px;--awb-icon-size:18px;--awb-content-font-size:15px;--awb-content-letter-spacing:var(--awb-typography3-letter-spacing);--awb-content-text-transform:var(--awb-typography3-text-transform);--awb-content-line-height:var(--awb-typography3-line-height);--awb-icon-alignment:right;--awb-hover-color:#90f4d5;--awb-border-color:#747474;--awb-background-color:#cecece;--awb-divider-color:#e0dede;--awb-divider-hover-color:#e0dede;--awb-icon-color:#747474;--awb-title-color:#747474;--awb-content-color:#747474;--awb-icon-box-color:#141617;--awb-toggle-hover-accent-color:#747474;--awb-toggle-active-accent-color:#141617;--awb-title-font-family:Arial, Helvetica, sans-serif;--awb-title-font-weight:400;--awb-title-font-style:normal;--awb-title-font-size:15px;--awb-title-line-height:24px;--awb-title-text-transform:var(--awb-typography2-text-transform);--awb-content-font-family:Arial, Helvetica, sans-serif;--awb-content-font-style:normal;--awb-content-font-weight:400;\"><div class=\"panel-group fusion-toggle-icon-right fusion-toggle-icon-unboxed\" id=\"accordion-21716-1\"><div class=\"fusion-panel panel-default panel-142ddcebc5c77dc0b fusion-toggle-has-divider\" style=\"--awb-title-color:#333333;--awb-content-color:#747474;\"><div class=\"panel-heading\"><h1 class=\"panel-title toggle\" id=\"toggle_142ddcebc5c77dc0b\"><a aria-expanded=\"false\" aria-controls=\"142ddcebc5c77dc0b\" role=\"button\" data-toggle=\"collapse\" data-parent=\"#accordion-21716-1\" data-target=\"#142ddcebc5c77dc0b\" href=\"#142ddcebc5c77dc0b\"><span class=\"fusion-toggle-icon-wrapper\" aria-hidden=\"true\"><i class=\"fa-fusion-box active-icon fa-arrow-alt-circle-down far\" aria-hidden=\"true\"><\/i><i class=\"fa-fusion-box inactive-icon fa-arrow-alt-circle-up far\" aria-hidden=\"true\"><\/i><\/span><span class=\"fusion-toggle-heading\">\u015arutownice<\/span><\/a><\/h1><\/div><div id=\"142ddcebc5c77dc0b\" class=\"panel-collapse collapse \" aria-labelledby=\"toggle_142ddcebc5c77dc0b\"><div class=\"panel-body toggle-content fusion-clearfix\">\n<p>\u015arutowanie nale\u017cy do sprawdzonych technologii obr\u00f3bki nawierzchni betonowych. Stalowe kulki wzgl\u0119dnie inny materia\u0142 oddzia\u0142ywuje z du\u017cym ci\u015bnieniem i otwiera i jednocze\u015bnie modyfikuje w ten spos\u00f3b powierzchnie g\u00f3rne wyrobu. Technika ta nie poprawia tylko wygl\u0105du estetycznego, lecz s\u0142u\u017cy r\u00f3wnie\u017c do zwi\u0119kszenia przyczepno\u015bci stosowanych w nast\u0119pnym kroku pow\u0142ok pokrywaj\u0105cych powierzchni\u0119.<\/p>\n<p>Rekers oferuje wysoce wydajne i precyzyjne \u015brutownice. Maszyny te wyposa\u017cone s\u0105 w najnowocze\u015bniejsze systemy sterowania umo\u017cliwiaj\u0105ce elestyczne dopasowywanie parametr\u00f3w \u015brutowania. Prowadzi to do osi\u0105gni\u0119cia jednorodnych wynik\u00f3w obr\u00f3bki przy ci\u0105g\u0142ej, wysokiej jako\u015bci.<\/p>\n<p><img decoding=\"async\" class=\"alignnone size-full wp-image-21635\" src=\"https:\/\/www.rekers.de\/wp-content\/uploads\/Strahlen-Steine-Homepage.png\" alt=\"\" width=\"615\" height=\"607\" srcset=\"https:\/\/www.rekers.de\/wp-content\/uploads\/Strahlen-Steine-Homepage-66x66.png 66w, https:\/\/www.rekers.de\/wp-content\/uploads\/Strahlen-Steine-Homepage-200x197.png 200w, https:\/\/www.rekers.de\/wp-content\/uploads\/Strahlen-Steine-Homepage-300x296.png 300w, https:\/\/www.rekers.de\/wp-content\/uploads\/Strahlen-Steine-Homepage-400x395.png 400w, https:\/\/www.rekers.de\/wp-content\/uploads\/Strahlen-Steine-Homepage-600x592.png 600w, https:\/\/www.rekers.de\/wp-content\/uploads\/Strahlen-Steine-Homepage.png 615w\" sizes=\"(max-width: 615px) 100vw, 615px\" \/><\/p>\n<p>\u00a9 BraunBeton GmbH \u2013 Trendline Terrasse in Lichtgrau und Lavaschwarz<\/p>\n<\/div><\/div><\/div><div class=\"fusion-panel panel-default panel-cf24e0f05fa4742be fusion-toggle-has-divider\" style=\"--awb-title-color:#333333;--awb-content-color:#747474;\"><div class=\"panel-heading\"><h1 class=\"panel-title toggle\" id=\"toggle_cf24e0f05fa4742be\"><a aria-expanded=\"false\" aria-controls=\"cf24e0f05fa4742be\" role=\"button\" data-toggle=\"collapse\" data-parent=\"#accordion-21716-1\" data-target=\"#cf24e0f05fa4742be\" href=\"#cf24e0f05fa4742be\"><span class=\"fusion-toggle-icon-wrapper\" aria-hidden=\"true\"><i class=\"fa-fusion-box active-icon fa-arrow-alt-circle-down far\" aria-hidden=\"true\"><\/i><i class=\"fa-fusion-box inactive-icon fa-arrow-alt-circle-up far\" aria-hidden=\"true\"><\/i><\/span><span class=\"fusion-toggle-heading\"> Curling linia szczotkowania<\/span><\/a><\/h1><\/div><div id=\"cf24e0f05fa4742be\" class=\"panel-collapse collapse \" aria-labelledby=\"toggle_cf24e0f05fa4742be\"><div class=\"panel-body toggle-content fusion-clearfix\">\n<p>Curling linia szczotkowania jest innowacyjn\u0105 technik\u0105 uszlachetniania stosowan\u0105 przede wszystkim przy kostce betonowej celem uzyskania atrakcyjnego, \u0142agodnie wyg\u0142adzonej struktury powierzchni. Procedura obr\u00f3bki polega na poddaniu powierzchni oddzia\u0142ywaniu szczotek o r\u00f3\u017cnym uw\u0142osieniu, co prowadzi do uzyskania bardzo szlachetnego, \u017cywego i dynamicznego efektu na obrabianej powierzchni.<\/p>\n<p>Firma Rekers zainwestowa\u0142a w proces szczotkowania i opracowa\u0142a maszyny, kt\u00f3re umo\u017cliwiaj\u0105 precyzyjne sterowanie g\u0142\u0119boko\u015bci oraz szybko\u015bci obr\u00f3bki. Technologia ta jest szczeg\u00f3lnie przydatna producentom i pomaga w powi\u0119kszeniu palety wyrob\u00f3w w zakresie r\u00f3\u017cnorodno\u015bci wygl\u0105du zewn\u0119trznego.<\/p>\n<p><img decoding=\"async\" class=\"alignnone size-full wp-image-21643\" src=\"https:\/\/www.rekers.de\/wp-content\/uploads\/Screenshot-2024-08-28-123221.png\" alt=\"\" width=\"613\" height=\"717\" srcset=\"https:\/\/www.rekers.de\/wp-content\/uploads\/Screenshot-2024-08-28-123221-200x234.png 200w, https:\/\/www.rekers.de\/wp-content\/uploads\/Screenshot-2024-08-28-123221-256x300.png 256w, https:\/\/www.rekers.de\/wp-content\/uploads\/Screenshot-2024-08-28-123221-400x468.png 400w, https:\/\/www.rekers.de\/wp-content\/uploads\/Screenshot-2024-08-28-123221-600x702.png 600w, https:\/\/www.rekers.de\/wp-content\/uploads\/Screenshot-2024-08-28-123221.png 613w\" sizes=\"(max-width: 613px) 100vw, 613px\" \/><\/p>\n<p>\u00a9 BraunBeton GmbH \u2013 Fiamata in Stracciatella und Nero<\/p>\n<\/div><\/div><\/div><div class=\"fusion-panel panel-default panel-7647a5f281c0ee6ec fusion-toggle-has-divider\" style=\"--awb-title-color:#333333;--awb-content-color:#747474;\"><div class=\"panel-heading\"><h1 class=\"panel-title toggle\" id=\"toggle_7647a5f281c0ee6ec\"><a aria-expanded=\"false\" aria-controls=\"7647a5f281c0ee6ec\" role=\"button\" data-toggle=\"collapse\" data-parent=\"#accordion-21716-1\" data-target=\"#7647a5f281c0ee6ec\" href=\"#7647a5f281c0ee6ec\"><span class=\"fusion-toggle-icon-wrapper\" aria-hidden=\"true\"><i class=\"fa-fusion-box active-icon fa-arrow-alt-circle-down far\" aria-hidden=\"true\"><\/i><i class=\"fa-fusion-box inactive-icon fa-arrow-alt-circle-up far\" aria-hidden=\"true\"><\/i><\/span><span class=\"fusion-toggle-heading\">linia lakierowania<\/span><\/a><\/h1><\/div><div id=\"7647a5f281c0ee6ec\" class=\"panel-collapse collapse \" aria-labelledby=\"toggle_7647a5f281c0ee6ec\"><div class=\"panel-body toggle-content fusion-clearfix\">\n<p>Pokrywanie powierzchni wyrob\u00f3w betonowych r\u00f3\u017cnego rodzaju pow\u0142okami jest dalsz\u0105 mo\u017cliwo\u015bci\u0105 technik uszlachetniania. Zastosowanie specjalnych materia\u0142\u00f3w pokrywaj\u0105cych mo\u017ce nie tylko uszlachetni\u0107 ich powierzchni\u0119, poprawia jednocze\u015bnie r\u00f3wnie\u017c ich \u017cywotno\u015b\u0107 i odporno\u015b\u0107 na czynniki atmosferyczne.<\/p>\n<p>Firma Rekers skoncentrowa\u0142a si\u0119 przy tym na rozw\u00f3j maszyn, kt\u00f3re gwarantuj\u0105 r\u00f3wnomiern\u0105 i precyzyjn\u0105 aplikacj\u0119 pow\u0142\u00f3k. Maszyny s\u0105 tak skonstruowane, \u017ce mo\u017cliwym jest stosowanie r\u00f3\u017cnorodnych materia\u0142\u00f3w kryj\u0105cych przy sta\u0142ej wysokiej jako\u015bci pracy. Funkcje instalacji powlekania mog\u0105 by\u0107 poszerzone o najnowocze\u015bniejsze technologie drukowania.<\/p>\n<\/div><\/div><\/div><div class=\"fusion-panel panel-default panel-1d86658021b58e8a4 fusion-toggle-has-divider\" style=\"--awb-title-color:#333333;--awb-content-color:#747474;\"><div class=\"panel-heading\"><h1 class=\"panel-title toggle\" id=\"toggle_1d86658021b58e8a4\"><a aria-expanded=\"false\" aria-controls=\"1d86658021b58e8a4\" role=\"button\" data-toggle=\"collapse\" data-parent=\"#accordion-21716-1\" data-target=\"#1d86658021b58e8a4\" href=\"#1d86658021b58e8a4\"><span class=\"fusion-toggle-icon-wrapper\" aria-hidden=\"true\"><i class=\"fa-fusion-box active-icon fa-arrow-alt-circle-down far\" aria-hidden=\"true\"><\/i><i class=\"fa-fusion-box inactive-icon fa-arrow-alt-circle-up far\" aria-hidden=\"true\"><\/i><\/span><span class=\"fusion-toggle-heading\">linia splitowania<\/span><\/a><\/h1><\/div><div id=\"1d86658021b58e8a4\" class=\"panel-collapse collapse \" aria-labelledby=\"toggle_1d86658021b58e8a4\"><div class=\"panel-body toggle-content fusion-clearfix\">\n<p>Splitowanie bloczk\u00f3w betonowych i kostki jest jedna ze specjalistycznych technik przy nadawaniu wyrobom betonowym wygl\u0105du kamienia naturalnego. Firma Rekers wprowadza tutaj maszyny splituj\u0105ce pozwalaj\u0105ce na prowadzenie automatycznego procesu produkcji przy r\u00f3\u017cnych systemach bloczk\u00f3w, czy wyrob\u00f3w fasadowych.<\/p>\n<p>Gilotyny firmy Rekers zapewniaj\u0105 wysok\u0105 efektywno\u015b\u0107 i precyzj\u0119 produkcji. Posiadaj\u0105 one inteligentny system sterowania pozwalaj\u0105cy na dok\u0142adne dostosowanie produkcji do po\u017c\u0105danej specyfikacji. Tak wysoka elestyczno\u015b\u0107 parametr\u00f3w jest rozstrzygaj\u0105ca przy produkcji wyrob\u00f3w<br \/>\nw r\u00f3\u017cnorodnych wariantach i po\u017c\u0105danej jako\u015bci.<\/p>\n<p><img decoding=\"async\" class=\"alignnone size-full wp-image-21658\" src=\"https:\/\/www.rekers.de\/wp-content\/uploads\/Screenshot-2024-08-28-125055.png\" alt=\"\" width=\"616\" height=\"613\" srcset=\"https:\/\/www.rekers.de\/wp-content\/uploads\/Screenshot-2024-08-28-125055-66x66.png 66w, https:\/\/www.rekers.de\/wp-content\/uploads\/Screenshot-2024-08-28-125055-130x130.png 130w, https:\/\/www.rekers.de\/wp-content\/uploads\/Screenshot-2024-08-28-125055-200x199.png 200w, https:\/\/www.rekers.de\/wp-content\/uploads\/Screenshot-2024-08-28-125055-300x300.png 300w, https:\/\/www.rekers.de\/wp-content\/uploads\/Screenshot-2024-08-28-125055-400x398.png 400w, https:\/\/www.rekers.de\/wp-content\/uploads\/Screenshot-2024-08-28-125055-600x597.png 600w, https:\/\/www.rekers.de\/wp-content\/uploads\/Screenshot-2024-08-28-125055.png 616w\" sizes=\"(max-width: 616px) 100vw, 616px\" \/><\/p>\n<p>\u00a9 creabeton.ch<\/p>\n<\/div><\/div><\/div><div class=\"fusion-panel panel-default panel-ba44162d81bf5c085 fusion-toggle-has-divider\" style=\"--awb-title-color:#333333;--awb-content-color:#747474;\"><div class=\"panel-heading\"><h1 class=\"panel-title toggle\" id=\"toggle_ba44162d81bf5c085\"><a aria-expanded=\"false\" aria-controls=\"ba44162d81bf5c085\" role=\"button\" data-toggle=\"collapse\" data-parent=\"#accordion-21716-1\" data-target=\"#ba44162d81bf5c085\" href=\"#ba44162d81bf5c085\"><span class=\"fusion-toggle-icon-wrapper\" aria-hidden=\"true\"><i class=\"fa-fusion-box active-icon fa-arrow-alt-circle-down far\" aria-hidden=\"true\"><\/i><i class=\"fa-fusion-box inactive-icon fa-arrow-alt-circle-up far\" aria-hidden=\"true\"><\/i><\/span><span class=\"fusion-toggle-heading\">m\u0142oteczkowanie<\/span><\/a><\/h1><\/div><div id=\"ba44162d81bf5c085\" class=\"panel-collapse collapse \" aria-labelledby=\"toggle_ba44162d81bf5c085\"><div class=\"panel-body toggle-content fusion-clearfix\">\n<p>M\u0142otkowanie i postarzanie wyrob\u00f3w<br \/>\nM\u0142otkowanie i postarzanie s\u0105 procesami s\u0142u\u017c\u0105cymi do uszlachetniania powierzchni, by nada\u0107 betonowi naturalny, rustykalny i efektowny wygl\u0105d. Dzi\u0119ki tej technice osi\u0105gana jest \u017cywa struktura przy zagwarantowanej wielorodno\u015bci optyki wyrobu ko\u0144cowego.<\/p>\n<p>Maszyny firmy Rekers przystosowane do m\u0142otkowania i postarzania odznaczaj\u0105 sie prost\u0105 obs\u0142ug\u0105 i wysokim stopniem bezpiecze\u0144stwa prowadzonego procesu. R\u00f3\u017cnorodno\u015b\u0107 mo\u017cliwo\u015bci technologicznych tych maszyn daje ponadto mo\u017cliwo\u015b\u0107 bardzo dobrego dostosowania sie producenta wyrob\u00f3w do wymog\u00f3w produkcji, jak i rynku.<\/p>\n<p><img decoding=\"async\" class=\"alignnone size-full wp-image-21665\" src=\"https:\/\/www.rekers.de\/wp-content\/uploads\/Screenshot-2024-08-28-125626.png\" alt=\"\" width=\"579\" height=\"198\" srcset=\"https:\/\/www.rekers.de\/wp-content\/uploads\/Screenshot-2024-08-28-125626-200x68.png 200w, https:\/\/www.rekers.de\/wp-content\/uploads\/Screenshot-2024-08-28-125626-300x103.png 300w, https:\/\/www.rekers.de\/wp-content\/uploads\/Screenshot-2024-08-28-125626-400x137.png 400w, https:\/\/www.rekers.de\/wp-content\/uploads\/Screenshot-2024-08-28-125626.png 579w\" sizes=\"(max-width: 579px) 100vw, 579px\" \/><\/p>\n<p>Stocken und Altern f\u00fcr ein nat\u00fcrliches, rustikales und ansprechendes Erscheinungsbild<\/p>\n<\/div><\/div><\/div><div class=\"fusion-panel panel-default panel-60049772392f3e17f fusion-toggle-has-divider\" style=\"--awb-title-color:#333333;--awb-content-color:#747474;\"><div class=\"panel-heading\"><h1 class=\"panel-title toggle\" id=\"toggle_60049772392f3e17f\"><a aria-expanded=\"false\" aria-controls=\"60049772392f3e17f\" role=\"button\" data-toggle=\"collapse\" data-parent=\"#accordion-21716-1\" data-target=\"#60049772392f3e17f\" href=\"#60049772392f3e17f\"><span class=\"fusion-toggle-icon-wrapper\" aria-hidden=\"true\"><i class=\"fa-fusion-box active-icon fa-arrow-alt-circle-down far\" aria-hidden=\"true\"><\/i><i class=\"fa-fusion-box inactive-icon fa-arrow-alt-circle-up far\" aria-hidden=\"true\"><\/i><\/span><span class=\"fusion-toggle-heading\">linia kalibrowania<\/span><\/a><\/h1><\/div><div id=\"60049772392f3e17f\" class=\"panel-collapse collapse \" aria-labelledby=\"toggle_60049772392f3e17f\"><div class=\"panel-body toggle-content fusion-clearfix\">\n<p>linia kalibrowania<br \/>\nKalibracja p\u0142yt jest kluczow\u0105 technologi\u0105 obr\u00f3bki powierzchni prowadz\u0105c\u0105 do osi\u0105gania jednolitej wysoko\u015bci wyrob\u00f3w. Maszyny firmy Rekers odznaczaj\u0105 si\u0119 precyzyjn\u0105 obr\u00f3bk\u0105 maj\u0105c\u0105 na celu wykonanie gotowych wyrob\u00f3w o wysokim standardzie jako\u015bci zapewniaj\u0105cym ich \u0142atwe uk\u0142adanie na miejscu budowy. Kalibracja jest za\u0142o\u017ceniem podstawowym dla nast\u0119puj\u0105cych po niej technik obr\u00f3bki, jak: frezowanie \/ szlifowanie, poniewa\u017c &#8222;otwiera&#8221; jednorodnie powierzchni\u0119 do p\u00f3\u017aniejszej obr\u00f3bki<\/p>\n<p>Obr\u00f3bka naszymi szlifierkami zapewnia szlachetny wygl\u0105d powierzchni i w zale\u017cno\u015bci od ilo\u015bci stacji szlifowania mo\u017cna uzyska\u0107 wygl\u0105d od lekko przeszlifowanej a\u017c po prawie polerowan\u0105 powierzchni\u0119. Nast\u0119puj\u0105ce po tym fazowanie wyrob\u00f3w s\u0142u\u017cy dalszemu podwy\u017cszeniu jako\u015bci wygl\u0105du wyrob\u00f3w. Maszyny mog\u0105 pracowa\u0107 na sucho, jak i na mokro.<\/p>\n<p>Szlifierki i maszyny kalibruj\u0105ce firmy Rekers wyposa\u017cone s\u0105 w najnowsze technologie gwarantuj\u0105ce efektywno\u015b\u0107 produkcji i efektywno\u015b\u0107 energetyczn\u0105 przy obr\u00f3bce wtrob\u00f3w betonowych. Inteligentne koncepcja maszyn pozwala na wydatne skr\u00f3cenie czasu produkcji bez negatywnego wp\u0142ywu na jako\u015b\u0107 wyrob\u00f3w.<\/p>\n<\/div><\/div><\/div><\/div><\/div><div class=\"fusion-text fusion-text-3\"><p>.<\/p>\n<\/div><div class=\"fusion-text fusion-text-4\"><p>Poszczeg\u00f3lne technologie oferuj\u0105 producentom wyrob\u00f3w betonowych pojedynczo, jak i w kombinacji mo\u017cliwo\u015bci innowacyjnego i kreatywnego ulepszania powierzchni g\u00f3rnej wyrob\u00f3w i co za tym idzie rozszerzenie w\u0142asnej palety wyrob\u00f3w.<\/p>\n<p>Stosuj\u0105c najnowsze technologie oraz stale orientuj\u0105c si\u0119 do wymog\u00f3w rynku firma Rekers pozycjonuje si\u0119 jako kompetentny &#8222;Generalny Wykonawca&#8221; dla przedsi\u0119biorstw z bran\u017cy produkcji wyrob\u00f3w betonowych, oczekuj\u0105cych od dostawcy jako\u015bci, efektywno\u015bci i elastyczno\u015bci we wsp\u00f3\u0142pracy. Nasze inwestycje w tym nowym zakresie produkcji \u015bwiadcz\u0105 nie tylko o innowacyjno\u015bci przedsi\u0119biorstwa, ale r\u00f3wnie\u017c o naszym d\u0105\u017ceniu, by naszym kontrahentom proponowa\u0107 ca\u0142o\u015bciowo, z jednej r\u0119ki optymalne projekty o najwy\u017cszej jako\u015bci.<\/p>\n<\/div><div class=\"fusion-clearfix\"><\/div><\/div><\/div><div class=\"fusion-layout-column fusion_builder_column fusion-builder-column-1 fusion_builder_column_1_3 1_3 fusion-one-third fusion-column-last\" style=\"--awb-bg-size:cover;width:33.333333333333%;width:calc(33.333333333333% - ( ( 4% ) * 0.33333333333333 ) );\"><div class=\"fusion-column-wrapper fusion-column-has-shadow fusion-flex-column-wrapper-legacy\"><div class=\"fusion-image-element in-legacy-container\" style=\"--awb-caption-title-font-family:var(--h2_typography-font-family);--awb-caption-title-font-weight:var(--h2_typography-font-weight);--awb-caption-title-font-style:var(--h2_typography-font-style);--awb-caption-title-size:var(--h2_typography-font-size);--awb-caption-title-transform:var(--h2_typography-text-transform);--awb-caption-title-line-height:var(--h2_typography-line-height);--awb-caption-title-letter-spacing:var(--h2_typography-letter-spacing);\"><span class=\" fusion-imageframe imageframe-none imageframe-1 hover-type-none\"><img decoding=\"async\" width=\"300\" height=\"210\" title=\"teaser-DL-Prospekte\" src=\"https:\/\/www.rekers.de\/wp-content\/uploads\/teaser-DL-Prospekte-2.jpg\" alt class=\"img-responsive wp-image-7006\" srcset=\"https:\/\/www.rekers.de\/wp-content\/uploads\/teaser-DL-Prospekte-2-200x140.jpg 200w, https:\/\/www.rekers.de\/wp-content\/uploads\/teaser-DL-Prospekte-2.jpg 300w\" sizes=\"(max-width: 800px) 100vw, 300px\" \/><\/span><\/div><div class=\"fusion-clearfix\"><\/div><\/div><\/div><\/div><\/div>\n","protected":false},"excerpt":{"rendered":"","protected":false},"author":13,"featured_media":0,"parent":0,"menu_order":0,"comment_status":"closed","ping_status":"closed","template":"","meta":{"footnotes":""},"class_list":["post-21716","page","type-page","status-publish","hentry"],"aioseo_notices":[],"_links":{"self":[{"href":"https:\/\/www.rekers.de\/pl\/wp-json\/wp\/v2\/pages\/21716","targetHints":{"allow":["GET"]}}],"collection":[{"href":"https:\/\/www.rekers.de\/pl\/wp-json\/wp\/v2\/pages"}],"about":[{"href":"https:\/\/www.rekers.de\/pl\/wp-json\/wp\/v2\/types\/page"}],"author":[{"embeddable":true,"href":"https:\/\/www.rekers.de\/pl\/wp-json\/wp\/v2\/users\/13"}],"replies":[{"embeddable":true,"href":"https:\/\/www.rekers.de\/pl\/wp-json\/wp\/v2\/comments?post=21716"}],"version-history":[{"count":7,"href":"https:\/\/www.rekers.de\/pl\/wp-json\/wp\/v2\/pages\/21716\/revisions"}],"predecessor-version":[{"id":22008,"href":"https:\/\/www.rekers.de\/pl\/wp-json\/wp\/v2\/pages\/21716\/revisions\/22008"}],"wp:attachment":[{"href":"https:\/\/www.rekers.de\/pl\/wp-json\/wp\/v2\/media?parent=21716"}],"curies":[{"name":"wp","href":"https:\/\/api.w.org\/{rel}","templated":true}]}}