{"id":22333,"date":"2024-11-26T12:05:14","date_gmt":"2024-11-26T11:05:14","guid":{"rendered":"https:\/\/www.rekers.de\/?page_id=22333"},"modified":"2024-11-26T12:05:37","modified_gmt":"2024-11-26T11:05:37","slug":"prasa-rsp-500","status":"publish","type":"page","link":"https:\/\/www.rekers.de\/pl\/prasa-rsp-500\/","title":{"rendered":"Prasa RSP-500"},"content":{"rendered":"<div class=\"fusion-fullwidth fullwidth-box fusion-builder-row-1 nonhundred-percent-fullwidth non-hundred-percent-height-scrolling\" style=\"--awb-border-radius-top-left:0px;--awb-border-radius-top-right:0px;--awb-border-radius-bottom-right:0px;--awb-border-radius-bottom-left:0px;--awb-flex-wrap:wrap;\" ><div class=\"fusion-builder-row fusion-row\"><div class=\"fusion-layout-column fusion_builder_column fusion-builder-column-0 fusion_builder_column_2_3 2_3 fusion-two-third fusion-column-first\" style=\"--awb-bg-size:cover;width:66.666666666667%;width:calc(66.666666666667% - ( ( 4% ) * 0.66666666666667 ) );margin-right: 4%;\"><div class=\"fusion-column-wrapper fusion-column-has-shadow fusion-flex-column-wrapper-legacy\"><div class=\"fusion-title title fusion-title-1 fusion-sep-none fusion-title-text fusion-title-size-one\" style=\"--awb-margin-top-small:0px;--awb-margin-right-small:0px;--awb-margin-bottom-small:20px;--awb-margin-left-small:0px;\"><h1 class=\"fusion-title-heading title-heading-left\" style=\"margin:0;\"><p><strong>Prasa RSP-500<br \/>\n<\/strong><\/p><\/h1><\/div><div class=\"fusion-text fusion-text-1\"><p><strong>Prasa <\/strong><strong>typu RSP-500<\/strong> wyznacza nowe standardy w produkcji przyjaznych dla \u015brodowiska i zr\u00f3wnowa\u017conych wyrob\u00f3w budowlanych: Prasa ta umo\u017cliwia produkcj\u0119 <strong>cegie\u0142 i p\u0142ytek<\/strong> <strong>elewacyjnych<\/strong> <strong>jako wyrob\u00f3w \u201eujemnych\u201c pod wzgl\u0119dem emisji CO2<\/strong>, w kt\u00f3rych nie stosuje si\u0119 <strong>cementu ani gliny<\/strong>. W miejsce tych materia\u0142\u00f3w prasa wykorzystuje materia\u0142y pochodz\u0105ce z recyklingu, w tym \u017cu\u017cel stalowniczy i specjalne spoiwa, kt\u00f3re osi\u0105gaj\u0105 imponuj\u0105c\u0105 zawarto\u015b\u0107 materia\u0142\u00f3w pochodz\u0105cych z recyklingu na poziomie 80%. Dzi\u0119ki wi\u0105zaniu CO2 na poziomie 60 kg na ton\u0119 ceg\u0142y elewacyjnej, prasa RSP-500 w znacz\u0105cy spos\u00f3b przyczynia si\u0119 do ochrony klimatu.<\/p>\n<p>Prasa RSP-500 \u0142\u0105czy w sobie dwie sprawdzone technologie: jest to kombinacja wydajno\u015bci wibroprasy z systemem obiegu palet produkcyjnych z wydajn\u0105 hydraulik\u0105 prasy do bloczk\u00f3w wapienno-piaskowych. Najnowocze\u015bniejsza technologia hydrauliczna zag\u0119szcza kruszywa pochodz\u0105ce z recyklingu w formie pod wysokim ci\u015bnieniem. To kontrolowane zag\u0119szczenie tworzy niezwykle stabilny produkt, kt\u00f3ry jest precyzyjnie rozformowywany na palecie produkcyjnej, podobnie jak w klasycznych wibroprasach. Ale to nie wszystko, bo kolejnym atutem jest produkcja\u00a0 naro\u017cnik\u00f3w, kt\u00f3re z dw\u00f3ch stron pokryte s\u0105 wyrafinowan\u0105 warstw\u0105 licow\u0105, dzi\u0119ki czemu mo\u017cna je bardzo elastycznie stosowa\u0107 na miejscu budowy. To unikalne po\u0142\u0105czenie nie tylko zwi\u0119ksza jako\u015b\u0107 produktu, ale tak\u017ce szybko\u015b\u0107 i wydajno\u015b\u0107 procesu produkcyjnego, umo\u017cliwiaj\u0105c produkcj\u0119 du\u017cych ilo\u015bci wyrob\u00f3 o wysokiej wytrzyma\u0142o\u015bci w kr\u00f3tszym czasie &#8211; idealne do wymaga\u0144 przemys\u0142u budowlanego, oczekuj\u0105cego najwy\u017cszego poziomu precyzji i jako\u015bci produkt\u00f3w.<\/p>\n<p>Kolejn\u0105 zalet\u0105 RSP-500 jest jego przemy\u015blana i praktyczna konstrukcja. Maszyna jest obr\u00f3cona o 90\u00b0 w stosunku do kierunku produkcji, co zapewnia optymalny wgl\u0105d w ka\u017cdy krok procesu produkcyjnego, a jednocze\u015bnie u\u0142atwia czyszczenie i konserwacj\u0119. Najwa\u017cniejsze komponenty zaprojektowano tak, aby by\u0142y stale \u0142atwo dost\u0119pne. Dotyczy to w szczeg\u00f3lno\u015bci strefy nape\u0142niania formy surowcem, a tak\u017ce bunkr\u00f3w strony syandard i licowej, kt\u00f3re w razie potrzeby mo\u017cna \u0142atwo otworzy\u0107 w celu przeprowadzenia prac serwisowych. Ta przemy\u015blana konstrukcja sprawia, \u017ce \u200b\u200bRSP-500 jest nie tylko szczeg\u00f3lnie wydajna i trwa\u0142a, ale tak\u017ce przyjazna w serwisowaniu, co zwi\u0119ksza dyspozycyjno\u015b\u0107 maszyny i zmniejsza koszty eksploatacji.<\/p>\n<p>Podsumowuj\u0105c wymienione fakty, prasa do cegie\u0142 elewacyjnych RSP-500 stanowi przekonuj\u0105ce rozwi\u0105zanie dla firm, kt\u00f3re chc\u0105 wytwarza\u0107 zr\u00f3wnowa\u017cone produkty budowlane wysokiej jako\u015bci, jednocze\u015bnie minimalizuj\u0105c sw\u00f3j \u015blad ekologiczny. Wysoki stopie\u0144 recyklingu, efektywne wykorzystanie najnowocze\u015bniejszej technologii i przyjazna dla u\u017cytkownika konstrukcja sprawiaj\u0105, \u017ce RSP-500 jest idealnym wyborem dla przysz\u0142o\u015bciowych linii produkcyjnych.<\/p>\n<p><strong>Fakty<\/strong><\/p>\n<ul>\n<li>Si\u0142a nacisku 500 ton<\/li>\n<li>Mo\u017cliwo\u015bci produkcyjne &#8211; c 20 milion\u00f3w wyrob\u00f3w rocznie<\/li>\n<li>Mo\u017cliwo\u015b\u0107 produkcji wyrob\u00f3w dwuwarstwowych<\/li>\n<li>Opcjonalnie z 3. warstw\u0105 poprzez dodatkow\u0105 jednostk\u0119 posypujac\u0105<\/li>\n<li>System Colour-blending dla poszerzenia gamy kolorystycznej produkowanych wyrob\u00f3w<\/li>\n<\/ul>\n<\/div><div class=\"fusion-text fusion-text-2\">\n\t\t<style type=\"text\/css\">\n\t\t\t#gallery-1 {\n\t\t\t\tmargin: auto;\n\t\t\t}\n\t\t\t#gallery-1 .gallery-item {\n\t\t\t\tfloat: left;\n\t\t\t\tmargin-top: 10px;\n\t\t\t\ttext-align: center;\n\t\t\t\twidth: 33%;\n\t\t\t}\n\t\t\t#gallery-1 img {\n\t\t\t\tborder: 2px solid #cfcfcf;\n\t\t\t}\n\t\t\t#gallery-1 .gallery-caption {\n\t\t\t\tmargin-left: 0;\n\t\t\t}\n\t\t\t\/* see gallery_shortcode() in wp-includes\/media.php *\/\n\t\t<\/style>\n\t\t<div id='gallery-1' class='gallery galleryid-22333 gallery-columns-3 gallery-size-thumbnail'><dl class='gallery-item'>\n\t\t\t<dt class='gallery-icon landscape'>\n\t\t\t\t<a data-rel=\"iLightbox[postimages]\" data-title=\"Steinpresse-RSP-500-Hintergrund\" data-caption=\"\" href='https:\/\/www.rekers.de\/wp-content\/uploads\/Steinpresse-RSP-500-Hintergrund-1.png'><img decoding=\"async\" width=\"130\" height=\"130\" src=\"https:\/\/www.rekers.de\/wp-content\/uploads\/Steinpresse-RSP-500-Hintergrund-1-130x130.png\" class=\"attachment-thumbnail size-thumbnail\" alt=\"\" srcset=\"https:\/\/www.rekers.de\/wp-content\/uploads\/Steinpresse-RSP-500-Hintergrund-1-66x66.png 66w, https:\/\/www.rekers.de\/wp-content\/uploads\/Steinpresse-RSP-500-Hintergrund-1-130x130.png 130w\" sizes=\"(max-width: 130px) 100vw, 130px\" \/><\/a>\n\t\t\t<\/dt><\/dl><dl class='gallery-item'>\n\t\t\t<dt class='gallery-icon landscape'>\n\t\t\t\t<a data-rel=\"iLightbox[postimages]\" data-title=\"Maschine\" data-caption=\"\" href='https:\/\/www.rekers.de\/wp-content\/uploads\/Maschine.jpeg'><img decoding=\"async\" width=\"130\" height=\"130\" src=\"https:\/\/www.rekers.de\/wp-content\/uploads\/Maschine-130x130.jpeg\" class=\"attachment-thumbnail size-thumbnail\" alt=\"\" srcset=\"https:\/\/www.rekers.de\/wp-content\/uploads\/Maschine-66x66.jpeg 66w, https:\/\/www.rekers.de\/wp-content\/uploads\/Maschine-130x130.jpeg 130w\" sizes=\"(max-width: 130px) 100vw, 130px\" \/><\/a>\n\t\t\t<\/dt><\/dl><dl class='gallery-item'>\n\t\t\t<dt class='gallery-icon landscape'>\n\t\t\t\t<a data-rel=\"iLightbox[postimages]\" data-title=\"IMG_3734-bearbeitet-Homepage\" data-caption=\"\" href='https:\/\/www.rekers.de\/wp-content\/uploads\/IMG_3734-bearbeitet-Homepage.png'><img decoding=\"async\" width=\"130\" height=\"130\" src=\"https:\/\/www.rekers.de\/wp-content\/uploads\/IMG_3734-bearbeitet-Homepage-130x130.png\" class=\"attachment-thumbnail size-thumbnail\" alt=\"\" srcset=\"https:\/\/www.rekers.de\/wp-content\/uploads\/IMG_3734-bearbeitet-Homepage-66x66.png 66w, https:\/\/www.rekers.de\/wp-content\/uploads\/IMG_3734-bearbeitet-Homepage-130x130.png 130w\" sizes=\"(max-width: 130px) 100vw, 130px\" \/><\/a>\n\t\t\t<\/dt><\/dl><br style=\"clear: both\" \/><dl class='gallery-item'>\n\t\t\t<dt class='gallery-icon landscape'>\n\t\t\t\t<a data-rel=\"iLightbox[postimages]\" data-title=\"Paketierung\" data-caption=\"\" href='https:\/\/www.rekers.de\/wp-content\/uploads\/Paketierung-scaled.jpg'><img decoding=\"async\" width=\"130\" height=\"130\" src=\"https:\/\/www.rekers.de\/wp-content\/uploads\/Paketierung-130x130.jpg\" class=\"attachment-thumbnail size-thumbnail\" alt=\"\" srcset=\"https:\/\/www.rekers.de\/wp-content\/uploads\/Paketierung-66x66.jpg 66w, https:\/\/www.rekers.de\/wp-content\/uploads\/Paketierung-130x130.jpg 130w\" sizes=\"(max-width: 130px) 100vw, 130px\" \/><\/a>\n\t\t\t<\/dt><\/dl><dl class='gallery-item'>\n\t\t\t<dt class='gallery-icon landscape'>\n\t\t\t\t<a data-rel=\"iLightbox[postimages]\" data-title=\"Produkt\" data-caption=\"\" href='https:\/\/www.rekers.de\/wp-content\/uploads\/Produkt-scaled.jpg'><img decoding=\"async\" width=\"130\" height=\"130\" src=\"https:\/\/www.rekers.de\/wp-content\/uploads\/Produkt-130x130.jpg\" class=\"attachment-thumbnail size-thumbnail\" alt=\"\" srcset=\"https:\/\/www.rekers.de\/wp-content\/uploads\/Produkt-66x66.jpg 66w, https:\/\/www.rekers.de\/wp-content\/uploads\/Produkt-130x130.jpg 130w\" sizes=\"(max-width: 130px) 100vw, 130px\" \/><\/a>\n\t\t\t<\/dt><\/dl><dl class='gallery-item'>\n\t\t\t<dt class='gallery-icon landscape'>\n\t\t\t\t<a data-rel=\"iLightbox[postimages]\" data-title=\"Produkt2\" data-caption=\"\" href='https:\/\/www.rekers.de\/wp-content\/uploads\/Produkt2-scaled.jpg'><img decoding=\"async\" width=\"130\" height=\"130\" src=\"https:\/\/www.rekers.de\/wp-content\/uploads\/Produkt2-130x130.jpg\" class=\"attachment-thumbnail size-thumbnail\" alt=\"\" srcset=\"https:\/\/www.rekers.de\/wp-content\/uploads\/Produkt2-66x66.jpg 66w, https:\/\/www.rekers.de\/wp-content\/uploads\/Produkt2-130x130.jpg 130w\" sizes=\"(max-width: 130px) 100vw, 130px\" \/><\/a>\n\t\t\t<\/dt><\/dl><br style=\"clear: both\" \/>\n\t\t<\/div>\n\n<\/div><div class=\"fusion-sep-clear\"><\/div><div class=\"fusion-separator fusion-full-width-sep\" style=\"margin-left: auto;margin-right: auto;width:100%;\"><div class=\"fusion-separator-border sep-double\" style=\"--awb-height:20px;--awb-amount:20px;border-color:#e0dede;border-top-width:1px;border-bottom-width:1px;\"><\/div><\/div><div class=\"fusion-sep-clear\"><\/div><div class=\"fusion-video fusion-youtube\" style=\"--awb-max-width:600px;--awb-max-height:360px;\"><div class=\"video-shortcode\"><div class=\"fluid-width-video-wrapper\" style=\"padding-top:60%;\" ><iframe title=\"YouTube video player 1\" src=\"https:\/\/www.youtube.com\/embed\/zS3QXhw3zTA?wmode=transparent&autoplay=0\" width=\"600\" height=\"360\" allowfullscreen allow=\"autoplay; clipboard-write; encrypted-media; gyroscope; picture-in-picture;\"><\/iframe><\/div><\/div><\/div><div class=\"fusion-clearfix\"><\/div><\/div><\/div><div class=\"fusion-layout-column fusion_builder_column fusion-builder-column-1 fusion_builder_column_1_3 1_3 fusion-one-third fusion-column-last\" style=\"--awb-bg-size:cover;width:33.333333333333%;width:calc(33.333333333333% - ( ( 4% ) * 0.33333333333333 ) );\"><div class=\"fusion-column-wrapper fusion-column-has-shadow fusion-flex-column-wrapper-legacy\"><div class=\"fusion-image-element in-legacy-container\" style=\"--awb-caption-title-font-family:var(--h2_typography-font-family);--awb-caption-title-font-weight:var(--h2_typography-font-weight);--awb-caption-title-font-style:var(--h2_typography-font-style);--awb-caption-title-size:var(--h2_typography-font-size);--awb-caption-title-transform:var(--h2_typography-text-transform);--awb-caption-title-line-height:var(--h2_typography-line-height);--awb-caption-title-letter-spacing:var(--h2_typography-letter-spacing);\"><span class=\" fusion-imageframe imageframe-none imageframe-1 hover-type-none\"><img decoding=\"async\" width=\"300\" height=\"210\" title=\"teaser-DL-Prospekte\" src=\"https:\/\/www.rekers.de\/wp-content\/uploads\/teaser-DL-Prospekte-2.jpg\" alt class=\"img-responsive wp-image-7006\" srcset=\"https:\/\/www.rekers.de\/wp-content\/uploads\/teaser-DL-Prospekte-2-200x140.jpg 200w, https:\/\/www.rekers.de\/wp-content\/uploads\/teaser-DL-Prospekte-2.jpg 300w\" sizes=\"(max-width: 800px) 100vw, 300px\" \/><\/span><\/div><div class=\"fusion-clearfix\"><\/div><\/div><\/div><\/div><\/div>\n","protected":false},"excerpt":{"rendered":"","protected":false},"author":13,"featured_media":0,"parent":0,"menu_order":0,"comment_status":"closed","ping_status":"closed","template":"","meta":{"footnotes":""},"class_list":["post-22333","page","type-page","status-publish","hentry"],"aioseo_notices":[],"_links":{"self":[{"href":"https:\/\/www.rekers.de\/pl\/wp-json\/wp\/v2\/pages\/22333","targetHints":{"allow":["GET"]}}],"collection":[{"href":"https:\/\/www.rekers.de\/pl\/wp-json\/wp\/v2\/pages"}],"about":[{"href":"https:\/\/www.rekers.de\/pl\/wp-json\/wp\/v2\/types\/page"}],"author":[{"embeddable":true,"href":"https:\/\/www.rekers.de\/pl\/wp-json\/wp\/v2\/users\/13"}],"replies":[{"embeddable":true,"href":"https:\/\/www.rekers.de\/pl\/wp-json\/wp\/v2\/comments?post=22333"}],"version-history":[{"count":3,"href":"https:\/\/www.rekers.de\/pl\/wp-json\/wp\/v2\/pages\/22333\/revisions"}],"predecessor-version":[{"id":22336,"href":"https:\/\/www.rekers.de\/pl\/wp-json\/wp\/v2\/pages\/22333\/revisions\/22336"}],"wp:attachment":[{"href":"https:\/\/www.rekers.de\/pl\/wp-json\/wp\/v2\/media?parent=22333"}],"curies":[{"name":"wp","href":"https:\/\/api.w.org\/{rel}","templated":true}]}}