{"id":23357,"date":"2025-06-13T12:44:34","date_gmt":"2025-06-13T10:44:34","guid":{"rendered":"https:\/\/www.rekers.de\/?page_id=23357"},"modified":"2025-06-13T12:44:34","modified_gmt":"2025-06-13T10:44:34","slug":"colour-blending","status":"publish","type":"page","link":"https:\/\/www.rekers.de\/pl\/colour-blending\/","title":{"rendered":"Colour-Blending"},"content":{"rendered":"<div class=\"fusion-fullwidth fullwidth-box fusion-builder-row-1 fusion-flex-container has-pattern-background has-mask-background nonhundred-percent-fullwidth non-hundred-percent-height-scrolling\" style=\"--awb-border-radius-top-left:0px;--awb-border-radius-top-right:0px;--awb-border-radius-bottom-right:0px;--awb-border-radius-bottom-left:0px;--awb-flex-wrap:wrap;\" ><div class=\"fusion-builder-row fusion-row fusion-flex-align-items-flex-start fusion-flex-content-wrap\" style=\"max-width:1196px;margin-left: calc(-4% \/ 2 );margin-right: calc(-4% \/ 2 );\"><div class=\"fusion-layout-column fusion_builder_column fusion-builder-column-0 fusion_builder_column_2_3 2_3 fusion-flex-column\" style=\"--awb-bg-size:cover;--awb-width-large:66.666666666667%;--awb-margin-top-large:0px;--awb-spacing-right-large:2.88%;--awb-margin-bottom-large:20px;--awb-spacing-left-large:2.88%;--awb-width-medium:100%;--awb-order-medium:0;--awb-spacing-right-medium:1.92%;--awb-spacing-left-medium:1.92%;--awb-width-small:100%;--awb-order-small:0;--awb-spacing-right-small:1.92%;--awb-spacing-left-small:1.92%;\"><div class=\"fusion-column-wrapper fusion-column-has-shadow fusion-flex-justify-content-flex-start fusion-content-layout-column\"><div class=\"fusion-text fusion-text-1\"><h1><strong>Colour-Blending<\/strong><\/h1>\n<\/div><div class=\"fusion-text fusion-text-2\"><p>Innowacyjny, opatentowany system Colour Blending firmy Rekers jest w stanie dozowa\u0107 w zdefiniowany spos\u00f3b do sze\u015bciu kolorowych mieszanek betonu licowego do bunkra betonu maszyny. System ten pozwala produkcj\u0119 wyrob\u00f3w o podobnych do naturalnych, atrakcyjnych powierzchniach.<\/p>\n<p>Wielostronne mo\u017cliwo\u015bci ustawie\u0144 w technice sterowania pozwalaj\u0105 na kreowanie powierzchni g\u00f3rnych wyrob\u00f3w o r\u00f3\u017cnej strukturze, jak pasma, przenikanie kolorow jeden w drugi etc. Wzory te mog\u0105 by\u0107 realizowane jako wzory powtarzalne lub przypadkowe czy te\u017c unikatowe, w zbli\u017conej do natury jako\u015bci. Detale systemu:<\/p>\n<p>\u2013 zrealizowany dla 3 \u2013 6 mieszanek kolorowych (opatentowany)<br \/>\n\u2013 dowolne programowanie doprowadzania r\u00f3\u017cnorodnie barwionego betonu i zmiennych jego ilo\u015bci na podajnik do maszyny<br \/>\n\u2013 wychylny podajnik ta\u015bmowy dla kontrolowanego doprowadzania \u0142adunku do bunkra betonu licowego maszyny<br \/>\n\u2013 bunkier betonu licowego maszyny wyposa\u017cony jest opcjonalnie w \u015bcianki dziel\u0105ce<br \/>\n\u2013 ma\u0142y rozmiarowo bunkier betonu licowego \/ dopasowana do niego szuflada betonu<br \/>\n\u2013 sprawdzony w praktyce<\/p>\n<\/div><div class=\"fusion-text fusion-text-3\">\n\t\t<style type=\"text\/css\">\n\t\t\t#gallery-1 {\n\t\t\t\tmargin: auto;\n\t\t\t}\n\t\t\t#gallery-1 .gallery-item {\n\t\t\t\tfloat: left;\n\t\t\t\tmargin-top: 10px;\n\t\t\t\ttext-align: center;\n\t\t\t\twidth: 33%;\n\t\t\t}\n\t\t\t#gallery-1 img {\n\t\t\t\tborder: 2px solid #cfcfcf;\n\t\t\t}\n\t\t\t#gallery-1 .gallery-caption {\n\t\t\t\tmargin-left: 0;\n\t\t\t}\n\t\t\t\/* see gallery_shortcode() in wp-includes\/media.php *\/\n\t\t<\/style>\n\t\t<div id='gallery-1' class='gallery galleryid-23357 gallery-columns-3 gallery-size-thumbnail'><dl class='gallery-item'>\n\t\t\t<dt class='gallery-icon landscape'>\n\t\t\t\t<a data-rel=\"iLightbox[postimages]\" data-title=\"Colour-Blending-(1)\" data-caption=\"\" href='https:\/\/www.rekers.de\/wp-content\/uploads\/2015\/12\/Colour-Blending-1.jpg'><img decoding=\"async\" width=\"130\" height=\"130\" src=\"https:\/\/www.rekers.de\/wp-content\/uploads\/2015\/12\/Colour-Blending-1-130x130.jpg\" class=\"attachment-thumbnail size-thumbnail\" alt=\"\" srcset=\"https:\/\/www.rekers.de\/wp-content\/uploads\/2015\/12\/Colour-Blending-1-66x66.jpg 66w, https:\/\/www.rekers.de\/wp-content\/uploads\/2015\/12\/Colour-Blending-1-130x130.jpg 130w\" sizes=\"(max-width: 130px) 100vw, 130px\" \/><\/a>\n\t\t\t<\/dt><\/dl><dl class='gallery-item'>\n\t\t\t<dt class='gallery-icon landscape'>\n\t\t\t\t<a data-rel=\"iLightbox[postimages]\" data-title=\"Colour-Blending-(3)\" data-caption=\"\" href='https:\/\/www.rekers.de\/wp-content\/uploads\/2015\/12\/Colour-Blending-3.jpg'><img decoding=\"async\" width=\"130\" height=\"130\" src=\"https:\/\/www.rekers.de\/wp-content\/uploads\/2015\/12\/Colour-Blending-3-130x130.jpg\" class=\"attachment-thumbnail size-thumbnail\" alt=\"\" srcset=\"https:\/\/www.rekers.de\/wp-content\/uploads\/2015\/12\/Colour-Blending-3-66x66.jpg 66w, https:\/\/www.rekers.de\/wp-content\/uploads\/2015\/12\/Colour-Blending-3-130x130.jpg 130w\" sizes=\"(max-width: 130px) 100vw, 130px\" \/><\/a>\n\t\t\t<\/dt><\/dl><dl class='gallery-item'>\n\t\t\t<dt class='gallery-icon landscape'>\n\t\t\t\t<a data-rel=\"iLightbox[postimages]\" data-title=\"Colour-Blending-(5)\" data-caption=\"\" href='https:\/\/www.rekers.de\/wp-content\/uploads\/2015\/12\/Colour-Blending-5.jpg'><img decoding=\"async\" width=\"130\" height=\"130\" src=\"https:\/\/www.rekers.de\/wp-content\/uploads\/2015\/12\/Colour-Blending-5-130x130.jpg\" class=\"attachment-thumbnail size-thumbnail\" alt=\"\" srcset=\"https:\/\/www.rekers.de\/wp-content\/uploads\/2015\/12\/Colour-Blending-5-66x66.jpg 66w, https:\/\/www.rekers.de\/wp-content\/uploads\/2015\/12\/Colour-Blending-5-130x130.jpg 130w\" sizes=\"(max-width: 130px) 100vw, 130px\" \/><\/a>\n\t\t\t<\/dt><\/dl><br style=\"clear: both\" \/><dl class='gallery-item'>\n\t\t\t<dt class='gallery-icon landscape'>\n\t\t\t\t<a data-rel=\"iLightbox[postimages]\" data-title=\"Colour-Blending-(4)\" data-caption=\"\" href='https:\/\/www.rekers.de\/wp-content\/uploads\/2015\/12\/Colour-Blending-4.jpg'><img decoding=\"async\" width=\"130\" height=\"130\" src=\"https:\/\/www.rekers.de\/wp-content\/uploads\/2015\/12\/Colour-Blending-4-130x130.jpg\" class=\"attachment-thumbnail size-thumbnail\" alt=\"\" srcset=\"https:\/\/www.rekers.de\/wp-content\/uploads\/2015\/12\/Colour-Blending-4-66x66.jpg 66w, https:\/\/www.rekers.de\/wp-content\/uploads\/2015\/12\/Colour-Blending-4-130x130.jpg 130w\" sizes=\"(max-width: 130px) 100vw, 130px\" \/><\/a>\n\t\t\t<\/dt><\/dl><dl class='gallery-item'>\n\t\t\t<dt class='gallery-icon landscape'>\n\t\t\t\t<a data-rel=\"iLightbox[postimages]\" data-title=\"Colour-Blending-(6)\" data-caption=\"\" href='https:\/\/www.rekers.de\/wp-content\/uploads\/2015\/12\/Colour-Blending-6.jpg'><img decoding=\"async\" width=\"130\" height=\"130\" src=\"https:\/\/www.rekers.de\/wp-content\/uploads\/2015\/12\/Colour-Blending-6-130x130.jpg\" class=\"attachment-thumbnail size-thumbnail\" alt=\"\" srcset=\"https:\/\/www.rekers.de\/wp-content\/uploads\/2015\/12\/Colour-Blending-6-66x66.jpg 66w, https:\/\/www.rekers.de\/wp-content\/uploads\/2015\/12\/Colour-Blending-6-130x130.jpg 130w\" sizes=\"(max-width: 130px) 100vw, 130px\" \/><\/a>\n\t\t\t<\/dt><\/dl><dl class='gallery-item'>\n\t\t\t<dt class='gallery-icon landscape'>\n\t\t\t\t<a data-rel=\"iLightbox[postimages]\" data-title=\"Colour-Blending-(2)\" data-caption=\"\" href='https:\/\/www.rekers.de\/wp-content\/uploads\/2015\/12\/Colour-Blending-2.jpg'><img decoding=\"async\" width=\"130\" height=\"130\" src=\"https:\/\/www.rekers.de\/wp-content\/uploads\/2015\/12\/Colour-Blending-2-130x130.jpg\" class=\"attachment-thumbnail size-thumbnail\" alt=\"\" srcset=\"https:\/\/www.rekers.de\/wp-content\/uploads\/2015\/12\/Colour-Blending-2-66x66.jpg 66w, https:\/\/www.rekers.de\/wp-content\/uploads\/2015\/12\/Colour-Blending-2-130x130.jpg 130w\" sizes=\"(max-width: 130px) 100vw, 130px\" \/><\/a>\n\t\t\t<\/dt><\/dl><br style=\"clear: both\" \/><dl class='gallery-item'>\n\t\t\t<dt class='gallery-icon landscape'>\n\t\t\t\t<a data-rel=\"iLightbox[postimages]\" data-title=\"Colour-Blending-(7)\" data-caption=\"\" href='https:\/\/www.rekers.de\/wp-content\/uploads\/2015\/12\/Colour-Blending-7.jpg'><img decoding=\"async\" width=\"130\" height=\"130\" src=\"https:\/\/www.rekers.de\/wp-content\/uploads\/2015\/12\/Colour-Blending-7-130x130.jpg\" class=\"attachment-thumbnail size-thumbnail\" alt=\"\" srcset=\"https:\/\/www.rekers.de\/wp-content\/uploads\/2015\/12\/Colour-Blending-7-66x66.jpg 66w, https:\/\/www.rekers.de\/wp-content\/uploads\/2015\/12\/Colour-Blending-7-130x130.jpg 130w\" sizes=\"(max-width: 130px) 100vw, 130px\" \/><\/a>\n\t\t\t<\/dt><\/dl><dl class='gallery-item'>\n\t\t\t<dt class='gallery-icon landscape'>\n\t\t\t\t<a data-rel=\"iLightbox[postimages]\" data-title=\"Colour-Blending-(8)\" data-caption=\"\" href='https:\/\/www.rekers.de\/wp-content\/uploads\/2015\/12\/Colour-Blending-8.jpg'><img decoding=\"async\" width=\"130\" height=\"130\" src=\"https:\/\/www.rekers.de\/wp-content\/uploads\/2015\/12\/Colour-Blending-8-130x130.jpg\" class=\"attachment-thumbnail size-thumbnail\" alt=\"\" srcset=\"https:\/\/www.rekers.de\/wp-content\/uploads\/2015\/12\/Colour-Blending-8-66x66.jpg 66w, https:\/\/www.rekers.de\/wp-content\/uploads\/2015\/12\/Colour-Blending-8-130x130.jpg 130w\" sizes=\"(max-width: 130px) 100vw, 130px\" \/><\/a>\n\t\t\t<\/dt><\/dl><dl class='gallery-item'>\n\t\t\t<dt class='gallery-icon landscape'>\n\t\t\t\t<a data-rel=\"iLightbox[postimages]\" data-title=\"Clour-Blending-Beispiele-(14)\" data-caption=\"\" href='https:\/\/www.rekers.de\/wp-content\/uploads\/2015\/12\/Clour-Blending-Beispiele-14.jpg'><img decoding=\"async\" width=\"130\" height=\"130\" src=\"https:\/\/www.rekers.de\/wp-content\/uploads\/2015\/12\/Clour-Blending-Beispiele-14-130x130.jpg\" class=\"attachment-thumbnail size-thumbnail\" alt=\"\" srcset=\"https:\/\/www.rekers.de\/wp-content\/uploads\/2015\/12\/Clour-Blending-Beispiele-14-66x66.jpg 66w, https:\/\/www.rekers.de\/wp-content\/uploads\/2015\/12\/Clour-Blending-Beispiele-14-130x130.jpg 130w\" sizes=\"(max-width: 130px) 100vw, 130px\" \/><\/a>\n\t\t\t<\/dt><\/dl><br style=\"clear: both\" \/><dl class='gallery-item'>\n\t\t\t<dt class='gallery-icon landscape'>\n\t\t\t\t<a data-rel=\"iLightbox[postimages]\" data-title=\"Clour-Blending-Beispiele-(13)\" data-caption=\"\" href='https:\/\/www.rekers.de\/wp-content\/uploads\/2015\/12\/Clour-Blending-Beispiele-13.jpg'><img decoding=\"async\" width=\"130\" height=\"130\" src=\"https:\/\/www.rekers.de\/wp-content\/uploads\/2015\/12\/Clour-Blending-Beispiele-13-130x130.jpg\" class=\"attachment-thumbnail size-thumbnail\" alt=\"\" srcset=\"https:\/\/www.rekers.de\/wp-content\/uploads\/2015\/12\/Clour-Blending-Beispiele-13-66x66.jpg 66w, https:\/\/www.rekers.de\/wp-content\/uploads\/2015\/12\/Clour-Blending-Beispiele-13-130x130.jpg 130w\" sizes=\"(max-width: 130px) 100vw, 130px\" \/><\/a>\n\t\t\t<\/dt><\/dl><dl class='gallery-item'>\n\t\t\t<dt class='gallery-icon landscape'>\n\t\t\t\t<a data-rel=\"iLightbox[postimages]\" data-title=\"Clour-Blending-Beispiele-(12)\" data-caption=\"\" href='https:\/\/www.rekers.de\/wp-content\/uploads\/2015\/12\/Clour-Blending-Beispiele-12.jpg'><img decoding=\"async\" width=\"130\" height=\"130\" src=\"https:\/\/www.rekers.de\/wp-content\/uploads\/2015\/12\/Clour-Blending-Beispiele-12-130x130.jpg\" class=\"attachment-thumbnail size-thumbnail\" alt=\"\" srcset=\"https:\/\/www.rekers.de\/wp-content\/uploads\/2015\/12\/Clour-Blending-Beispiele-12-66x66.jpg 66w, https:\/\/www.rekers.de\/wp-content\/uploads\/2015\/12\/Clour-Blending-Beispiele-12-130x130.jpg 130w\" sizes=\"(max-width: 130px) 100vw, 130px\" \/><\/a>\n\t\t\t<\/dt><\/dl><dl class='gallery-item'>\n\t\t\t<dt class='gallery-icon portrait'>\n\t\t\t\t<a data-rel=\"iLightbox[postimages]\" data-title=\"Clour-Blending-Beispiele-(11)\" data-caption=\"\" href='https:\/\/www.rekers.de\/wp-content\/uploads\/2015\/12\/Clour-Blending-Beispiele-11.jpg'><img decoding=\"async\" width=\"130\" height=\"130\" src=\"https:\/\/www.rekers.de\/wp-content\/uploads\/2015\/12\/Clour-Blending-Beispiele-11-130x130.jpg\" class=\"attachment-thumbnail size-thumbnail\" alt=\"\" srcset=\"https:\/\/www.rekers.de\/wp-content\/uploads\/2015\/12\/Clour-Blending-Beispiele-11-66x66.jpg 66w, https:\/\/www.rekers.de\/wp-content\/uploads\/2015\/12\/Clour-Blending-Beispiele-11-130x130.jpg 130w\" sizes=\"(max-width: 130px) 100vw, 130px\" \/><\/a>\n\t\t\t<\/dt><\/dl><br style=\"clear: both\" \/><dl class='gallery-item'>\n\t\t\t<dt class='gallery-icon landscape'>\n\t\t\t\t<a data-rel=\"iLightbox[postimages]\" data-title=\"Clour-Blending-Beispiele-(10)\" data-caption=\"\" href='https:\/\/www.rekers.de\/wp-content\/uploads\/2015\/12\/Clour-Blending-Beispiele-10.jpg'><img decoding=\"async\" width=\"130\" height=\"130\" src=\"https:\/\/www.rekers.de\/wp-content\/uploads\/2015\/12\/Clour-Blending-Beispiele-10-130x130.jpg\" class=\"attachment-thumbnail size-thumbnail\" alt=\"\" srcset=\"https:\/\/www.rekers.de\/wp-content\/uploads\/2015\/12\/Clour-Blending-Beispiele-10-66x66.jpg 66w, https:\/\/www.rekers.de\/wp-content\/uploads\/2015\/12\/Clour-Blending-Beispiele-10-130x130.jpg 130w\" sizes=\"(max-width: 130px) 100vw, 130px\" \/><\/a>\n\t\t\t<\/dt><\/dl><dl class='gallery-item'>\n\t\t\t<dt class='gallery-icon landscape'>\n\t\t\t\t<a data-rel=\"iLightbox[postimages]\" data-title=\"Clour-Blending-Beispiele-(9)\" data-caption=\"\" href='https:\/\/www.rekers.de\/wp-content\/uploads\/2015\/12\/Clour-Blending-Beispiele-9.jpg'><img decoding=\"async\" width=\"130\" height=\"130\" src=\"https:\/\/www.rekers.de\/wp-content\/uploads\/2015\/12\/Clour-Blending-Beispiele-9-130x130.jpg\" class=\"attachment-thumbnail size-thumbnail\" alt=\"\" srcset=\"https:\/\/www.rekers.de\/wp-content\/uploads\/2015\/12\/Clour-Blending-Beispiele-9-66x66.jpg 66w, https:\/\/www.rekers.de\/wp-content\/uploads\/2015\/12\/Clour-Blending-Beispiele-9-130x130.jpg 130w\" sizes=\"(max-width: 130px) 100vw, 130px\" \/><\/a>\n\t\t\t<\/dt><\/dl><dl class='gallery-item'>\n\t\t\t<dt class='gallery-icon landscape'>\n\t\t\t\t<a data-rel=\"iLightbox[postimages]\" data-title=\"Clour-Blending-Beispiele-(8)\" data-caption=\"\" href='https:\/\/www.rekers.de\/wp-content\/uploads\/2015\/12\/Clour-Blending-Beispiele-8.jpg'><img decoding=\"async\" width=\"130\" height=\"130\" src=\"https:\/\/www.rekers.de\/wp-content\/uploads\/2015\/12\/Clour-Blending-Beispiele-8-130x130.jpg\" class=\"attachment-thumbnail size-thumbnail\" alt=\"\" srcset=\"https:\/\/www.rekers.de\/wp-content\/uploads\/2015\/12\/Clour-Blending-Beispiele-8-66x66.jpg 66w, https:\/\/www.rekers.de\/wp-content\/uploads\/2015\/12\/Clour-Blending-Beispiele-8-130x130.jpg 130w\" sizes=\"(max-width: 130px) 100vw, 130px\" \/><\/a>\n\t\t\t<\/dt><\/dl><br style=\"clear: both\" \/><dl class='gallery-item'>\n\t\t\t<dt class='gallery-icon landscape'>\n\t\t\t\t<a data-rel=\"iLightbox[postimages]\" data-title=\"Clour-Blending-Beispiele-(7)\" data-caption=\"\" href='https:\/\/www.rekers.de\/wp-content\/uploads\/2015\/12\/Clour-Blending-Beispiele-7.jpg'><img decoding=\"async\" width=\"130\" height=\"130\" src=\"https:\/\/www.rekers.de\/wp-content\/uploads\/2015\/12\/Clour-Blending-Beispiele-7-130x130.jpg\" class=\"attachment-thumbnail size-thumbnail\" alt=\"\" srcset=\"https:\/\/www.rekers.de\/wp-content\/uploads\/2015\/12\/Clour-Blending-Beispiele-7-66x66.jpg 66w, https:\/\/www.rekers.de\/wp-content\/uploads\/2015\/12\/Clour-Blending-Beispiele-7-130x130.jpg 130w\" sizes=\"(max-width: 130px) 100vw, 130px\" \/><\/a>\n\t\t\t<\/dt><\/dl><dl class='gallery-item'>\n\t\t\t<dt class='gallery-icon landscape'>\n\t\t\t\t<a data-rel=\"iLightbox[postimages]\" data-title=\"Clour-Blending-Beispiele-(6)\" data-caption=\"\" href='https:\/\/www.rekers.de\/wp-content\/uploads\/2015\/12\/Clour-Blending-Beispiele-6.jpg'><img decoding=\"async\" width=\"130\" height=\"130\" src=\"https:\/\/www.rekers.de\/wp-content\/uploads\/2015\/12\/Clour-Blending-Beispiele-6-130x130.jpg\" class=\"attachment-thumbnail size-thumbnail\" alt=\"\" srcset=\"https:\/\/www.rekers.de\/wp-content\/uploads\/2015\/12\/Clour-Blending-Beispiele-6-66x66.jpg 66w, https:\/\/www.rekers.de\/wp-content\/uploads\/2015\/12\/Clour-Blending-Beispiele-6-130x130.jpg 130w\" sizes=\"(max-width: 130px) 100vw, 130px\" \/><\/a>\n\t\t\t<\/dt><\/dl><dl class='gallery-item'>\n\t\t\t<dt class='gallery-icon landscape'>\n\t\t\t\t<a data-rel=\"iLightbox[postimages]\" data-title=\"Clour-Blending-Beispiele-(5)\" data-caption=\"\" href='https:\/\/www.rekers.de\/wp-content\/uploads\/2015\/12\/Clour-Blending-Beispiele-5.jpg'><img decoding=\"async\" width=\"130\" height=\"130\" src=\"https:\/\/www.rekers.de\/wp-content\/uploads\/2015\/12\/Clour-Blending-Beispiele-5-130x130.jpg\" class=\"attachment-thumbnail size-thumbnail\" alt=\"\" srcset=\"https:\/\/www.rekers.de\/wp-content\/uploads\/2015\/12\/Clour-Blending-Beispiele-5-66x66.jpg 66w, https:\/\/www.rekers.de\/wp-content\/uploads\/2015\/12\/Clour-Blending-Beispiele-5-130x130.jpg 130w\" sizes=\"(max-width: 130px) 100vw, 130px\" \/><\/a>\n\t\t\t<\/dt><\/dl><br style=\"clear: both\" \/><dl class='gallery-item'>\n\t\t\t<dt class='gallery-icon landscape'>\n\t\t\t\t<a data-rel=\"iLightbox[postimages]\" data-title=\"Clour-Blending-Beispiele-(4)\" data-caption=\"\" href='https:\/\/www.rekers.de\/wp-content\/uploads\/2015\/12\/Clour-Blending-Beispiele-4.jpg'><img decoding=\"async\" width=\"130\" height=\"130\" src=\"https:\/\/www.rekers.de\/wp-content\/uploads\/2015\/12\/Clour-Blending-Beispiele-4-130x130.jpg\" class=\"attachment-thumbnail size-thumbnail\" alt=\"\" srcset=\"https:\/\/www.rekers.de\/wp-content\/uploads\/2015\/12\/Clour-Blending-Beispiele-4-66x66.jpg 66w, https:\/\/www.rekers.de\/wp-content\/uploads\/2015\/12\/Clour-Blending-Beispiele-4-130x130.jpg 130w\" sizes=\"(max-width: 130px) 100vw, 130px\" \/><\/a>\n\t\t\t<\/dt><\/dl><dl class='gallery-item'>\n\t\t\t<dt class='gallery-icon landscape'>\n\t\t\t\t<a data-rel=\"iLightbox[postimages]\" data-title=\"Clour-Blending-Beispiele-(3)\" data-caption=\"\" href='https:\/\/www.rekers.de\/wp-content\/uploads\/2015\/12\/Clour-Blending-Beispiele-3.jpg'><img decoding=\"async\" width=\"130\" height=\"130\" src=\"https:\/\/www.rekers.de\/wp-content\/uploads\/2015\/12\/Clour-Blending-Beispiele-3-130x130.jpg\" class=\"attachment-thumbnail size-thumbnail\" alt=\"\" srcset=\"https:\/\/www.rekers.de\/wp-content\/uploads\/2015\/12\/Clour-Blending-Beispiele-3-66x66.jpg 66w, https:\/\/www.rekers.de\/wp-content\/uploads\/2015\/12\/Clour-Blending-Beispiele-3-130x130.jpg 130w\" sizes=\"(max-width: 130px) 100vw, 130px\" \/><\/a>\n\t\t\t<\/dt><\/dl><dl class='gallery-item'>\n\t\t\t<dt class='gallery-icon landscape'>\n\t\t\t\t<a data-rel=\"iLightbox[postimages]\" data-title=\"Clour-Blending-Beispiele-(2)\" data-caption=\"\" href='https:\/\/www.rekers.de\/wp-content\/uploads\/2015\/12\/Clour-Blending-Beispiele-2.jpg'><img decoding=\"async\" width=\"130\" height=\"130\" src=\"https:\/\/www.rekers.de\/wp-content\/uploads\/2015\/12\/Clour-Blending-Beispiele-2-130x130.jpg\" class=\"attachment-thumbnail size-thumbnail\" alt=\"\" srcset=\"https:\/\/www.rekers.de\/wp-content\/uploads\/2015\/12\/Clour-Blending-Beispiele-2-66x66.jpg 66w, https:\/\/www.rekers.de\/wp-content\/uploads\/2015\/12\/Clour-Blending-Beispiele-2-130x130.jpg 130w\" sizes=\"(max-width: 130px) 100vw, 130px\" \/><\/a>\n\t\t\t<\/dt><\/dl><br style=\"clear: both\" \/><dl class='gallery-item'>\n\t\t\t<dt class='gallery-icon landscape'>\n\t\t\t\t<a data-rel=\"iLightbox[postimages]\" data-title=\"Clour-Blending-Beispiele-(1)\" data-caption=\"\" href='https:\/\/www.rekers.de\/wp-content\/uploads\/2015\/12\/Clour-Blending-Beispiele-1.jpg'><img decoding=\"async\" width=\"130\" height=\"130\" src=\"https:\/\/www.rekers.de\/wp-content\/uploads\/2015\/12\/Clour-Blending-Beispiele-1-130x130.jpg\" class=\"attachment-thumbnail size-thumbnail\" alt=\"\" srcset=\"https:\/\/www.rekers.de\/wp-content\/uploads\/2015\/12\/Clour-Blending-Beispiele-1-66x66.jpg 66w, https:\/\/www.rekers.de\/wp-content\/uploads\/2015\/12\/Clour-Blending-Beispiele-1-130x130.jpg 130w\" sizes=\"(max-width: 130px) 100vw, 130px\" \/><\/a>\n\t\t\t<\/dt><\/dl>\n\t\t\t<br style='clear: both' \/>\n\t\t<\/div>\n\n<\/div><\/div><\/div><div class=\"fusion-layout-column fusion_builder_column fusion-builder-column-1 fusion_builder_column_1_3 1_3 fusion-flex-column\" style=\"--awb-bg-size:cover;--awb-width-large:33.333333333333%;--awb-margin-top-large:0px;--awb-spacing-right-large:5.76%;--awb-margin-bottom-large:20px;--awb-spacing-left-large:5.76%;--awb-width-medium:100%;--awb-order-medium:0;--awb-spacing-right-medium:1.92%;--awb-spacing-left-medium:1.92%;--awb-width-small:100%;--awb-order-small:0;--awb-spacing-right-small:1.92%;--awb-spacing-left-small:1.92%;\"><div class=\"fusion-column-wrapper fusion-column-has-shadow fusion-flex-justify-content-flex-start fusion-content-layout-column\"><div class=\"fusion-image-element \" style=\"--awb-caption-title-font-family:var(--h2_typography-font-family);--awb-caption-title-font-weight:var(--h2_typography-font-weight);--awb-caption-title-font-style:var(--h2_typography-font-style);--awb-caption-title-size:var(--h2_typography-font-size);--awb-caption-title-transform:var(--h2_typography-text-transform);--awb-caption-title-line-height:var(--h2_typography-line-height);--awb-caption-title-letter-spacing:var(--h2_typography-letter-spacing);\"><span class=\" fusion-imageframe imageframe-none imageframe-1 hover-type-none\"><a class=\"fusion-no-lightbox\" href=\"https:\/\/www.rekers.de\/wp-content\/uploads\/2022-Colour-Blending-Systeme-DE-PL-2.pdf\" target=\"_self\" aria-label=\"teaser-DL-Prospekte\"><img decoding=\"async\" width=\"300\" height=\"210\" src=\"https:\/\/www.rekers.de\/wp-content\/uploads\/teaser-DL-Prospekte-1-300x210.jpg\" alt class=\"img-responsive wp-image-6996\" srcset=\"https:\/\/www.rekers.de\/wp-content\/uploads\/teaser-DL-Prospekte-1-200x140.jpg 200w, https:\/\/www.rekers.de\/wp-content\/uploads\/teaser-DL-Prospekte-1.jpg 300w\" sizes=\"(max-width: 1024px) 100vw, (max-width: 640px) 100vw, 300px\" \/><\/a><\/span><\/div><\/div><\/div><\/div><\/div>\n","protected":false},"excerpt":{"rendered":"","protected":false},"author":13,"featured_media":0,"parent":0,"menu_order":0,"comment_status":"closed","ping_status":"closed","template":"","meta":{"footnotes":""},"class_list":["post-23357","page","type-page","status-publish","hentry"],"aioseo_notices":[],"_links":{"self":[{"href":"https:\/\/www.rekers.de\/pl\/wp-json\/wp\/v2\/pages\/23357","targetHints":{"allow":["GET"]}}],"collection":[{"href":"https:\/\/www.rekers.de\/pl\/wp-json\/wp\/v2\/pages"}],"about":[{"href":"https:\/\/www.rekers.de\/pl\/wp-json\/wp\/v2\/types\/page"}],"author":[{"embeddable":true,"href":"https:\/\/www.rekers.de\/pl\/wp-json\/wp\/v2\/users\/13"}],"replies":[{"embeddable":true,"href":"https:\/\/www.rekers.de\/pl\/wp-json\/wp\/v2\/comments?post=23357"}],"version-history":[{"count":2,"href":"https:\/\/www.rekers.de\/pl\/wp-json\/wp\/v2\/pages\/23357\/revisions"}],"predecessor-version":[{"id":23359,"href":"https:\/\/www.rekers.de\/pl\/wp-json\/wp\/v2\/pages\/23357\/revisions\/23359"}],"wp:attachment":[{"href":"https:\/\/www.rekers.de\/pl\/wp-json\/wp\/v2\/media?parent=23357"}],"curies":[{"name":"wp","href":"https:\/\/api.w.org\/{rel}","templated":true}]}}